{"id":3998,"date":"2025-02-06T23:07:42","date_gmt":"2025-02-06T22:07:42","guid":{"rendered":"https:\/\/dfkr.eu\/le-journal-de-la-jeunesse-franco-germano-luxembourgeoise-extra\/"},"modified":"2025-06-01T12:35:47","modified_gmt":"2025-06-01T10:35:47","slug":"le-journal-de-la-jeunesse-franco-germano-luxembourgeoise-extra","status":"publish","type":"page","link":"https:\/\/dfkr.eu\/fr\/le-journal-de-la-jeunesse-franco-germano-luxembourgeoise-extra\/","title":{"rendered":"Le journal de la jeunesse franco-germano-luxembourgeoise EXTRA"},"content":{"rendered":"<!-- RS_MODULE_CODE_2.5.3-ml --><div id=\"readspeaker_button3998\" class=\"rs_skip rsbtn rs_preserve\"><a class=\"rsbtn_play\" title=\"Ecouter le texte avec ReadSpeaker\" href=\"https:\/\/app-eu.readspeaker.com\/cgi-bin\/rsent?customerid=14814&amp;lang=fr_fr&amp;readid=rspeak_read_3998&amp;url=https%3A%2F%2Fdfkr.eu%2Ffr%2Fwp-json%2Fwp%2Fv2%2Fpages%2F3998\"><span class=\"rsbtn_left rsimg rspart\"><span class=\"rsbtn_text\"><span>Ecouter<\/span><\/span><\/span><span class=\"rsbtn_right rsimg rsplay rspart\"><\/span><\/a><\/div><div id=\"rspeak_read_3998\"><!--themify_builder_content-->\n<div id=\"themify_builder_content-3998\" data-postid=\"3998\" class=\"themify_builder_content themify_builder_content-3998 themify_builder tf_clear\">\n                    <div  data-lazy=\"1\" class=\"module_row themify_builder_row tb_0ahu648 tb_first tf_w\">\n                        <div class=\"row_inner col_align_top tb_col_count_1 tf_box tf_rel\">\n                        <div  data-lazy=\"1\" class=\"module_column tb-column col-full tb_1iwz648 first\">\n                    <!-- module text -->\n<div  class=\"module module-text tb_g5rq938   \" data-lazy=\"1\">\n        <div  class=\"tb_text_wrap\">\n        <h1>Le journal de la jeunesse franco-germano-luxembourgeoise EXTRA<\/h1>    <\/div>\n<\/div>\n<!-- \/module text -->        <\/div>\n                        <\/div>\n        <\/div>\n                        <div  data-lazy=\"1\" class=\"module_row themify_builder_row tb_32y0965 tf_w\">\n                        <div class=\"row_inner col_align_top tb_col_count_2 tf_box tf_rel\">\n                        <div  data-lazy=\"1\" class=\"module_column tb-column col4-2 tb_vnn3029 first\">\n                    <!-- module text -->\n<div  class=\"module module-text tb_ugwv035   \" data-lazy=\"1\">\n        <div  class=\"tb_text_wrap\">\n        <p>Le journal trinational de la jeunesse EXTRA existe depuis 2004 et est un projet de la Fondation pour la coop\u00e9ration culturelle franco-allemande et du Haut Conseil culturel franco-allemand.<\/p>\n<p>Comment les jeunes vivent-ils d\u2019un c\u00f4t\u00e9 et de l\u2019autre de la fronti\u00e8re franco-allemande ? En quoi leurs habitudes de vie, leurs activit\u00e9s scolaires, leurs loisirs, et l\u2019int\u00e9r\u00eat qu\u2019ils portent \u00e0 la politique, \u00e0 la religion, \u00e0 la musique, \u00e0 la mode et au sport diff\u00e8rent-ils de ceux de leurs camarades du m\u00eame \u00e2ge de l\u2019autre c\u00f4t\u00e9 de la fronti\u00e8re ? Ou bien les diff\u00e9rences ne sont-elles peut-\u00eatre pas du tout si importantes ?  <\/p>\n<p>Ce sont entre autres \u00e0 ces questions que tentent de r\u00e9pondre les jeunes r\u00e9dacteurs et r\u00e9dactrices de la r\u00e9gion transfrontali\u00e8re Sarre \/Lorraine\/Luxembourg, \u00e2g\u00e9.e.s de 16 \u00e0 22 ans, lors de r\u00e9guli\u00e8res sessions \u00e9ditoriales encadr\u00e9es par une journaliste exp\u00e9riment\u00e9e. Le journal de la jeunesse EXTRA est publi\u00e9 quatre fois par an comme suppl\u00e9ment dans l\u2019\u00e9dition du week-end des trois grands quotidiens r\u00e9gionaux, le Saarbr\u00fccker Zeitung, Le R\u00e9publicain Lorrain et le Tageblatt. <\/p>\n<p>Vous trouverez plus d\u2019informations sur le site de la Fondation pour la coop\u00e9ration culturelle franco-allemande o\u00f9 vous pourrez \u00e9galement t\u00e9l\u00e9charger toutes les \u00e9ditions du journal EXTRA au format PDF.<\/p>    <\/div>\n<\/div>\n<!-- \/module text -->        <\/div>\n                    <div  data-lazy=\"1\" class=\"module_column tb-column col4-2 tb_f0az905 last\">\n                    <!-- module image -->\n<div  class=\"module module-image tb_m159588 image-top   tf_mw\" data-lazy=\"1\">\n        <div class=\"image-wrap tf_rel tf_mw\">\n            <img loading=\"lazy\" decoding=\"async\" width=\"1280\" height=\"720\" src=\"https:\/\/dfkr.eu\/wp-content\/uploads\/2025\/02\/xtra-jugendmagazin.jpg\" class=\"wp-post-image wp-image-3394\" title=\"Logo Le journal de la jeunesse franco-germano-luxembourgeoise EXTRA\" alt=\"Logo Le journal de la jeunesse franco-germano-luxembourgeoise EXTRA\" srcset=\"https:\/\/dfkr.eu\/wp-content\/uploads\/2025\/02\/xtra-jugendmagazin.jpg 1280w, https:\/\/dfkr.eu\/wp-content\/uploads\/2025\/02\/xtra-jugendmagazin-300x169.jpg 300w, https:\/\/dfkr.eu\/wp-content\/uploads\/2025\/02\/xtra-jugendmagazin-1024x576.jpg 1024w, https:\/\/dfkr.eu\/wp-content\/uploads\/2025\/02\/xtra-jugendmagazin-768x432.jpg 768w\" sizes=\"auto, (max-width: 1280px) 100vw, 1280px\" \/>    \n        <\/div>\n    <!-- \/image-wrap -->\n    \n        <\/div>\n<!-- \/module image -->        <\/div>\n                        <\/div>\n        <\/div>\n                        <div  data-lazy=\"1\" class=\"module_row themify_builder_row tb_y4k6327 tf_w\">\n                        <div class=\"row_inner col_align_top tb_col_count_1 tf_box tf_rel\">\n                        <div  data-lazy=\"1\" class=\"module_column tb-column col-full tb_knto327 first\">\n                    <!-- module buttons -->\n<div  class=\"module module-buttons tb_pu72327 buttons-horizontal outline   rounded\" data-lazy=\"1\">\n        <div class=\"module-buttons-item tf_in_flx\">\n                        <a href=\"https:\/\/www.stiftung-dfkultur.org\/index.php?id=167&#038;L=564\" class=\"ui builder_button tf_in_flx red\" target=\"_blank\" rel=\"noopener\">\n                                    <em><svg  class=\"tf_fa tf-ti-arrow-top-right\" xmlns:xlink=\"http:\/\/www.w3.org\/1999\/xlink\" aria-hidden=\"true\"><use href=\"#tf-ti-arrow-top-right\" xlink:href=\"#tf-ti-arrow-top-right\"><\/use><\/svg><\/em>                                        Lien vers la page d'accueil                                        <\/a>\n                <\/div>\n            <\/div>\n<!-- \/module buttons -->\n        <\/div>\n                        <\/div>\n        <\/div>\n        <\/div>\n<!--\/themify_builder_content-->\n<\/div>","protected":false},"excerpt":{"rendered":"<p><!-- RS_MODULE_CODE_2.5.3-ml --><\/p>\n<div id=\"readspeaker_button3998\" class=\"rs_skip rsbtn rs_preserve\"><a class=\"rsbtn_play\" title=\"Ecouter le texte avec ReadSpeaker\" href=\"https:\/\/app-eu.readspeaker.com\/cgi-bin\/rsent?customerid=14814&amp;lang=fr_fr&amp;readid=rspeak_read_3998&amp;url=https%3A%2F%2Fdfkr.eu%2Ffr%2Fwp-json%2Fwp%2Fv2%2Fpages%2F3998\"><span class=\"rsbtn_left rsimg rspart\"><span class=\"rsbtn_text\"><span>Ecouter<\/span><\/span><\/span><span class=\"rsbtn_right rsimg rsplay rspart\"><\/span><\/a><\/div>\n<div id=\"rspeak_read_3998\"> Le journal de la jeunesse franco-germano-luxembourgeoise EXTRA Le journal trinational de la jeunesse EXTRA existe depuis 2004 et est un projet de la Fondation pour la coop\u00e9ration culturelle franco-allemande et du Haut Conseil culturel franco-allemand. Comment les jeunes vivent-ils d\u2019un c\u00f4t\u00e9 et de l\u2019autre de la fronti\u00e8re franco-allemande ? En quoi leurs habitudes de [&hellip;]<\/div>\n","protected":false},"author":1,"featured_media":0,"parent":0,"menu_order":0,"comment_status":"closed","ping_status":"closed","template":"","meta":{"footnotes":""},"class_list":["post-3998","page","type-page","status-publish","hentry","has-post-title","has-post-date","has-post-category","has-post-tag","has-post-comment","has-post-author",""],"builder_content":"<h1>Le journal de la jeunesse franco-germano-luxembourgeoise EXTRA<\/h1>\n<p>Le journal trinational de la jeunesse EXTRA existe depuis 2004 et est un projet de la Fondation pour la coop\u00e9ration culturelle franco-allemande et du Haut Conseil culturel franco-allemand.<\/p> <p>Comment les jeunes vivent-ils d\u2019un c\u00f4t\u00e9 et de l\u2019autre de la fronti\u00e8re franco-allemande ? En quoi leurs habitudes de vie, leurs activit\u00e9s scolaires, leurs loisirs, et l\u2019int\u00e9r\u00eat qu\u2019ils portent \u00e0 la politique, \u00e0 la religion, \u00e0 la musique, \u00e0 la mode et au sport diff\u00e8rent-ils de ceux de leurs camarades du m\u00eame \u00e2ge de l\u2019autre c\u00f4t\u00e9 de la fronti\u00e8re ? Ou bien les diff\u00e9rences ne sont-elles peut-\u00eatre pas du tout si importantes ? <\/p> <p>Ce sont entre autres \u00e0 ces questions que tentent de r\u00e9pondre les jeunes r\u00e9dacteurs et r\u00e9dactrices de la r\u00e9gion transfrontali\u00e8re Sarre \/Lorraine\/Luxembourg, \u00e2g\u00e9.e.s de 16 \u00e0 22 ans, lors de r\u00e9guli\u00e8res sessions \u00e9ditoriales encadr\u00e9es par une journaliste exp\u00e9riment\u00e9e. Le journal de la jeunesse EXTRA est publi\u00e9 quatre fois par an comme suppl\u00e9ment dans l\u2019\u00e9dition du week-end des trois grands quotidiens r\u00e9gionaux, le Saarbr\u00fccker Zeitung, Le R\u00e9publicain Lorrain et le Tageblatt. <\/p> <p>Vous trouverez plus d\u2019informations sur le site de la Fondation pour la coop\u00e9ration culturelle franco-allemande o\u00f9 vous pourrez \u00e9galement t\u00e9l\u00e9charger toutes les \u00e9ditions du journal EXTRA au format PDF.<\/p>\n<img src=\"https:\/\/dfkr.eu\/wp-content\/uploads\/2025\/02\/xtra-jugendmagazin.jpg\" title=\"Logo Le journal de la jeunesse franco-germano-luxembourgeoise EXTRA\" alt=\"Logo Le journal de la jeunesse franco-germano-luxembourgeoise EXTRA\" srcset=\"https:\/\/dfkr.eu\/wp-content\/uploads\/2025\/02\/xtra-jugendmagazin.jpg 1280w, https:\/\/dfkr.eu\/wp-content\/uploads\/2025\/02\/xtra-jugendmagazin-300x169.jpg 300w, https:\/\/dfkr.eu\/wp-content\/uploads\/2025\/02\/xtra-jugendmagazin-1024x576.jpg 1024w, https:\/\/dfkr.eu\/wp-content\/uploads\/2025\/02\/xtra-jugendmagazin-768x432.jpg 768w\" sizes=\"(max-width: 1280px) 100vw, 1280px\" \/>\n<a href=\"https:\/\/www.stiftung-dfkultur.org\/index.php?id=167&#038;L=564\" target=\"_blank\" rel=\"noopener\"> <em><svg xmlns:xlink=\"http:\/\/www.w3.org\/1999\/xlink\" aria-hidden=\"true\"><use href=\"#tf-ti-arrow-top-right\" xlink:href=\"#tf-ti-arrow-top-right\"><\/use><\/svg><\/em> Lien vers la page d'accueil <\/a>","_links":{"self":[{"href":"https:\/\/dfkr.eu\/fr\/wp-json\/wp\/v2\/pages\/3998","targetHints":{"allow":["GET"]}}],"collection":[{"href":"https:\/\/dfkr.eu\/fr\/wp-json\/wp\/v2\/pages"}],"about":[{"href":"https:\/\/dfkr.eu\/fr\/wp-json\/wp\/v2\/types\/page"}],"author":[{"embeddable":true,"href":"https:\/\/dfkr.eu\/fr\/wp-json\/wp\/v2\/users\/1"}],"replies":[{"embeddable":true,"href":"https:\/\/dfkr.eu\/fr\/wp-json\/wp\/v2\/comments?post=3998"}],"version-history":[{"count":1,"href":"https:\/\/dfkr.eu\/fr\/wp-json\/wp\/v2\/pages\/3998\/revisions"}],"predecessor-version":[{"id":3999,"href":"https:\/\/dfkr.eu\/fr\/wp-json\/wp\/v2\/pages\/3998\/revisions\/3999"}],"wp:attachment":[{"href":"https:\/\/dfkr.eu\/fr\/wp-json\/wp\/v2\/media?parent=3998"}],"curies":[{"name":"wp","href":"https:\/\/api.w.org\/{rel}","templated":true}]}}