{"id":3996,"date":"2025-02-06T23:07:10","date_gmt":"2025-02-06T22:07:10","guid":{"rendered":"https:\/\/dfkr.eu\/prix-franco-allemand-du-journalisme\/"},"modified":"2025-07-07T11:36:25","modified_gmt":"2025-07-07T09:36:25","slug":"prix-franco-allemand-du-journalisme","status":"publish","type":"page","link":"https:\/\/dfkr.eu\/fr\/prix-franco-allemand-du-journalisme\/","title":{"rendered":"Prix Franco-Allemand du Journalisme"},"content":{"rendered":"<!-- RS_MODULE_CODE_2.5.3-ml --><div id=\"readspeaker_button3996\" class=\"rs_skip rsbtn rs_preserve\"><a class=\"rsbtn_play\" title=\"Ecouter le texte avec ReadSpeaker\" href=\"https:\/\/app-eu.readspeaker.com\/cgi-bin\/rsent?customerid=14814&amp;lang=fr_fr&amp;readid=rspeak_read_3996&amp;url=https%3A%2F%2Fdfkr.eu%2Ffr%2Fwp-json%2Fwp%2Fv2%2Fpages%2F3996\"><span class=\"rsbtn_left rsimg rspart\"><span class=\"rsbtn_text\"><span>Ecouter<\/span><\/span><\/span><span class=\"rsbtn_right rsimg rsplay rspart\"><\/span><\/a><\/div><div id=\"rspeak_read_3996\"><!--themify_builder_content-->\n<div id=\"themify_builder_content-3996\" data-postid=\"3996\" class=\"themify_builder_content themify_builder_content-3996 themify_builder tf_clear\">\n                    <div  data-lazy=\"1\" class=\"module_row themify_builder_row tb_l8xn896 tb_first tf_w\">\n                        <div class=\"row_inner col_align_top tb_col_count_1 tf_box tf_rel\">\n                        <div  data-lazy=\"1\" class=\"module_column tb-column col-full tb_65d1896 first\">\n                    <!-- module text -->\n<div  class=\"module module-text tb_pjxb171   \" data-lazy=\"1\">\n        <div  class=\"tb_text_wrap\">\n        <h1>Prix Franco-Allemand du Journalisme<\/h1>    <\/div>\n<\/div>\n<!-- \/module text -->        <\/div>\n                        <\/div>\n        <\/div>\n                        <div  data-lazy=\"1\" class=\"module_row themify_builder_row tb_lc50700 tf_w\">\n                        <div class=\"row_inner col_align_top tb_col_count_2 tf_box tf_rel\">\n                        <div  data-lazy=\"1\" class=\"module_column tb-column col4-2 tb_eu0s009 first\">\n                    <!-- module text -->\n<div  class=\"module module-text tb_5nrz098   \" data-lazy=\"1\">\n        <div  class=\"tb_text_wrap\">\n        <p>Le Prix Franco-Allemand du Journalisme (PFAJ) r\u00e9compense depuis 1983 des auteurs\u00b7trices ou des r\u00e9dactions, qui contribuent chaque ann\u00e9e par leurs reportages \u00e0 une meilleure compr\u00e9hension des relations franco-allemandes et europ\u00e9ennes.<\/p>\n<p><strong>\u00c0 partir de 2022, il est d\u00e9cern\u00e9 dans les cat\u00e9gories<\/strong><\/p>\n<ul>\n<li>Actualit\u00e9s<\/li>\n<li>Documentaire<\/li>\n<li>Investigation<\/li>\n<li>prix Sp\u00e9cial<\/li>\n<\/ul>\n<p>et <strong>prix Jeunes Talents<\/strong> tous m\u00e9dias confondus. Outre les distinctions journalistiques, le Grand Prix Franco-Allemand des M\u00e9dias est \u00e9galement remis \u00e0 une personnalit\u00e9 ou \u00e0 une organisation qui s\u2019est particuli\u00e8rement distingu\u00e9e en mati\u00e8re d\u2019unit\u00e9 franco-allemande et europ\u00e9enne.   <\/p>\n<p>Quelle: https:\/\/dfjp.eu\/<\/p>    <\/div>\n<\/div>\n<!-- \/module text -->        <\/div>\n                    <div  data-lazy=\"1\" class=\"module_column tb-column col4-2 tb_n40k476 last\">\n                    <!-- module image -->\n<div  class=\"module module-image tb_ndpj575 image-top   tf_mw\" data-lazy=\"1\">\n        <div class=\"image-wrap tf_rel tf_mw\">\n            <img loading=\"lazy\" decoding=\"async\" width=\"699\" height=\"310\" src=\"https:\/\/dfkr.eu\/wp-content\/uploads\/2025\/02\/DJFP25_Logo-schwarz-quer_CMYK.jpg\" class=\"wp-post-image wp-image-3397\" title=\"Logo Prix Franco-Allemand du Journalisme\" alt=\"Logo Prix Franco-Allemand du Journalisme\" srcset=\"https:\/\/dfkr.eu\/wp-content\/uploads\/2025\/02\/DJFP25_Logo-schwarz-quer_CMYK.jpg 699w, https:\/\/dfkr.eu\/wp-content\/uploads\/2025\/02\/DJFP25_Logo-schwarz-quer_CMYK-300x133.jpg 300w\" sizes=\"auto, (max-width: 699px) 100vw, 699px\" \/>    \n        <\/div>\n    <!-- \/image-wrap -->\n    \n        <\/div>\n<!-- \/module image -->        <\/div>\n                        <\/div>\n        <\/div>\n                        <div  data-lazy=\"1\" class=\"module_row themify_builder_row tb_g0sr543 tf_w\">\n                        <div class=\"row_inner col_align_top tb_col_count_1 tf_box tf_rel\">\n                        <div  data-lazy=\"1\" class=\"module_column tb-column col-full tb_db86543 first\">\n                    <!-- module buttons -->\n<div  class=\"module module-buttons tb_o5ft543 buttons-horizontal outline   rounded\" data-lazy=\"1\">\n        <div class=\"module-buttons-item tf_in_flx\">\n                        <a href=\"https:\/\/dfjp.eu\/\" class=\"ui builder_button tf_in_flx red\" target=\"_blank\" rel=\"noopener\">\n                                    <em><svg  class=\"tf_fa tf-ti-arrow-top-right\" xmlns:xlink=\"http:\/\/www.w3.org\/1999\/xlink\" aria-hidden=\"true\"><use href=\"#tf-ti-arrow-top-right\" xlink:href=\"#tf-ti-arrow-top-right\"><\/use><\/svg><\/em>                                        Lien vers la page d'accueil                                        <\/a>\n                <\/div>\n            <\/div>\n<!-- \/module buttons -->\n        <\/div>\n                        <\/div>\n        <\/div>\n        <\/div>\n<!--\/themify_builder_content-->\n<\/div>","protected":false},"excerpt":{"rendered":"<p><!-- RS_MODULE_CODE_2.5.3-ml --><\/p>\n<div id=\"readspeaker_button3996\" class=\"rs_skip rsbtn rs_preserve\"><a class=\"rsbtn_play\" title=\"Ecouter le texte avec ReadSpeaker\" href=\"https:\/\/app-eu.readspeaker.com\/cgi-bin\/rsent?customerid=14814&amp;lang=fr_fr&amp;readid=rspeak_read_3996&amp;url=https%3A%2F%2Fdfkr.eu%2Ffr%2Fwp-json%2Fwp%2Fv2%2Fpages%2F3996\"><span class=\"rsbtn_left rsimg rspart\"><span class=\"rsbtn_text\"><span>Ecouter<\/span><\/span><\/span><span class=\"rsbtn_right rsimg rsplay rspart\"><\/span><\/a><\/div>\n<div id=\"rspeak_read_3996\"> Prix Franco-Allemand du Journalisme Le Prix Franco-Allemand du Journalisme (PFAJ) r\u00e9compense depuis 1983 des auteurs\u00b7trices ou des r\u00e9dactions, qui contribuent chaque ann\u00e9e par leurs reportages \u00e0 une meilleure compr\u00e9hension des relations franco-allemandes et europ\u00e9ennes. \u00c0 partir de 2022, il est d\u00e9cern\u00e9 dans les cat\u00e9gories Actualit\u00e9s Documentaire Investigation prix Sp\u00e9cial et prix Jeunes Talents tous [&hellip;]<\/div>\n","protected":false},"author":1,"featured_media":0,"parent":0,"menu_order":0,"comment_status":"closed","ping_status":"closed","template":"","meta":{"footnotes":""},"class_list":["post-3996","page","type-page","status-publish","hentry","has-post-title","has-post-date","has-post-category","has-post-tag","has-post-comment","has-post-author",""],"builder_content":"<h1>Prix Franco-Allemand du Journalisme<\/h1>\n<p>Le Prix Franco-Allemand du Journalisme (PFAJ) r\u00e9compense depuis 1983 des auteurs\u00b7trices ou des r\u00e9dactions, qui contribuent chaque ann\u00e9e par leurs reportages \u00e0 une meilleure compr\u00e9hension des relations franco-allemandes et europ\u00e9ennes.<\/p> <p><strong>\u00c0 partir de 2022, il est d\u00e9cern\u00e9 dans les cat\u00e9gories<\/strong><\/p> <ul> <li>Actualit\u00e9s<\/li> <li>Documentaire<\/li> <li>Investigation<\/li> <li>prix Sp\u00e9cial<\/li> <\/ul> <p>et <strong>prix Jeunes Talents<\/strong> tous m\u00e9dias confondus. Outre les distinctions journalistiques, le Grand Prix Franco-Allemand des M\u00e9dias est \u00e9galement remis \u00e0 une personnalit\u00e9 ou \u00e0 une organisation qui s\u2019est particuli\u00e8rement distingu\u00e9e en mati\u00e8re d\u2019unit\u00e9 franco-allemande et europ\u00e9enne. <\/p> <p>Quelle: https:\/\/dfjp.eu\/<\/p>\n<img src=\"https:\/\/dfkr.eu\/wp-content\/uploads\/2025\/02\/DJFP25_Logo-schwarz-quer_CMYK.jpg\" title=\"Logo Prix Franco-Allemand du Journalisme\" alt=\"Logo Prix Franco-Allemand du Journalisme\" srcset=\"https:\/\/dfkr.eu\/wp-content\/uploads\/2025\/02\/DJFP25_Logo-schwarz-quer_CMYK.jpg 699w, https:\/\/dfkr.eu\/wp-content\/uploads\/2025\/02\/DJFP25_Logo-schwarz-quer_CMYK-300x133.jpg 300w\" sizes=\"(max-width: 699px) 100vw, 699px\" \/>\n<a href=\"https:\/\/dfjp.eu\/\" target=\"_blank\" rel=\"noopener\"> <em><svg xmlns:xlink=\"http:\/\/www.w3.org\/1999\/xlink\" aria-hidden=\"true\"><use href=\"#tf-ti-arrow-top-right\" xlink:href=\"#tf-ti-arrow-top-right\"><\/use><\/svg><\/em> Lien vers la page d'accueil <\/a>","_links":{"self":[{"href":"https:\/\/dfkr.eu\/fr\/wp-json\/wp\/v2\/pages\/3996","targetHints":{"allow":["GET"]}}],"collection":[{"href":"https:\/\/dfkr.eu\/fr\/wp-json\/wp\/v2\/pages"}],"about":[{"href":"https:\/\/dfkr.eu\/fr\/wp-json\/wp\/v2\/types\/page"}],"author":[{"embeddable":true,"href":"https:\/\/dfkr.eu\/fr\/wp-json\/wp\/v2\/users\/1"}],"replies":[{"embeddable":true,"href":"https:\/\/dfkr.eu\/fr\/wp-json\/wp\/v2\/comments?post=3996"}],"version-history":[{"count":3,"href":"https:\/\/dfkr.eu\/fr\/wp-json\/wp\/v2\/pages\/3996\/revisions"}],"predecessor-version":[{"id":4082,"href":"https:\/\/dfkr.eu\/fr\/wp-json\/wp\/v2\/pages\/3996\/revisions\/4082"}],"wp:attachment":[{"href":"https:\/\/dfkr.eu\/fr\/wp-json\/wp\/v2\/media?parent=3996"}],"curies":[{"name":"wp","href":"https:\/\/api.w.org\/{rel}","templated":true}]}}