{"id":3994,"date":"2025-02-06T23:05:46","date_gmt":"2025-02-06T22:05:46","guid":{"rendered":"https:\/\/dfkr.eu\/le-prix-franco-allemand-de-litterature-de-jeunesse\/"},"modified":"2025-07-11T11:12:04","modified_gmt":"2025-07-11T09:12:04","slug":"le-prix-franco-allemand-de-litterature-de-jeunesse","status":"publish","type":"page","link":"https:\/\/dfkr.eu\/fr\/le-prix-franco-allemand-de-litterature-de-jeunesse\/","title":{"rendered":"Le Prix franco-allemand de litt\u00e9rature de jeunesse"},"content":{"rendered":"<!-- RS_MODULE_CODE_2.5.3-ml --><div id=\"readspeaker_button3994\" class=\"rs_skip rsbtn rs_preserve\"><a class=\"rsbtn_play\" title=\"Ecouter le texte avec ReadSpeaker\" href=\"https:\/\/app-eu.readspeaker.com\/cgi-bin\/rsent?customerid=14814&amp;lang=fr_fr&amp;readid=rspeak_read_3994&amp;url=https%3A%2F%2Fdfkr.eu%2Ffr%2Fwp-json%2Fwp%2Fv2%2Fpages%2F3994\"><span class=\"rsbtn_left rsimg rspart\"><span class=\"rsbtn_text\"><span>Ecouter<\/span><\/span><\/span><span class=\"rsbtn_right rsimg rsplay rspart\"><\/span><\/a><\/div><div id=\"rspeak_read_3994\"><!--themify_builder_content-->\n<div id=\"themify_builder_content-3994\" data-postid=\"3994\" class=\"themify_builder_content themify_builder_content-3994 themify_builder tf_clear\">\n                    <div  data-lazy=\"1\" class=\"module_row themify_builder_row tb_s3zt373 tb_first tf_w\">\n                        <div class=\"row_inner col_align_top tb_col_count_1 tf_box tf_rel\">\n                        <div  data-lazy=\"1\" class=\"module_column tb-column col-full tb_fkpz374 first\">\n                    <!-- module text -->\n<div  class=\"module module-text tb_laus756   \" data-lazy=\"1\">\n        <div  class=\"tb_text_wrap\">\n        <h1>Le Prix franco-allemand de litt\u00e9rature de jeunesse<\/h1>    <\/div>\n<\/div>\n<!-- \/module text -->        <\/div>\n                        <\/div>\n        <\/div>\n                        <div  data-lazy=\"1\" class=\"module_row themify_builder_row tb_lo0a011 tf_w\">\n                        <div class=\"row_inner col_align_top tb_col_count_2 tf_box tf_rel\">\n                        <div  data-lazy=\"1\" class=\"module_column tb-column col4-2 tb_765c300 first\">\n                    <!-- module text -->\n<div  class=\"module module-text tb_wr06454   \" data-lazy=\"1\">\n        <div  class=\"tb_text_wrap\">\n        <h2>Ponts litt\u00e9raires entre deux cultures<\/h2>\n<p>Le Prix franco-allemand pour la litt\u00e9rature de jeunesse est un prix visant \u00e0 mettre en avant la litt\u00e9rature de jeunesse contemporaine de France et d\u2019Allemagne, en encourageant le dialogue litt\u00e9raire entre les deux pays. <\/p>\n<p>Cette r\u00e9compense doit permettre d\u2019attirer l\u2019attention des maisons d&rsquo;\u00e9dition fran\u00e7aises et allemandes sur des \u0153uvres remarquables et non traduites de la litt\u00e9rature pour enfants et adolescents du pays voisin. Le but est de rendre ces maisons d&rsquo;\u00e9dition curieuses de r\u00e9cits graves, divertissants, captivants et entra\u00eenant une r\u00e9flexion sur la r\u00e9alit\u00e9 de la vie telle qu\u2019elle est mise en sc\u00e8ne \u00e0 travers les jeunes protagonistes de ces histoires. Ainsi, les textes de litt\u00e9rature de jeunesse cr\u00e9ent des ponts entre la France et l\u2019Allemagne et au sein-m\u00eame des deux pays, tout en permettant une lecture qui va au-del\u00e0 du simple caract\u00e8re \u00e9tranger d\u2019un texte.  <\/p>    <\/div>\n<\/div>\n<!-- \/module text --><!-- module text -->\n<div  class=\"module module-text tb_d5a9607   \" data-lazy=\"1\">\n        <div  class=\"tb_text_wrap\">\n        <p><em>Le Prix franco-allemand pour la litt\u00e9rature de jeunesse constitue donc \u00e0 la fois un pont litt\u00e9raire et un outil afin de promouvoir l\u2019entente, la compr\u00e9hension et la connaissance entre les deux cultures. En ce sens, les laur\u00e9ats et laur\u00e9ates du Prix franco-allemand ont une mission particuli\u00e8rement importante : ce sont des ambassadeurs et des ambassadrices litt\u00e9raires entre la France et l\u2019Allemagne.  <\/em><\/p>    <\/div>\n<\/div>\n<!-- \/module text --><!-- module text -->\n<div  class=\"module module-text tb_kaqk589   \" data-lazy=\"1\">\n        <div  class=\"tb_text_wrap\">\n        <p>Le Prix a \u00e9t\u00e9 cr\u00e9\u00e9 en 2013 par la fondatrice du Salon Europ\u00e9en du Livre de Jeunesse, <strong>Yvonne Rech<\/strong>, et il est d\u00e9cern\u00e9 depuis en \u00e9troite collaboration avec la Fondation pour la coop\u00e9ration culturelle franco-allemande. Le Prix est attribu\u00e9 \u00e0 un\u00b7e auteur\u00b7e allemand\u00b7e et \u00e0 un\u00b7e auteur\u00b7e fran\u00e7ais\u00b7e de livres pour la jeunesse. Les deux laur\u00e9at\u00b7es (fran\u00e7ais\u00b7e et allemand\u00b7e) re\u00e7oivent une r\u00e9compense de 6.000\u20ac chacun. De plus, 2.000\u20ac sont mis \u00e0 disposition pour la traduction des deux \u0153uvres choisies.   <\/p>\n<p>Les responsables de ce projet sont le Salon Europ\u00e9en du Livre de Jeunesse et la Fondation pour la coop\u00e9ration culturelle franco-allemande.<\/p>\n<p>Quelle: https:\/\/www.df-jugendliteraturpreis.eu\/<\/p>    <\/div>\n<\/div>\n<!-- \/module text -->        <\/div>\n                    <div  data-lazy=\"1\" class=\"module_column tb-column col4-2 tb_u4ej438 last\">\n                    <!-- module image -->\n<div  class=\"module module-image tb_028d287 image-top   tf_mw\" data-lazy=\"1\">\n        <div class=\"image-wrap tf_rel tf_mw\">\n            <img loading=\"lazy\" decoding=\"async\" width=\"1004\" height=\"650\" src=\"https:\/\/dfkr.eu\/wp-content\/uploads\/2025\/02\/logo_jugendliteraturpreisquerformat.jpg\" class=\"wp-post-image wp-image-3367\" title=\"Le Prix franco-allemand de litt\u00e9rature de jeunesse\" alt=\"Le Prix franco-allemand de litt\u00e9rature de jeunesse\" srcset=\"https:\/\/dfkr.eu\/wp-content\/uploads\/2025\/02\/logo_jugendliteraturpreisquerformat.jpg 1004w, https:\/\/dfkr.eu\/wp-content\/uploads\/2025\/02\/logo_jugendliteraturpreisquerformat-300x194.jpg 300w, https:\/\/dfkr.eu\/wp-content\/uploads\/2025\/02\/logo_jugendliteraturpreisquerformat-768x497.jpg 768w, https:\/\/dfkr.eu\/wp-content\/uploads\/2025\/02\/logo_jugendliteraturpreisquerformat-309x200.jpg 309w\" sizes=\"auto, (max-width: 1004px) 100vw, 1004px\" \/>    \n        <\/div>\n    <!-- \/image-wrap -->\n    \n        <\/div>\n<!-- \/module image -->        <\/div>\n                        <\/div>\n        <\/div>\n                        <div  data-lazy=\"1\" class=\"module_row themify_builder_row tb_n30q13 tf_w\">\n                        <div class=\"row_inner col_align_top tb_col_count_1 tf_box tf_rel\">\n                        <div  data-lazy=\"1\" class=\"module_column tb-column col-full tb_diu813 first\">\n                    <!-- module buttons -->\n<div  class=\"module module-buttons tb_ike813 buttons-horizontal outline   rounded\" data-lazy=\"1\">\n        <div class=\"module-buttons-item tf_in_flx\">\n                        <a href=\"https:\/\/www.df-jugendliteraturpreis.eu\/\" class=\"ui builder_button tf_in_flx red\" target=\"_blank\" rel=\"noopener\">\n                                    <em><svg  class=\"tf_fa tf-ti-arrow-top-right\" xmlns:xlink=\"http:\/\/www.w3.org\/1999\/xlink\" aria-hidden=\"true\"><use href=\"#tf-ti-arrow-top-right\" xlink:href=\"#tf-ti-arrow-top-right\"><\/use><\/svg><\/em>                                        Lien vers la page d'accueil                                        <\/a>\n                <\/div>\n            <\/div>\n<!-- \/module buttons -->\n        <\/div>\n                        <\/div>\n        <\/div>\n        <\/div>\n<!--\/themify_builder_content-->\n<\/div>","protected":false},"excerpt":{"rendered":"<p><!-- RS_MODULE_CODE_2.5.3-ml --><\/p>\n<div id=\"readspeaker_button3994\" class=\"rs_skip rsbtn rs_preserve\"><a class=\"rsbtn_play\" title=\"Ecouter le texte avec ReadSpeaker\" href=\"https:\/\/app-eu.readspeaker.com\/cgi-bin\/rsent?customerid=14814&amp;lang=fr_fr&amp;readid=rspeak_read_3994&amp;url=https%3A%2F%2Fdfkr.eu%2Ffr%2Fwp-json%2Fwp%2Fv2%2Fpages%2F3994\"><span class=\"rsbtn_left rsimg rspart\"><span class=\"rsbtn_text\"><span>Ecouter<\/span><\/span><\/span><span class=\"rsbtn_right rsimg rsplay rspart\"><\/span><\/a><\/div>\n<div id=\"rspeak_read_3994\"> Le Prix franco-allemand de litt\u00e9rature de jeunesse Ponts litt\u00e9raires entre deux cultures Le Prix franco-allemand pour la litt\u00e9rature de jeunesse est un prix visant \u00e0 mettre en avant la litt\u00e9rature de jeunesse contemporaine de France et d\u2019Allemagne, en encourageant le dialogue litt\u00e9raire entre les deux pays. Cette r\u00e9compense doit permettre d\u2019attirer l\u2019attention des maisons [&hellip;]<\/div>\n","protected":false},"author":1,"featured_media":0,"parent":0,"menu_order":0,"comment_status":"closed","ping_status":"closed","template":"","meta":{"footnotes":""},"class_list":["post-3994","page","type-page","status-publish","hentry","has-post-title","has-post-date","has-post-category","has-post-tag","has-post-comment","has-post-author",""],"builder_content":"<h1>Le Prix franco-allemand de litt\u00e9rature de jeunesse<\/h1>\n<h2>Ponts litt\u00e9raires entre deux cultures<\/h2> <p>Le Prix franco-allemand pour la litt\u00e9rature de jeunesse est un prix visant \u00e0 mettre en avant la litt\u00e9rature de jeunesse contemporaine de France et d\u2019Allemagne, en encourageant le dialogue litt\u00e9raire entre les deux pays. <\/p> <p>Cette r\u00e9compense doit permettre d\u2019attirer l\u2019attention des maisons d'\u00e9dition fran\u00e7aises et allemandes sur des \u0153uvres remarquables et non traduites de la litt\u00e9rature pour enfants et adolescents du pays voisin. Le but est de rendre ces maisons d'\u00e9dition curieuses de r\u00e9cits graves, divertissants, captivants et entra\u00eenant une r\u00e9flexion sur la r\u00e9alit\u00e9 de la vie telle qu\u2019elle est mise en sc\u00e8ne \u00e0 travers les jeunes protagonistes de ces histoires. Ainsi, les textes de litt\u00e9rature de jeunesse cr\u00e9ent des ponts entre la France et l\u2019Allemagne et au sein-m\u00eame des deux pays, tout en permettant une lecture qui va au-del\u00e0 du simple caract\u00e8re \u00e9tranger d\u2019un texte. <\/p>\n<p><em>Le Prix franco-allemand pour la litt\u00e9rature de jeunesse constitue donc \u00e0 la fois un pont litt\u00e9raire et un outil afin de promouvoir l\u2019entente, la compr\u00e9hension et la connaissance entre les deux cultures. En ce sens, les laur\u00e9ats et laur\u00e9ates du Prix franco-allemand ont une mission particuli\u00e8rement importante : ce sont des ambassadeurs et des ambassadrices litt\u00e9raires entre la France et l\u2019Allemagne. <\/em><\/p>\n<p>Le Prix a \u00e9t\u00e9 cr\u00e9\u00e9 en 2013 par la fondatrice du Salon Europ\u00e9en du Livre de Jeunesse, <strong>Yvonne Rech<\/strong>, et il est d\u00e9cern\u00e9 depuis en \u00e9troite collaboration avec la Fondation pour la coop\u00e9ration culturelle franco-allemande. Le Prix est attribu\u00e9 \u00e0 un\u00b7e auteur\u00b7e allemand\u00b7e et \u00e0 un\u00b7e auteur\u00b7e fran\u00e7ais\u00b7e de livres pour la jeunesse. Les deux laur\u00e9at\u00b7es (fran\u00e7ais\u00b7e et allemand\u00b7e) re\u00e7oivent une r\u00e9compense de 6.000\u20ac chacun. De plus, 2.000\u20ac sont mis \u00e0 disposition pour la traduction des deux \u0153uvres choisies. <\/p> <p>Les responsables de ce projet sont le Salon Europ\u00e9en du Livre de Jeunesse et la Fondation pour la coop\u00e9ration culturelle franco-allemande.<\/p> <p>Quelle: https:\/\/www.df-jugendliteraturpreis.eu\/<\/p>\n<img src=\"https:\/\/dfkr.eu\/wp-content\/uploads\/2025\/02\/logo_jugendliteraturpreisquerformat.jpg\" title=\"Le Prix franco-allemand de litt\u00e9rature de jeunesse\" alt=\"Le Prix franco-allemand de litt\u00e9rature de jeunesse\" srcset=\"https:\/\/dfkr.eu\/wp-content\/uploads\/2025\/02\/logo_jugendliteraturpreisquerformat.jpg 1004w, https:\/\/dfkr.eu\/wp-content\/uploads\/2025\/02\/logo_jugendliteraturpreisquerformat-300x194.jpg 300w, https:\/\/dfkr.eu\/wp-content\/uploads\/2025\/02\/logo_jugendliteraturpreisquerformat-768x497.jpg 768w, https:\/\/dfkr.eu\/wp-content\/uploads\/2025\/02\/logo_jugendliteraturpreisquerformat-309x200.jpg 309w\" sizes=\"(max-width: 1004px) 100vw, 1004px\" \/>\n<a href=\"https:\/\/www.df-jugendliteraturpreis.eu\/\" target=\"_blank\" rel=\"noopener\"> <em><svg xmlns:xlink=\"http:\/\/www.w3.org\/1999\/xlink\" aria-hidden=\"true\"><use href=\"#tf-ti-arrow-top-right\" xlink:href=\"#tf-ti-arrow-top-right\"><\/use><\/svg><\/em> Lien vers la page d'accueil <\/a>","_links":{"self":[{"href":"https:\/\/dfkr.eu\/fr\/wp-json\/wp\/v2\/pages\/3994","targetHints":{"allow":["GET"]}}],"collection":[{"href":"https:\/\/dfkr.eu\/fr\/wp-json\/wp\/v2\/pages"}],"about":[{"href":"https:\/\/dfkr.eu\/fr\/wp-json\/wp\/v2\/types\/page"}],"author":[{"embeddable":true,"href":"https:\/\/dfkr.eu\/fr\/wp-json\/wp\/v2\/users\/1"}],"replies":[{"embeddable":true,"href":"https:\/\/dfkr.eu\/fr\/wp-json\/wp\/v2\/comments?post=3994"}],"version-history":[{"count":2,"href":"https:\/\/dfkr.eu\/fr\/wp-json\/wp\/v2\/pages\/3994\/revisions"}],"predecessor-version":[{"id":4306,"href":"https:\/\/dfkr.eu\/fr\/wp-json\/wp\/v2\/pages\/3994\/revisions\/4306"}],"wp:attachment":[{"href":"https:\/\/dfkr.eu\/fr\/wp-json\/wp\/v2\/media?parent=3994"}],"curies":[{"name":"wp","href":"https:\/\/api.w.org\/{rel}","templated":true}]}}