{"id":3992,"date":"2025-02-06T23:05:14","date_gmt":"2025-02-06T22:05:14","guid":{"rendered":"https:\/\/dfkr.eu\/prix-franz-hessel\/"},"modified":"2025-06-01T12:45:58","modified_gmt":"2025-06-01T10:45:58","slug":"prix-franz-hessel","status":"publish","type":"page","link":"https:\/\/dfkr.eu\/fr\/prix-franz-hessel\/","title":{"rendered":"Prix Franz Hessel"},"content":{"rendered":"<!-- RS_MODULE_CODE_2.5.3-ml --><div id=\"readspeaker_button3992\" class=\"rs_skip rsbtn rs_preserve\"><a class=\"rsbtn_play\" title=\"Ecouter le texte avec ReadSpeaker\" href=\"https:\/\/app-eu.readspeaker.com\/cgi-bin\/rsent?customerid=14814&amp;lang=fr_fr&amp;readid=rspeak_read_3992&amp;url=https%3A%2F%2Fdfkr.eu%2Ffr%2Fwp-json%2Fwp%2Fv2%2Fpages%2F3992\"><span class=\"rsbtn_left rsimg rspart\"><span class=\"rsbtn_text\"><span>Ecouter<\/span><\/span><\/span><span class=\"rsbtn_right rsimg rsplay rspart\"><\/span><\/a><\/div><div id=\"rspeak_read_3992\"><!--themify_builder_content-->\n<div id=\"themify_builder_content-3992\" data-postid=\"3992\" class=\"themify_builder_content themify_builder_content-3992 themify_builder tf_clear\">\n                    <div  data-lazy=\"1\" class=\"module_row themify_builder_row tb_1d97484 tb_first tf_w\">\n                        <div class=\"row_inner col_align_top tb_col_count_1 tf_box tf_rel\">\n                        <div  data-lazy=\"1\" class=\"module_column tb-column col-full tb_lycg484 first\">\n                    <!-- module text -->\n<div  class=\"module module-text tb_3iig391   \" data-lazy=\"1\">\n        <div  class=\"tb_text_wrap\">\n        <h1>Prix Franz Hessel<\/h1>    <\/div>\n<\/div>\n<!-- \/module text -->        <\/div>\n                        <\/div>\n        <\/div>\n                        <div  data-lazy=\"1\" class=\"module_row themify_builder_row tb_abpp300 tf_w\">\n                        <div class=\"row_inner col_align_top tb_col_count_2 tf_box tf_rel\">\n                        <div  data-lazy=\"1\" class=\"module_column tb-column col4-2 tb_fsif538 first\">\n                    <!-- module text -->\n<div  class=\"module module-text tb_qi7q004   \" data-lazy=\"1\">\n        <div  class=\"tb_text_wrap\">\n        <p>Le Prix franco-allemand Franz Hessel de litt\u00e9rature contemporaine est remis depuis 2010 \u00e0 un auteur germanophone et \u00e0 un auteur francophone. Il vise \u00e0 approfondir le dialogue litt\u00e9raire entre la France et l\u2019Allemagne et \u00e0 promouvoir des auteurs contemporains pas encore connus dans le pays voisin et g\u00e9n\u00e9ralement pas encore traduits. <\/p>\n<p>Le Prix Franz Hessel est d\u00e9cern\u00e9 conjointement par la <span style=\"font-weight: bold\">Literaturhaus Villa Gillet<\/span> (Lyon) et la <span style=\"font-weight: bold\">Fondation Genshagen.<\/span> La D\u00e9l\u00e9gu\u00e9e du gouvernement f\u00e9d\u00e9ral \u00e0 la Culture et aux M\u00e9dias et le Minist\u00e8re fran\u00e7ais de la Culture financent le prix qui est remis en alternance en France et en Allemagne par les ministres de la Culture des deux pays. <\/p>\n<p>Le nom du prix s\u2019inspire de l\u2019\u00e9crivain et traducteur <span style=\"font-weight: bold\">Franz Hessel<\/span> (1880 &#8211; 1941) dont la vie et l\u2019\u0153uvre (\u00ab Pariser Romanze \u00bb, \u00ab Spazieren in Berlin \u00bb) ont fait un passeur entre deux pays et deux cultures.<\/p>\n<p>Le prix est dot\u00e9 d\u2019un montant de 10 000 \u20ac et doit contribuer \u00e0 la traduction des \u0153uvres r\u00e9compens\u00e9es en allemand ou en fran\u00e7ais. Les laur\u00e9ats sont \u00e9galement invit\u00e9s l\u2019ann\u00e9e suivante \u00e0 participer \u00e0 diff\u00e9rentes manifestations au Ch\u00e2teau de Genshagen. <\/p>\n<p>La s\u00e9lection est men\u00e9e par un jury ind\u00e9pendant franco-allemand.<\/p>\n<p>Quelle: https:\/\/www.stiftung-genshagen.de\/projekte\/franz-hessel-preis\/<\/p>\n    <\/div>\n<\/div>\n<!-- \/module text -->        <\/div>\n                    <div  data-lazy=\"1\" class=\"module_column tb-column col4-2 tb_8cgj67 last\">\n                    <!-- module image -->\n<div  class=\"module module-image tb_o661849 image-top   tf_mw\" data-lazy=\"1\">\n        <div class=\"image-wrap tf_rel tf_mw\">\n            <img loading=\"lazy\" decoding=\"async\" width=\"720\" height=\"960\" src=\"https:\/\/dfkr.eu\/wp-content\/uploads\/2025\/02\/Hessel_Franz.jpg\" class=\"wp-post-image wp-image-3393\" title=\"Franz Hessel\" alt=\"La photo a \u00e9t\u00e9 prise vers 1909.\" srcset=\"https:\/\/dfkr.eu\/wp-content\/uploads\/2025\/02\/Hessel_Franz.jpg 720w, https:\/\/dfkr.eu\/wp-content\/uploads\/2025\/02\/Hessel_Franz-225x300.jpg 225w\" sizes=\"auto, (max-width: 720px) 100vw, 720px\" \/>    \n        <\/div>\n    <!-- \/image-wrap -->\n    \n        <div class=\"image-content\">\n                        <div class=\"image-caption tb_text_wrap\">\n            La photo a \u00e9t\u00e9 prise vers 1909.        <\/div>\n        <!-- \/image-caption -->\n            <\/div>\n    <!-- \/image-content -->\n        <\/div>\n<!-- \/module image -->        <\/div>\n                        <\/div>\n        <\/div>\n                        <div  data-lazy=\"1\" class=\"module_row themify_builder_row tb_bxc8310 tf_w\">\n                        <div class=\"row_inner col_align_top tb_col_count_1 tf_box tf_rel\">\n                        <div  data-lazy=\"1\" class=\"module_column tb-column col-full tb_3lct310 first\">\n                    <!-- module buttons -->\n<div  class=\"module module-buttons tb_xct8310 buttons-horizontal outline   rounded\" data-lazy=\"1\">\n        <div class=\"module-buttons-item tf_in_flx\">\n                        <a href=\"https:\/\/www.stiftung-genshagen.de\/projekte\/franz-hessel-preis\/\" class=\"ui builder_button tf_in_flx red\" target=\"_blank\" rel=\"noopener\">\n                                    <em><svg  class=\"tf_fa tf-ti-arrow-top-right\" xmlns:xlink=\"http:\/\/www.w3.org\/1999\/xlink\" aria-hidden=\"true\"><use href=\"#tf-ti-arrow-top-right\" xlink:href=\"#tf-ti-arrow-top-right\"><\/use><\/svg><\/em>                                        Lien vers la page d'accueil                                        <\/a>\n                <\/div>\n            <\/div>\n<!-- \/module buttons -->\n        <\/div>\n                        <\/div>\n        <\/div>\n        <\/div>\n<!--\/themify_builder_content-->\n<\/div>","protected":false},"excerpt":{"rendered":"<p><!-- RS_MODULE_CODE_2.5.3-ml --><\/p>\n<div id=\"readspeaker_button3992\" class=\"rs_skip rsbtn rs_preserve\"><a class=\"rsbtn_play\" title=\"Ecouter le texte avec ReadSpeaker\" href=\"https:\/\/app-eu.readspeaker.com\/cgi-bin\/rsent?customerid=14814&amp;lang=fr_fr&amp;readid=rspeak_read_3992&amp;url=https%3A%2F%2Fdfkr.eu%2Ffr%2Fwp-json%2Fwp%2Fv2%2Fpages%2F3992\"><span class=\"rsbtn_left rsimg rspart\"><span class=\"rsbtn_text\"><span>Ecouter<\/span><\/span><\/span><span class=\"rsbtn_right rsimg rsplay rspart\"><\/span><\/a><\/div>\n<div id=\"rspeak_read_3992\"> Prix Franz Hessel Le Prix franco-allemand Franz Hessel de litt\u00e9rature contemporaine est remis depuis 2010 \u00e0 un auteur germanophone et \u00e0 un auteur francophone. Il vise \u00e0 approfondir le dialogue litt\u00e9raire entre la France et l\u2019Allemagne et \u00e0 promouvoir des auteurs contemporains pas encore connus dans le pays voisin et g\u00e9n\u00e9ralement pas encore traduits. [&hellip;]<\/div>\n","protected":false},"author":1,"featured_media":0,"parent":0,"menu_order":0,"comment_status":"closed","ping_status":"closed","template":"","meta":{"footnotes":""},"class_list":["post-3992","page","type-page","status-publish","hentry","has-post-title","has-post-date","has-post-category","has-post-tag","has-post-comment","has-post-author",""],"builder_content":"<h1>Prix Franz Hessel<\/h1>\n<p>Le Prix franco-allemand Franz Hessel de litt\u00e9rature contemporaine est remis depuis 2010 \u00e0 un auteur germanophone et \u00e0 un auteur francophone. Il vise \u00e0 approfondir le dialogue litt\u00e9raire entre la France et l\u2019Allemagne et \u00e0 promouvoir des auteurs contemporains pas encore connus dans le pays voisin et g\u00e9n\u00e9ralement pas encore traduits. <\/p> <p>Le Prix Franz Hessel est d\u00e9cern\u00e9 conjointement par la Literaturhaus Villa Gillet (Lyon) et la Fondation Genshagen. La D\u00e9l\u00e9gu\u00e9e du gouvernement f\u00e9d\u00e9ral \u00e0 la Culture et aux M\u00e9dias et le Minist\u00e8re fran\u00e7ais de la Culture financent le prix qui est remis en alternance en France et en Allemagne par les ministres de la Culture des deux pays. <\/p> <p>Le nom du prix s\u2019inspire de l\u2019\u00e9crivain et traducteur Franz Hessel (1880 - 1941) dont la vie et l\u2019\u0153uvre (\u00ab Pariser Romanze \u00bb, \u00ab Spazieren in Berlin \u00bb) ont fait un passeur entre deux pays et deux cultures.<\/p> <p>Le prix est dot\u00e9 d\u2019un montant de 10 000 \u20ac et doit contribuer \u00e0 la traduction des \u0153uvres r\u00e9compens\u00e9es en allemand ou en fran\u00e7ais. Les laur\u00e9ats sont \u00e9galement invit\u00e9s l\u2019ann\u00e9e suivante \u00e0 participer \u00e0 diff\u00e9rentes manifestations au Ch\u00e2teau de Genshagen. <\/p> <p>La s\u00e9lection est men\u00e9e par un jury ind\u00e9pendant franco-allemand.<\/p> <p>Quelle: https:\/\/www.stiftung-genshagen.de\/projekte\/franz-hessel-preis\/<\/p>\n<img src=\"https:\/\/dfkr.eu\/wp-content\/uploads\/2025\/02\/Hessel_Franz.jpg\" title=\"Franz Hessel\" alt=\"La photo a \u00e9t\u00e9 prise vers 1909.\" srcset=\"https:\/\/dfkr.eu\/wp-content\/uploads\/2025\/02\/Hessel_Franz.jpg 720w, https:\/\/dfkr.eu\/wp-content\/uploads\/2025\/02\/Hessel_Franz-225x300.jpg 225w\" sizes=\"(max-width: 720px) 100vw, 720px\" \/> La photo a \u00e9t\u00e9 prise vers 1909.\n<a href=\"https:\/\/www.stiftung-genshagen.de\/projekte\/franz-hessel-preis\/\" target=\"_blank\" rel=\"noopener\"> <em><svg xmlns:xlink=\"http:\/\/www.w3.org\/1999\/xlink\" aria-hidden=\"true\"><use href=\"#tf-ti-arrow-top-right\" xlink:href=\"#tf-ti-arrow-top-right\"><\/use><\/svg><\/em> Lien vers la page d'accueil <\/a>","_links":{"self":[{"href":"https:\/\/dfkr.eu\/fr\/wp-json\/wp\/v2\/pages\/3992","targetHints":{"allow":["GET"]}}],"collection":[{"href":"https:\/\/dfkr.eu\/fr\/wp-json\/wp\/v2\/pages"}],"about":[{"href":"https:\/\/dfkr.eu\/fr\/wp-json\/wp\/v2\/types\/page"}],"author":[{"embeddable":true,"href":"https:\/\/dfkr.eu\/fr\/wp-json\/wp\/v2\/users\/1"}],"replies":[{"embeddable":true,"href":"https:\/\/dfkr.eu\/fr\/wp-json\/wp\/v2\/comments?post=3992"}],"version-history":[{"count":2,"href":"https:\/\/dfkr.eu\/fr\/wp-json\/wp\/v2\/pages\/3992\/revisions"}],"predecessor-version":[{"id":4006,"href":"https:\/\/dfkr.eu\/fr\/wp-json\/wp\/v2\/pages\/3992\/revisions\/4006"}],"wp:attachment":[{"href":"https:\/\/dfkr.eu\/fr\/wp-json\/wp\/v2\/media?parent=3992"}],"curies":[{"name":"wp","href":"https:\/\/api.w.org\/{rel}","templated":true}]}}