{"id":3933,"date":"2025-03-03T10:27:35","date_gmt":"2025-03-03T09:27:35","guid":{"rendered":"https:\/\/dfkr.eu\/veronique-cayla\/"},"modified":"2025-05-16T10:02:34","modified_gmt":"2025-05-16T08:02:34","slug":"veronique-cayla","status":"publish","type":"page","link":"https:\/\/dfkr.eu\/fr\/veronique-cayla\/","title":{"rendered":"V\u00e9ronique Cayla"},"content":{"rendered":"<!-- RS_MODULE_CODE_2.5.3-ml --><div id=\"readspeaker_button3933\" class=\"rs_skip rsbtn rs_preserve\"><a class=\"rsbtn_play\" title=\"Ecouter le texte avec ReadSpeaker\" href=\"https:\/\/app-eu.readspeaker.com\/cgi-bin\/rsent?customerid=14814&amp;lang=fr_fr&amp;readid=rspeak_read_3933&amp;url=https%3A%2F%2Fdfkr.eu%2Ffr%2Fwp-json%2Fwp%2Fv2%2Fpages%2F3933\"><span class=\"rsbtn_left rsimg rspart\"><span class=\"rsbtn_text\"><span>Ecouter<\/span><\/span><\/span><span class=\"rsbtn_right rsimg rsplay rspart\"><\/span><\/a><\/div><div id=\"rspeak_read_3933\"><!--themify_builder_content-->\n<div id=\"themify_builder_content-3933\" data-postid=\"3933\" class=\"themify_builder_content themify_builder_content-3933 themify_builder tf_clear\">\n                    <div  data-lazy=\"1\" class=\"module_row themify_builder_row tb_rhis774 tb_first tf_w\">\n                        <div class=\"row_inner col_align_top tb_col_count_1 tf_box tf_rel\">\n                        <div  data-lazy=\"1\" class=\"module_column tb-column col-full tb_efud592 first\">\n                    <!-- module text -->\n<div  class=\"module module-text tb_ssmo907   \" data-lazy=\"1\">\n        <div  class=\"tb_text_wrap\">\n        <h1 style=\"text-align: justify\">V\u00e9ronique Cayla<\/h1>    <\/div>\n<\/div>\n<!-- \/module text -->        <\/div>\n                        <\/div>\n        <\/div>\n                        <div  data-lazy=\"1\" class=\"module_row themify_builder_row tb_3fae070 tf_w\">\n                        <div class=\"row_inner col_align_top tb_col_count_2 tf_box tf_rel\">\n                        <div  data-lazy=\"1\" class=\"module_column tb-column col4-2 tb_chbm900 first\">\n                    <!-- module text -->\n<div  class=\"module module-text tb_3up8790   \" data-lazy=\"1\">\n        <div  class=\"tb_text_wrap\">\n        <div class=\"post-inner thin \">\n<div class=\"entry-content\">\n<div class=\"tx-abook-pi1-description\">\n<div class=\"tx-abook-funktion\">\n<p>Membre depuis 2015<\/p>\n<p><span style=\"font-size: 1.1em\">Pr\u00e9sidente, ARTE France, Paris<\/span><\/p>\n<p>N\u00e9e en 1950 \u00e0 Saint-Cloud (Hauts-de-Seine). <\/p>\n<p>Dipl\u00f4m\u00e9e de l&rsquo;<em>Institut d&rsquo;\u00c9tudes Politiques<\/em> de Paris et titulaire d&rsquo;un doctorat en urbanisme, V\u00e9ronique Cayla devient en 1973 charg\u00e9e de mission pour le <em>Fonds d&rsquo;intervention culturell<\/em>e au minist\u00e8re fran\u00e7ais de la Culture. \u00c0 partir de 1974, elle travaille au cabinet du secr\u00e9taire d&rsquo;\u00c9tat \u00e0 la Culture, Michel Guy, puis au service d&rsquo;information juridico-juridique de 1976 \u00e0 1978.  <\/p>\n<p>En 1978, elle est revenue au minist\u00e8re en tant que conseill\u00e8re technique pour le cin\u00e9ma. Elle y reste jusqu&rsquo;\u00e0 la fin du mandat de Val\u00e9ry Giscard d&rsquo;Estaing. En 1982, elle est nomm\u00e9e directrice adjointe de la <em>Vid\u00e9oth\u00e8que de Paris<\/em>, puis directrice un an plus tard et directrice g\u00e9n\u00e9rale de cette institution en 1989.  <\/p>\n<p>En 1992, elle quitte le secteur public pour devenir vice-pr\u00e9sidente de l&rsquo;exploitant de salles Mk2 et pr\u00e9sidente de la soci\u00e9t\u00e9 de production LMK-Images SA, avant d&rsquo;\u00eatre nomm\u00e9e au <em>Conseil sup\u00e9rieur de l&rsquo;audiovisuel<\/em> (CSA) en 1999. En 2001, elle devient directrice g\u00e9n\u00e9rale du Festival de Cannes, conjointement avec Thierry Fr\u00e9maux et sous la pr\u00e9sidence de Gilles Jacob. Le 24 juin 2005, elle a succ\u00e9d\u00e9 \u00e0 Catherine Colona au poste de directrice du <em>Centre national de la Cin\u00e9matographie<\/em>.  <\/p>\n<p>De 2011 \u00e0 2015, V\u00e9ronique Cayla a \u00e9t\u00e9 pr\u00e9sidente du conseil d&rsquo;administration d&rsquo;Arte GEIE. Elle a \u00e9t\u00e9 propos\u00e9e par l&rsquo;assembl\u00e9e g\u00e9n\u00e9rale d&rsquo;Arte GEIE le 28 octobre 2010 pour succ\u00e9der \u00e0 l&rsquo;Allemand Gottfried Langenstein. Depuis le 23 mars 2011, V\u00e9ronique Cayla est pr\u00e9sidente du conseil d&rsquo;administration d&rsquo;<a href=\"http:\/\/www.arte.tv\/de\" target=\"_blank\" rel=\"noopener\">Arte France<\/a> et a \u00e9t\u00e9 r\u00e9\u00e9lue en octobre 2015 pour cinq ans.   <\/p>\n<p>Elle a \u00e9t\u00e9 nomm\u00e9e Officier de la L\u00e9gion d&rsquo;honneur, Commandeur de l&rsquo;Ordre national du M\u00e9rite et Commandeur des Arts et des Lettres.<\/p>\n<\/div>\n<\/div>\n<\/div>\n<\/div>\n<nav class=\"pagination-single section-inner\" aria-label=\"Beitrag\"><\/nav>    <\/div>\n<\/div>\n<!-- \/module text -->        <\/div>\n                    <div  data-lazy=\"1\" class=\"module_column tb-column col4-2 tb_xi99008 last\">\n                    <!-- module image -->\n<div  class=\"module module-image tb_6med920 image-top bordered  tf_mw\" data-lazy=\"1\">\n        <div class=\"image-wrap tf_rel tf_mw\">\n            <img loading=\"lazy\" decoding=\"async\" width=\"1000\" height=\"934\" src=\"https:\/\/dfkr.eu\/wp-content\/uploads\/2025\/03\/unisex-avatar.png\" class=\"wp-post-image wp-image-3426\" title=\"unisex-avatar\" alt=\"unisex-avatar\" srcset=\"https:\/\/dfkr.eu\/wp-content\/uploads\/2025\/03\/unisex-avatar.png 1000w, https:\/\/dfkr.eu\/wp-content\/uploads\/2025\/03\/unisex-avatar-300x280.png 300w, https:\/\/dfkr.eu\/wp-content\/uploads\/2025\/03\/unisex-avatar-768x717.png 768w\" sizes=\"auto, (max-width: 1000px) 100vw, 1000px\" \/>    \n        <\/div>\n    <!-- \/image-wrap -->\n    \n        <\/div>\n<!-- \/module image -->        <\/div>\n                        <\/div>\n        <\/div>\n                        <div  data-lazy=\"1\" class=\"module_row themify_builder_row tb_y1jo090 tf_w\">\n                        <div class=\"row_inner col_align_top tb_col_count_3 tf_box tf_rel\">\n                        <div  data-lazy=\"1\" class=\"module_column tb-column col3-1 tb_9l49009 first\">\n                    <!-- module buttons -->\n<div  class=\"module module-buttons tb_sk9a059 buttons-horizontal solid   rounded\" data-lazy=\"1\">\n        <div class=\"module-buttons-item tf_in_flx\">\n                        <a href=\"https:\/\/dfkr.eu\/fr\/membres-du-hccfa-de-2018-a-2020\/\" class=\"ui builder_button tf_in_flx red\" >\n                                    <em><svg  class=\"tf_fa tf-ti-back-right\" xmlns:xlink=\"http:\/\/www.w3.org\/1999\/xlink\" aria-hidden=\"true\"><use href=\"#tf-ti-back-right\" xlink:href=\"#tf-ti-back-right\"><\/use><\/svg><\/em>                                        retour aux membres de 2018 \u00e0 2020                                        <\/a>\n                <\/div>\n            <\/div>\n<!-- \/module buttons -->\n        <\/div>\n                    <div  data-lazy=\"1\" class=\"module_column tb-column col3-1 tb_z2vq311\">\n                    <!-- module buttons -->\n<div  class=\"module module-buttons tb_9igt45 buttons-horizontal solid   rounded\" data-lazy=\"1\">\n        <div class=\"module-buttons-item tf_in_flx\">\n                        <a href=\"https:\/\/dfkr.eu\/fr\/membres-du-hccfa-de-2015-a-2017\/\" class=\"ui builder_button tf_in_flx red\" >\n                                    <em><svg  class=\"tf_fa tf-ti-back-right\" xmlns:xlink=\"http:\/\/www.w3.org\/1999\/xlink\" aria-hidden=\"true\"><use href=\"#tf-ti-back-right\" xlink:href=\"#tf-ti-back-right\"><\/use><\/svg><\/em>                                        retour aux membres de 2015 \u00e0 2017                                        <\/a>\n                <\/div>\n            <\/div>\n<!-- \/module buttons -->\n        <\/div>\n                    <div  data-lazy=\"1\" class=\"module_column tb-column col3-1 tb_58sk844 last\">\n                            <\/div>\n                        <\/div>\n        <\/div>\n        <\/div>\n<!--\/themify_builder_content-->\n<\/div>","protected":false},"excerpt":{"rendered":"<p><!-- RS_MODULE_CODE_2.5.3-ml --><\/p>\n<div id=\"readspeaker_button3933\" class=\"rs_skip rsbtn rs_preserve\"><a class=\"rsbtn_play\" title=\"Ecouter le texte avec ReadSpeaker\" href=\"https:\/\/app-eu.readspeaker.com\/cgi-bin\/rsent?customerid=14814&amp;lang=fr_fr&amp;readid=rspeak_read_3933&amp;url=https%3A%2F%2Fdfkr.eu%2Ffr%2Fwp-json%2Fwp%2Fv2%2Fpages%2F3933\"><span class=\"rsbtn_left rsimg rspart\"><span class=\"rsbtn_text\"><span>Ecouter<\/span><\/span><\/span><span class=\"rsbtn_right rsimg rsplay rspart\"><\/span><\/a><\/div>\n<div id=\"rspeak_read_3933\"> V\u00e9ronique Cayla Membre depuis 2015 Pr\u00e9sidente, ARTE France, Paris N\u00e9e en 1950 \u00e0 Saint-Cloud (Hauts-de-Seine). Dipl\u00f4m\u00e9e de l&rsquo;Institut d&rsquo;\u00c9tudes Politiques de Paris et titulaire d&rsquo;un doctorat en urbanisme, V\u00e9ronique Cayla devient en 1973 charg\u00e9e de mission pour le Fonds d&rsquo;intervention culturelle au minist\u00e8re fran\u00e7ais de la Culture. \u00c0 partir de 1974, elle travaille au [&hellip;]<\/div>\n","protected":false},"author":4,"featured_media":0,"parent":0,"menu_order":0,"comment_status":"closed","ping_status":"closed","template":"","meta":{"footnotes":""},"class_list":["post-3933","page","type-page","status-publish","hentry","has-post-title","has-post-date","has-post-category","has-post-tag","has-post-comment","has-post-author",""],"builder_content":"<h1 style=\"text-align: justify\">V\u00e9ronique Cayla<\/h1>\n<p>Membre depuis 2015<\/p> <p>Pr\u00e9sidente, ARTE France, Paris<\/p> <p>N\u00e9e en 1950 \u00e0 Saint-Cloud (Hauts-de-Seine). <\/p> <p>Dipl\u00f4m\u00e9e de l'<em>Institut d'\u00c9tudes Politiques<\/em> de Paris et titulaire d'un doctorat en urbanisme, V\u00e9ronique Cayla devient en 1973 charg\u00e9e de mission pour le <em>Fonds d'intervention culturell<\/em>e au minist\u00e8re fran\u00e7ais de la Culture. \u00c0 partir de 1974, elle travaille au cabinet du secr\u00e9taire d'\u00c9tat \u00e0 la Culture, Michel Guy, puis au service d'information juridico-juridique de 1976 \u00e0 1978. <\/p> <p>En 1978, elle est revenue au minist\u00e8re en tant que conseill\u00e8re technique pour le cin\u00e9ma. Elle y reste jusqu'\u00e0 la fin du mandat de Val\u00e9ry Giscard d'Estaing. En 1982, elle est nomm\u00e9e directrice adjointe de la <em>Vid\u00e9oth\u00e8que de Paris<\/em>, puis directrice un an plus tard et directrice g\u00e9n\u00e9rale de cette institution en 1989. <\/p> <p>En 1992, elle quitte le secteur public pour devenir vice-pr\u00e9sidente de l'exploitant de salles Mk2 et pr\u00e9sidente de la soci\u00e9t\u00e9 de production LMK-Images SA, avant d'\u00eatre nomm\u00e9e au <em>Conseil sup\u00e9rieur de l'audiovisuel<\/em> (CSA) en 1999. En 2001, elle devient directrice g\u00e9n\u00e9rale du Festival de Cannes, conjointement avec Thierry Fr\u00e9maux et sous la pr\u00e9sidence de Gilles Jacob. Le 24 juin 2005, elle a succ\u00e9d\u00e9 \u00e0 Catherine Colona au poste de directrice du <em>Centre national de la Cin\u00e9matographie<\/em>. <\/p> <p>De 2011 \u00e0 2015, V\u00e9ronique Cayla a \u00e9t\u00e9 pr\u00e9sidente du conseil d'administration d'Arte GEIE. Elle a \u00e9t\u00e9 propos\u00e9e par l'assembl\u00e9e g\u00e9n\u00e9rale d'Arte GEIE le 28 octobre 2010 pour succ\u00e9der \u00e0 l'Allemand Gottfried Langenstein. Depuis le 23 mars 2011, V\u00e9ronique Cayla est pr\u00e9sidente du conseil d'administration d'<a href=\"http:\/\/www.arte.tv\/de\" target=\"_blank\" rel=\"noopener\">Arte France<\/a> et a \u00e9t\u00e9 r\u00e9\u00e9lue en octobre 2015 pour cinq ans. <\/p> <p>Elle a \u00e9t\u00e9 nomm\u00e9e Officier de la L\u00e9gion d'honneur, Commandeur de l'Ordre national du M\u00e9rite et Commandeur des Arts et des Lettres.<\/p>\n<nav aria-label=\"Beitrag\"><\/nav>\n<img src=\"https:\/\/dfkr.eu\/wp-content\/uploads\/2025\/03\/unisex-avatar.png\" title=\"unisex-avatar\" alt=\"unisex-avatar\" srcset=\"https:\/\/dfkr.eu\/wp-content\/uploads\/2025\/03\/unisex-avatar.png 1000w, https:\/\/dfkr.eu\/wp-content\/uploads\/2025\/03\/unisex-avatar-300x280.png 300w, https:\/\/dfkr.eu\/wp-content\/uploads\/2025\/03\/unisex-avatar-768x717.png 768w\" sizes=\"(max-width: 1000px) 100vw, 1000px\" \/>\n<a href=\"https:\/\/dfkr.eu\/fr\/membres-du-hccfa-de-2018-a-2020\/\" > <em><svg xmlns:xlink=\"http:\/\/www.w3.org\/1999\/xlink\" aria-hidden=\"true\"><use href=\"#tf-ti-back-right\" xlink:href=\"#tf-ti-back-right\"><\/use><\/svg><\/em> retour aux membres de 2018 \u00e0 2020 <\/a>\n<a href=\"https:\/\/dfkr.eu\/fr\/membres-du-hccfa-de-2015-a-2017\/\" > <em><svg xmlns:xlink=\"http:\/\/www.w3.org\/1999\/xlink\" aria-hidden=\"true\"><use href=\"#tf-ti-back-right\" xlink:href=\"#tf-ti-back-right\"><\/use><\/svg><\/em> retour aux membres de 2015 \u00e0 2017 <\/a>","_links":{"self":[{"href":"https:\/\/dfkr.eu\/fr\/wp-json\/wp\/v2\/pages\/3933","targetHints":{"allow":["GET"]}}],"collection":[{"href":"https:\/\/dfkr.eu\/fr\/wp-json\/wp\/v2\/pages"}],"about":[{"href":"https:\/\/dfkr.eu\/fr\/wp-json\/wp\/v2\/types\/page"}],"author":[{"embeddable":true,"href":"https:\/\/dfkr.eu\/fr\/wp-json\/wp\/v2\/users\/4"}],"replies":[{"embeddable":true,"href":"https:\/\/dfkr.eu\/fr\/wp-json\/wp\/v2\/comments?post=3933"}],"version-history":[{"count":1,"href":"https:\/\/dfkr.eu\/fr\/wp-json\/wp\/v2\/pages\/3933\/revisions"}],"predecessor-version":[{"id":3934,"href":"https:\/\/dfkr.eu\/fr\/wp-json\/wp\/v2\/pages\/3933\/revisions\/3934"}],"wp:attachment":[{"href":"https:\/\/dfkr.eu\/fr\/wp-json\/wp\/v2\/media?parent=3933"}],"curies":[{"name":"wp","href":"https:\/\/api.w.org\/{rel}","templated":true}]}}