{"id":3807,"date":"2025-03-03T10:31:10","date_gmt":"2025-03-03T09:31:10","guid":{"rendered":"https:\/\/dfkr.eu\/catherine-robinet\/"},"modified":"2025-05-15T14:50:27","modified_gmt":"2025-05-15T12:50:27","slug":"catherine-robinet-fr","status":"publish","type":"page","link":"https:\/\/dfkr.eu\/fr\/catherine-robinet-fr\/","title":{"rendered":"Catherine Robinet"},"content":{"rendered":"<!-- RS_MODULE_CODE_2.5.3-ml --><div id=\"readspeaker_button3807\" class=\"rs_skip rsbtn rs_preserve\"><a class=\"rsbtn_play\" title=\"Ecouter le texte avec ReadSpeaker\" href=\"https:\/\/app-eu.readspeaker.com\/cgi-bin\/rsent?customerid=14814&amp;lang=fr_fr&amp;readid=rspeak_read_3807&amp;url=https%3A%2F%2Fdfkr.eu%2Ffr%2Fwp-json%2Fwp%2Fv2%2Fpages%2F3807\"><span class=\"rsbtn_left rsimg rspart\"><span class=\"rsbtn_text\"><span>Ecouter<\/span><\/span><\/span><span class=\"rsbtn_right rsimg rsplay rspart\"><\/span><\/a><\/div><div id=\"rspeak_read_3807\"><!--themify_builder_content-->\n<div id=\"themify_builder_content-3807\" data-postid=\"3807\" class=\"themify_builder_content themify_builder_content-3807 themify_builder tf_clear\">\n                    <div  data-lazy=\"1\" class=\"module_row themify_builder_row tb_mk8c327 tb_first tf_w\">\n                        <div class=\"row_inner col_align_top tb_col_count_1 tf_box tf_rel\">\n                        <div  data-lazy=\"1\" class=\"module_column tb-column col-full tb_2g3l304 first\">\n                    <!-- module text -->\n<div  class=\"module module-text tb_qwk1573   \" data-lazy=\"1\">\n        <div  class=\"tb_text_wrap\">\n        <h1>Catherine Robinet<\/h1>    <\/div>\n<\/div>\n<!-- \/module text -->        <\/div>\n                        <\/div>\n        <\/div>\n                        <div  data-lazy=\"1\" class=\"module_row themify_builder_row tb_94ou300 tf_w\">\n                        <div class=\"row_inner col_align_top tb_col_count_2 tf_box tf_rel\">\n                        <div  data-lazy=\"1\" class=\"module_column tb-column col4-2 tb_2foa003 first\">\n                    <!-- module text -->\n<div  class=\"module module-text tb_3b6t400   \" data-lazy=\"1\">\n        <div  class=\"tb_text_wrap\">\n        <p><strong>Secr\u00e9taire g\u00e9n\u00e9rale du HCCFA de 2016 \u00e0 2020<\/strong><\/p><p>Catherine Robinet a \u00e9t\u00e9 la consule g\u00e9n\u00e9rale de France en Sarre de 2016 \u00e0 2020. Entr\u00e9e au Minist\u00e8re des Affaires \u00e9trang\u00e8res en 1991, elle est tout d\u2019abord r\u00e9dactrice \u00e0 la Direction des Fran\u00e7ais \u00e0 l\u2019\u00e9tranger et des \u00e9trangers en France de 1992 \u00e0 1995, et a par la suite travaill\u00e9 \u00e0 Bonn, Berne, Strasbourg, Ankara et Sarajevo.<\/p>    <\/div>\n<\/div>\n<!-- \/module text -->        <\/div>\n                    <div  data-lazy=\"1\" class=\"module_column tb-column col4-2 tb_5xgo007 last\">\n                    <!-- module image -->\n<div  class=\"module module-image tb_jitv750 image-overlay bordered  active-caption-hover tf_mw\" data-lazy=\"1\">\n        <div class=\"image-wrap tf_rel tf_mw\">\n            <img loading=\"lazy\" decoding=\"async\" width=\"1000\" height=\"934\" src=\"https:\/\/dfkr.eu\/wp-content\/uploads\/2025\/03\/unisex-avatar.png\" class=\"wp-post-image wp-image-3426\" title=\"unisex-avatar\" alt=\"unisex-avatar\" srcset=\"https:\/\/dfkr.eu\/wp-content\/uploads\/2025\/03\/unisex-avatar.png 1000w, https:\/\/dfkr.eu\/wp-content\/uploads\/2025\/03\/unisex-avatar-300x280.png 300w, https:\/\/dfkr.eu\/wp-content\/uploads\/2025\/03\/unisex-avatar-768x717.png 768w\" sizes=\"auto, (max-width: 1000px) 100vw, 1000px\" \/>    \n    \n                <\/div>\n        <!-- \/image-wrap -->\n    <\/div>\n<!-- \/module image -->        <\/div>\n                        <\/div>\n        <\/div>\n                        <div  data-lazy=\"1\" class=\"module_row themify_builder_row tb_ji2v539 tf_w\">\n                        <div class=\"row_inner col_align_top tb_col_count_3 tf_box tf_rel\">\n                        <div  data-lazy=\"1\" class=\"module_column tb-column col3-1 tb_dhb0539 first\">\n                    <!-- module buttons -->\n<div  class=\"module module-buttons tb_7fvn539 buttons-horizontal solid   rounded\" data-lazy=\"1\">\n        <div class=\"module-buttons-item tf_in_flx\">\n                        <a href=\"https:\/\/dfkr.eu\/fr\/membres-du-hccfa-de-2018-a-2020\/\" class=\"ui builder_button tf_in_flx red\" >\n                                    <em><svg  class=\"tf_fa tf-ti-back-right\" xmlns:xlink=\"http:\/\/www.w3.org\/1999\/xlink\" aria-hidden=\"true\"><use href=\"#tf-ti-back-right\" xlink:href=\"#tf-ti-back-right\"><\/use><\/svg><\/em>                                        retour aux membres de 2018 \u00e0 2020                                        <\/a>\n                <\/div>\n            <\/div>\n<!-- \/module buttons -->\n        <\/div>\n                    <div  data-lazy=\"1\" class=\"module_column tb-column col3-1 tb_pxqb539\">\n                    <!-- module buttons -->\n<div  class=\"module module-buttons tb_cdcu539 buttons-horizontal solid   rounded\" data-lazy=\"1\">\n        <div class=\"module-buttons-item tf_in_flx\">\n                        <a href=\"https:\/\/dfkr.eu\/fr\/membres-du-hccfa-de-2015-a-2017\/\" class=\"ui builder_button tf_in_flx red\" >\n                                    <em><svg  class=\"tf_fa tf-ti-back-right\" xmlns:xlink=\"http:\/\/www.w3.org\/1999\/xlink\" aria-hidden=\"true\"><use href=\"#tf-ti-back-right\" xlink:href=\"#tf-ti-back-right\"><\/use><\/svg><\/em>                                        retour aux membres de 2015 \u00e0 2017                                        <\/a>\n                <\/div>\n            <\/div>\n<!-- \/module buttons -->\n        <\/div>\n                    <div  data-lazy=\"1\" class=\"module_column tb-column col3-1 tb_0q1w712 last\">\n                            <\/div>\n                        <\/div>\n        <\/div>\n        <\/div>\n<!--\/themify_builder_content-->\n<\/div>","protected":false},"excerpt":{"rendered":"<p><!-- RS_MODULE_CODE_2.5.3-ml --><\/p>\n<div id=\"readspeaker_button3807\" class=\"rs_skip rsbtn rs_preserve\"><a class=\"rsbtn_play\" title=\"Ecouter le texte avec ReadSpeaker\" href=\"https:\/\/app-eu.readspeaker.com\/cgi-bin\/rsent?customerid=14814&amp;lang=fr_fr&amp;readid=rspeak_read_3807&amp;url=https%3A%2F%2Fdfkr.eu%2Ffr%2Fwp-json%2Fwp%2Fv2%2Fpages%2F3807\"><span class=\"rsbtn_left rsimg rspart\"><span class=\"rsbtn_text\"><span>Ecouter<\/span><\/span><\/span><span class=\"rsbtn_right rsimg rsplay rspart\"><\/span><\/a><\/div>\n<div id=\"rspeak_read_3807\"> Catherine Robinet Secr\u00e9taire g\u00e9n\u00e9rale du HCCFA de 2016 \u00e0 2020 Catherine Robinet a \u00e9t\u00e9 la consule g\u00e9n\u00e9rale de France en Sarre de 2016 \u00e0 2020. Entr\u00e9e au Minist\u00e8re des Affaires \u00e9trang\u00e8res en 1991, elle est tout d\u2019abord r\u00e9dactrice \u00e0 la Direction des Fran\u00e7ais \u00e0 l\u2019\u00e9tranger et des \u00e9trangers en France de 1992 \u00e0 1995, [&hellip;]<\/div>\n","protected":false},"author":4,"featured_media":0,"parent":0,"menu_order":0,"comment_status":"closed","ping_status":"closed","template":"","meta":{"footnotes":""},"class_list":["post-3807","page","type-page","status-publish","hentry","has-post-title","has-post-date","has-post-category","has-post-tag","has-post-comment","has-post-author",""],"builder_content":"<h1>Catherine Robinet<\/h1>\n<p><strong>Secr\u00e9taire g\u00e9n\u00e9rale du HCCFA de 2016 \u00e0 2020<\/strong><\/p><p>Catherine Robinet a \u00e9t\u00e9 la consule g\u00e9n\u00e9rale de France en Sarre de 2016 \u00e0 2020. Entr\u00e9e au Minist\u00e8re des Affaires \u00e9trang\u00e8res en 1991, elle est tout d\u2019abord r\u00e9dactrice \u00e0 la Direction des Fran\u00e7ais \u00e0 l\u2019\u00e9tranger et des \u00e9trangers en France de 1992 \u00e0 1995, et a par la suite travaill\u00e9 \u00e0 Bonn, Berne, Strasbourg, Ankara et Sarajevo.<\/p>\n<img src=\"https:\/\/dfkr.eu\/wp-content\/uploads\/2025\/03\/unisex-avatar.png\" title=\"unisex-avatar\" alt=\"unisex-avatar\" srcset=\"https:\/\/dfkr.eu\/wp-content\/uploads\/2025\/03\/unisex-avatar.png 1000w, https:\/\/dfkr.eu\/wp-content\/uploads\/2025\/03\/unisex-avatar-300x280.png 300w, https:\/\/dfkr.eu\/wp-content\/uploads\/2025\/03\/unisex-avatar-768x717.png 768w\" sizes=\"(max-width: 1000px) 100vw, 1000px\" \/>\n<a href=\"https:\/\/dfkr.eu\/fr\/membres-du-hccfa-de-2018-a-2020\/\" > <em><svg xmlns:xlink=\"http:\/\/www.w3.org\/1999\/xlink\" aria-hidden=\"true\"><use href=\"#tf-ti-back-right\" xlink:href=\"#tf-ti-back-right\"><\/use><\/svg><\/em> retour aux membres de 2018 \u00e0 2020 <\/a>\n<a href=\"https:\/\/dfkr.eu\/fr\/membres-du-hccfa-de-2015-a-2017\/\" > <em><svg xmlns:xlink=\"http:\/\/www.w3.org\/1999\/xlink\" aria-hidden=\"true\"><use href=\"#tf-ti-back-right\" xlink:href=\"#tf-ti-back-right\"><\/use><\/svg><\/em> retour aux membres de 2015 \u00e0 2017 <\/a>","_links":{"self":[{"href":"https:\/\/dfkr.eu\/fr\/wp-json\/wp\/v2\/pages\/3807","targetHints":{"allow":["GET"]}}],"collection":[{"href":"https:\/\/dfkr.eu\/fr\/wp-json\/wp\/v2\/pages"}],"about":[{"href":"https:\/\/dfkr.eu\/fr\/wp-json\/wp\/v2\/types\/page"}],"author":[{"embeddable":true,"href":"https:\/\/dfkr.eu\/fr\/wp-json\/wp\/v2\/users\/4"}],"replies":[{"embeddable":true,"href":"https:\/\/dfkr.eu\/fr\/wp-json\/wp\/v2\/comments?post=3807"}],"version-history":[{"count":5,"href":"https:\/\/dfkr.eu\/fr\/wp-json\/wp\/v2\/pages\/3807\/revisions"}],"predecessor-version":[{"id":3818,"href":"https:\/\/dfkr.eu\/fr\/wp-json\/wp\/v2\/pages\/3807\/revisions\/3818"}],"wp:attachment":[{"href":"https:\/\/dfkr.eu\/fr\/wp-json\/wp\/v2\/media?parent=3807"}],"curies":[{"name":"wp","href":"https:\/\/api.w.org\/{rel}","templated":true}]}}