{"id":3804,"date":"2025-03-03T10:25:48","date_gmt":"2025-03-03T09:25:48","guid":{"rendered":"https:\/\/dfkr.eu\/bruno-boutleux\/"},"modified":"2025-05-15T14:50:17","modified_gmt":"2025-05-15T12:50:17","slug":"bruno-boutleux-fr","status":"publish","type":"page","link":"https:\/\/dfkr.eu\/fr\/bruno-boutleux-fr\/","title":{"rendered":"Bruno Boutleux"},"content":{"rendered":"<!-- RS_MODULE_CODE_2.5.3-ml --><div id=\"readspeaker_button3804\" class=\"rs_skip rsbtn rs_preserve\"><a class=\"rsbtn_play\" title=\"Ecouter le texte avec ReadSpeaker\" href=\"https:\/\/app-eu.readspeaker.com\/cgi-bin\/rsent?customerid=14814&amp;lang=fr_fr&amp;readid=rspeak_read_3804&amp;url=https%3A%2F%2Fdfkr.eu%2Ffr%2Fwp-json%2Fwp%2Fv2%2Fpages%2F3804\"><span class=\"rsbtn_left rsimg rspart\"><span class=\"rsbtn_text\"><span>Ecouter<\/span><\/span><\/span><span class=\"rsbtn_right rsimg rsplay rspart\"><\/span><\/a><\/div><div id=\"rspeak_read_3804\"><!--themify_builder_content-->\n<div id=\"themify_builder_content-3804\" data-postid=\"3804\" class=\"themify_builder_content themify_builder_content-3804 themify_builder tf_clear\">\n                    <div  data-lazy=\"1\" class=\"module_row themify_builder_row tb_u2qi016 tb_first tf_w\">\n                        <div class=\"row_inner col_align_top tb_col_count_1 tf_box tf_rel\">\n                        <div  data-lazy=\"1\" class=\"module_column tb-column col-full tb_vv0t070 first\">\n                    <!-- module text -->\n<div  class=\"module module-text tb_wzgz000   \" data-lazy=\"1\">\n        <div  class=\"tb_text_wrap\">\n        <h1>Bruno Boutleux<\/h1>    <\/div>\n<\/div>\n<!-- \/module text -->        <\/div>\n                        <\/div>\n        <\/div>\n                        <div  data-lazy=\"1\" class=\"module_row themify_builder_row tb_7mbu005 tf_w\">\n                        <div class=\"row_inner col_align_top tb_col_count_2 tf_box tf_rel\">\n                        <div  data-lazy=\"1\" class=\"module_column tb-column col4-2 tb_6ogi080 first\">\n                    <!-- module text -->\n<div  class=\"module module-text tb_7eob100   \" data-lazy=\"1\">\n        <div  class=\"tb_text_wrap\">\n        <p>Membre du HCCFA de 2005 \u00e0 2017<\/p><p>Bruno Boutleux est le directeur g\u00e9n\u00e9ral g\u00e9rant de l\u2019organisme de gestion collective Adami, (administration des droits des artistes et musiciens interpr\u00e8tes). En 1995, il est nomm\u00e9 directeur du FCM (Fonds pour la cr\u00e9ation musicale). La vocation du FCM est de r\u00e9unir l\u2019ensemble de la fili\u00e8re musicale afin d\u2019apporter un soutien financier \u00e0 la cr\u00e9ation, la diffusion et la formation dans le monde de la musique. Bruno Boutleux devient par ailleurs directeur g\u00e9n\u00e9ral des Jeunesse musicales de France en 2002. Charg\u00e9es d\u2019une mission d\u2019\u00e9ducation artistique, les JMF sont un r\u00e9seau associatif de 300 lieux de diffusion de concerts s\u2019adressant au jeune public (500 000 spectateurs annuels).<\/p>    <\/div>\n<\/div>\n<!-- \/module text -->        <\/div>\n                    <div  data-lazy=\"1\" class=\"module_column tb-column col4-2 tb_e40r000 last\">\n                    <!-- module image -->\n<div  class=\"module module-image tb_kzue099 image-overlay bordered  active-caption-hover tf_mw\" data-lazy=\"1\">\n        <div class=\"image-wrap tf_rel tf_mw\">\n            <img loading=\"lazy\" decoding=\"async\" width=\"1000\" height=\"934\" src=\"https:\/\/dfkr.eu\/wp-content\/uploads\/2025\/03\/unisex-avatar.png\" class=\"wp-post-image wp-image-3426\" title=\"unisex-avatar\" alt=\"unisex-avatar\" srcset=\"https:\/\/dfkr.eu\/wp-content\/uploads\/2025\/03\/unisex-avatar.png 1000w, https:\/\/dfkr.eu\/wp-content\/uploads\/2025\/03\/unisex-avatar-300x280.png 300w, https:\/\/dfkr.eu\/wp-content\/uploads\/2025\/03\/unisex-avatar-768x717.png 768w\" sizes=\"auto, (max-width: 1000px) 100vw, 1000px\" \/>    \n    \n                <\/div>\n        <!-- \/image-wrap -->\n    <\/div>\n<!-- \/module image -->        <\/div>\n                        <\/div>\n        <\/div>\n                        <div  data-lazy=\"1\" class=\"module_row themify_builder_row tb_lqlm006 tf_w\">\n                        <div class=\"row_inner col_align_top tb_col_count_1 tf_box tf_rel\">\n                        <div  data-lazy=\"1\" class=\"module_column tb-column col-full tb_f61z063 first\">\n                    <!-- module buttons -->\n<div  class=\"module module-buttons tb_ty3o600 buttons-horizontal solid   rounded\" data-lazy=\"1\">\n        <div class=\"module-buttons-item tf_in_flx\">\n                        <a href=\"https:\/\/dfkr.eu\/fr\/membres-du-hccfa-de-2018-a-2020\/\" class=\"ui builder_button tf_in_flx red\" >\n                                    <em><svg  class=\"tf_fa tf-ti-back-right\" xmlns:xlink=\"http:\/\/www.w3.org\/1999\/xlink\" aria-hidden=\"true\"><use href=\"#tf-ti-back-right\" xlink:href=\"#tf-ti-back-right\"><\/use><\/svg><\/em>                                        retour aux membres de 2015 \u00e0 2017                                        <\/a>\n                <\/div>\n            <\/div>\n<!-- \/module buttons -->\n        <\/div>\n                        <\/div>\n        <\/div>\n        <\/div>\n<!--\/themify_builder_content-->\n<\/div>","protected":false},"excerpt":{"rendered":"<p><!-- RS_MODULE_CODE_2.5.3-ml --><\/p>\n<div id=\"readspeaker_button3804\" class=\"rs_skip rsbtn rs_preserve\"><a class=\"rsbtn_play\" title=\"Ecouter le texte avec ReadSpeaker\" href=\"https:\/\/app-eu.readspeaker.com\/cgi-bin\/rsent?customerid=14814&amp;lang=fr_fr&amp;readid=rspeak_read_3804&amp;url=https%3A%2F%2Fdfkr.eu%2Ffr%2Fwp-json%2Fwp%2Fv2%2Fpages%2F3804\"><span class=\"rsbtn_left rsimg rspart\"><span class=\"rsbtn_text\"><span>Ecouter<\/span><\/span><\/span><span class=\"rsbtn_right rsimg rsplay rspart\"><\/span><\/a><\/div>\n<div id=\"rspeak_read_3804\"> Bruno Boutleux Membre du HCCFA de 2005 \u00e0 2017 Bruno Boutleux est le directeur g\u00e9n\u00e9ral g\u00e9rant de l\u2019organisme de gestion collective Adami, (administration des droits des artistes et musiciens interpr\u00e8tes). En 1995, il est nomm\u00e9 directeur du FCM (Fonds pour la cr\u00e9ation musicale). La vocation du FCM est de r\u00e9unir l\u2019ensemble de la fili\u00e8re [&hellip;]<\/div>\n","protected":false},"author":4,"featured_media":0,"parent":0,"menu_order":0,"comment_status":"closed","ping_status":"closed","template":"","meta":{"footnotes":""},"class_list":["post-3804","page","type-page","status-publish","hentry","has-post-title","has-post-date","has-post-category","has-post-tag","has-post-comment","has-post-author",""],"builder_content":"<h1>Bruno Boutleux<\/h1>\n<p>Membre du HCCFA de 2005 \u00e0 2017<\/p><p>Bruno Boutleux est le directeur g\u00e9n\u00e9ral g\u00e9rant de l\u2019organisme de gestion collective Adami, (administration des droits des artistes et musiciens interpr\u00e8tes). En 1995, il est nomm\u00e9 directeur du FCM (Fonds pour la cr\u00e9ation musicale). La vocation du FCM est de r\u00e9unir l\u2019ensemble de la fili\u00e8re musicale afin d\u2019apporter un soutien financier \u00e0 la cr\u00e9ation, la diffusion et la formation dans le monde de la musique. Bruno Boutleux devient par ailleurs directeur g\u00e9n\u00e9ral des Jeunesse musicales de France en 2002. Charg\u00e9es d\u2019une mission d\u2019\u00e9ducation artistique, les JMF sont un r\u00e9seau associatif de 300 lieux de diffusion de concerts s\u2019adressant au jeune public (500 000 spectateurs annuels).<\/p>\n<img src=\"https:\/\/dfkr.eu\/wp-content\/uploads\/2025\/03\/unisex-avatar.png\" title=\"unisex-avatar\" alt=\"unisex-avatar\" srcset=\"https:\/\/dfkr.eu\/wp-content\/uploads\/2025\/03\/unisex-avatar.png 1000w, https:\/\/dfkr.eu\/wp-content\/uploads\/2025\/03\/unisex-avatar-300x280.png 300w, https:\/\/dfkr.eu\/wp-content\/uploads\/2025\/03\/unisex-avatar-768x717.png 768w\" sizes=\"(max-width: 1000px) 100vw, 1000px\" \/>\n<a href=\"https:\/\/dfkr.eu\/fr\/membres-du-hccfa-de-2018-a-2020\/\" > <em><svg xmlns:xlink=\"http:\/\/www.w3.org\/1999\/xlink\" aria-hidden=\"true\"><use href=\"#tf-ti-back-right\" xlink:href=\"#tf-ti-back-right\"><\/use><\/svg><\/em> retour aux membres de 2015 \u00e0 2017 <\/a>","_links":{"self":[{"href":"https:\/\/dfkr.eu\/fr\/wp-json\/wp\/v2\/pages\/3804","targetHints":{"allow":["GET"]}}],"collection":[{"href":"https:\/\/dfkr.eu\/fr\/wp-json\/wp\/v2\/pages"}],"about":[{"href":"https:\/\/dfkr.eu\/fr\/wp-json\/wp\/v2\/types\/page"}],"author":[{"embeddable":true,"href":"https:\/\/dfkr.eu\/fr\/wp-json\/wp\/v2\/users\/4"}],"replies":[{"embeddable":true,"href":"https:\/\/dfkr.eu\/fr\/wp-json\/wp\/v2\/comments?post=3804"}],"version-history":[{"count":5,"href":"https:\/\/dfkr.eu\/fr\/wp-json\/wp\/v2\/pages\/3804\/revisions"}],"predecessor-version":[{"id":3815,"href":"https:\/\/dfkr.eu\/fr\/wp-json\/wp\/v2\/pages\/3804\/revisions\/3815"}],"wp:attachment":[{"href":"https:\/\/dfkr.eu\/fr\/wp-json\/wp\/v2\/media?parent=3804"}],"curies":[{"name":"wp","href":"https:\/\/api.w.org\/{rel}","templated":true}]}}