{"id":3740,"date":"2025-02-07T12:43:25","date_gmt":"2025-02-07T11:43:25","guid":{"rendered":"https:\/\/dfkr.eu\/contact\/"},"modified":"2026-04-20T15:01:20","modified_gmt":"2026-04-20T13:01:20","slug":"contact","status":"publish","type":"page","link":"https:\/\/dfkr.eu\/fr\/contact\/","title":{"rendered":"Contact"},"content":{"rendered":"<!-- RS_MODULE_CODE_2.5.3-ml --><div id=\"readspeaker_button3740\" class=\"rs_skip rsbtn rs_preserve\"><a class=\"rsbtn_play\" title=\"Ecouter le texte avec ReadSpeaker\" href=\"https:\/\/app-eu.readspeaker.com\/cgi-bin\/rsent?customerid=14814&amp;lang=fr_fr&amp;readid=rspeak_read_3740&amp;url=https%3A%2F%2Fdfkr.eu%2Ffr%2Fwp-json%2Fwp%2Fv2%2Fpages%2F3740\"><span class=\"rsbtn_left rsimg rspart\"><span class=\"rsbtn_text\"><span>Ecouter<\/span><\/span><\/span><span class=\"rsbtn_right rsimg rsplay rspart\"><\/span><\/a><\/div><div id=\"rspeak_read_3740\"><!--themify_builder_content-->\n<div id=\"themify_builder_content-3740\" data-postid=\"3740\" class=\"themify_builder_content themify_builder_content-3740 themify_builder tf_clear\">\n                    <div  data-lazy=\"1\" class=\"module_row themify_builder_row tb_axbg180 tb_first tf_w\">\n                        <div class=\"row_inner col_align_top tb_col_count_1 tf_box tf_rel\">\n                        <div  data-lazy=\"1\" class=\"module_column tb-column col-full tb_eg4t180 first\">\n                    <!-- module text -->\n<div  class=\"module module-text tb_9twc73   \" data-lazy=\"1\">\n        <div  class=\"tb_text_wrap\">\n        <h1>Contact<\/h1>    <\/div>\n<\/div>\n<!-- \/module text --><!-- module image -->\n<div  class=\"module module-image tb_9kv326 image-top   tf_mw\" data-lazy=\"1\">\n        <div class=\"image-wrap tf_rel tf_mw\">\n            <img decoding=\"async\" src=\"https:\/\/dfkr.eu\/wp-content\/uploads\/2025\/02\/schwarz-rot-gold-1.svg\" width=\"250\" class=\"wp-post-image wp-image-3417\" title=\"noir-rouge-or\" alt=\"noir-rouge-or\">    \n        <\/div>\n    <!-- \/image-wrap -->\n    \n        <\/div>\n<!-- \/module image -->        <\/div>\n                        <\/div>\n        <\/div>\n                        <div  data-lazy=\"1\" class=\"module_row themify_builder_row tb_9i4x199 tf_w\">\n                        <div class=\"row_inner col_align_top tb_col_count_3 tf_box tf_rel\">\n                        <div  data-lazy=\"1\" class=\"module_column tb-column col3-1 tb_wpjh199 first\">\n                    <!-- module text -->\n<div  class=\"module module-text tb_g8ov802   \" data-lazy=\"1\">\n        <div  class=\"tb_text_wrap\">\n        <p><strong>Deutsches Generalsekretariat<\/strong><br>Heuduckstra\u00dfe 1<br>66117 Saarbr\u00fccken<br>Deutschland<\/p>\n<p>T\u00e9l\u00e9phone +49 681 501 1226<br>Fax +49 681 501 1269<br><a href=\"mailto:sekretariat@dfkr.eu\">sekretariat@dfkr.eu<\/a><\/p>\n    <\/div>\n<\/div>\n<!-- \/module text -->        <\/div>\n                    <div  data-lazy=\"1\" class=\"module_column tb-column col3-1 tb_rohh306\">\n                    <!-- module text -->\n<div  class=\"module module-text tb_bp7t587   \" data-lazy=\"1\">\n        <div  class=\"tb_text_wrap\">\n        <p>Charg\u00e9e de mission : Clara Bedos Bergmann<br \/><a href=\"mailto:bedos-bergmann@dfkr.eu\">bedos-bergmann@dfkr.eu<\/a><br \/>T\u00e9l\u00e9phone +49 681 501 1225<\/p><p>\u00c9tudiant salari\u00e9 : Nicolas Kuietche<br \/><a href=\"mailto:media@dfkr.eu\">media@dfkr.eu<\/a><\/p>    <\/div>\n<\/div>\n<!-- \/module text -->        <\/div>\n                    <div  data-lazy=\"1\" class=\"module_column tb-column col3-1 tb_gt1y387 last\">\n                            <\/div>\n                        <\/div>\n        <\/div>\n                        <div  data-lazy=\"1\" class=\"module_row themify_builder_row tb_zvru621 tf_w\">\n                        <div class=\"row_inner col_align_top tb_col_count_1 tf_box tf_rel\">\n                        <div  data-lazy=\"1\" class=\"module_column tb-column col-full tb_26q7621 first\">\n                    <!-- module image -->\n<div  class=\"module module-image tb_zu37237 image-top   tf_mw\" data-lazy=\"1\">\n        <div class=\"image-wrap tf_rel tf_mw\">\n            <img decoding=\"async\" src=\"https:\/\/dfkr.eu\/wp-content\/uploads\/2025\/02\/blau-weiss-rot.svg\" width=\"250\" class=\"wp-post-image wp-image-3418\" title=\"bleu blanc rouge\" alt=\"bleu blanc rouge\">    \n        <\/div>\n    <!-- \/image-wrap -->\n    \n        <\/div>\n<!-- \/module image -->        <\/div>\n                        <\/div>\n        <\/div>\n                        <div  data-lazy=\"1\" class=\"module_row themify_builder_row tb_a638651 tf_w\">\n                        <div class=\"row_inner col_align_top tb_col_count_3 tf_box tf_rel\">\n                        <div  data-lazy=\"1\" class=\"module_column tb-column col3-1 tb_0kxg651 first\">\n                    <!-- module text -->\n<div  class=\"module module-text tb_kcdf651   \" data-lazy=\"1\">\n        <div  class=\"tb_text_wrap\">\n        <p><strong>Franz\u00f6sisches Generalsekretariat<\/strong><br>Consulat G\u00e9n\u00e9ral de France<br>Am Ludwigsplatz 10<br>66117 Saarbr\u00fccken<br>Deutschland<\/p>\n<p>T\u00e9l\u00e9phone +49 170 955 1005<\/p>    <\/div>\n<\/div>\n<!-- \/module text -->        <\/div>\n                    <div  data-lazy=\"1\" class=\"module_column tb-column col3-1 tb_1bp0651\">\n                    <!-- module text -->\n<div  class=\"module module-text tb_wol3651   \" data-lazy=\"1\">\n        <div  class=\"tb_text_wrap\">\n            <\/div>\n<\/div>\n<!-- \/module text -->        <\/div>\n                    <div  data-lazy=\"1\" class=\"module_column tb-column col3-1 tb_rfm2871 last\">\n                            <\/div>\n                        <\/div>\n        <\/div>\n        <\/div>\n<!--\/themify_builder_content--><\/div>","protected":false},"excerpt":{"rendered":"<p><!-- RS_MODULE_CODE_2.5.3-ml --><\/p>\n<div id=\"readspeaker_button3740\" class=\"rs_skip rsbtn rs_preserve\"><a class=\"rsbtn_play\" title=\"Ecouter le texte avec ReadSpeaker\" href=\"https:\/\/app-eu.readspeaker.com\/cgi-bin\/rsent?customerid=14814&amp;lang=fr_fr&amp;readid=rspeak_read_3740&amp;url=https%3A%2F%2Fdfkr.eu%2Ffr%2Fwp-json%2Fwp%2Fv2%2Fpages%2F3740\"><span class=\"rsbtn_left rsimg rspart\"><span class=\"rsbtn_text\"><span>Ecouter<\/span><\/span><\/span><span class=\"rsbtn_right rsimg rsplay rspart\"><\/span><\/a><\/div>\n<div id=\"rspeak_read_3740\"><\/div>\n","protected":false},"author":1,"featured_media":0,"parent":0,"menu_order":0,"comment_status":"closed","ping_status":"closed","template":"","meta":{"footnotes":""},"class_list":["post-3740","page","type-page","status-publish","hentry","has-post-title","has-post-date","has-post-category","has-post-tag","has-post-comment","has-post-author",""],"builder_content":"<h1>Contact<\/h1>\n<img src=\"https:\/\/dfkr.eu\/wp-content\/uploads\/2025\/02\/schwarz-rot-gold-1.svg\" width=\"250\" title=\"noir-rouge-or\" alt=\"noir-rouge-or\">\n<p><strong>Deutsches Generalsekretariat<\/strong><br>Heuduckstra\u00dfe 1<br>66117 Saarbr\u00fccken<br>Deutschland<\/p> <p>T\u00e9l\u00e9phone +49 681 501 1226<br>Fax +49 681 501 1269<br><a href=\"mailto:sekretariat@dfkr.eu\">sekretariat@dfkr.eu<\/a><\/p>\n<p>Charg\u00e9e de mission : Clara Bedos Bergmann<br \/><a href=\"mailto:bedos-bergmann@dfkr.eu\">bedos-bergmann@dfkr.eu<\/a><br \/>T\u00e9l\u00e9phone +49 681 501 1225<\/p><p>\u00c9tudiant salari\u00e9 : Nicolas Kuietche<br \/><a href=\"mailto:media@dfkr.eu\">media@dfkr.eu<\/a><\/p>\n<img src=\"https:\/\/dfkr.eu\/wp-content\/uploads\/2025\/02\/blau-weiss-rot.svg\" width=\"250\" title=\"bleu blanc rouge\" alt=\"bleu blanc rouge\">\n<p><strong>Franz\u00f6sisches Generalsekretariat<\/strong><br>Consulat G\u00e9n\u00e9ral de France<br>Am Ludwigsplatz 10<br>66117 Saarbr\u00fccken<br>Deutschland<\/p> <p>T\u00e9l\u00e9phone +49 170 955 1005<\/p>\n","_links":{"self":[{"href":"https:\/\/dfkr.eu\/fr\/wp-json\/wp\/v2\/pages\/3740","targetHints":{"allow":["GET"]}}],"collection":[{"href":"https:\/\/dfkr.eu\/fr\/wp-json\/wp\/v2\/pages"}],"about":[{"href":"https:\/\/dfkr.eu\/fr\/wp-json\/wp\/v2\/types\/page"}],"author":[{"embeddable":true,"href":"https:\/\/dfkr.eu\/fr\/wp-json\/wp\/v2\/users\/1"}],"replies":[{"embeddable":true,"href":"https:\/\/dfkr.eu\/fr\/wp-json\/wp\/v2\/comments?post=3740"}],"version-history":[{"count":5,"href":"https:\/\/dfkr.eu\/fr\/wp-json\/wp\/v2\/pages\/3740\/revisions"}],"predecessor-version":[{"id":4408,"href":"https:\/\/dfkr.eu\/fr\/wp-json\/wp\/v2\/pages\/3740\/revisions\/4408"}],"wp:attachment":[{"href":"https:\/\/dfkr.eu\/fr\/wp-json\/wp\/v2\/media?parent=3740"}],"curies":[{"name":"wp","href":"https:\/\/api.w.org\/{rel}","templated":true}]}}