{"id":3670,"date":"2025-02-06T22:35:53","date_gmt":"2025-02-06T21:35:53","guid":{"rendered":"https:\/\/dfkr.eu\/mentions-legales\/"},"modified":"2025-05-15T11:26:11","modified_gmt":"2025-05-15T09:26:11","slug":"mentions-legales","status":"publish","type":"page","link":"https:\/\/dfkr.eu\/fr\/mentions-legales\/","title":{"rendered":"Mentions l\u00e9gales"},"content":{"rendered":"<!-- RS_MODULE_CODE_2.5.3-ml --><div id=\"readspeaker_button3670\" class=\"rs_skip rsbtn rs_preserve\"><a class=\"rsbtn_play\" title=\"Ecouter le texte avec ReadSpeaker\" href=\"https:\/\/app-eu.readspeaker.com\/cgi-bin\/rsent?customerid=14814&amp;lang=fr_fr&amp;readid=rspeak_read_3670&amp;url=https%3A%2F%2Fdfkr.eu%2Ffr%2Fwp-json%2Fwp%2Fv2%2Fpages%2F3670\"><span class=\"rsbtn_left rsimg rspart\"><span class=\"rsbtn_text\"><span>Ecouter<\/span><\/span><\/span><span class=\"rsbtn_right rsimg rsplay rspart\"><\/span><\/a><\/div><div id=\"rspeak_read_3670\"><!--themify_builder_content-->\n<div id=\"themify_builder_content-3670\" data-postid=\"3670\" class=\"themify_builder_content themify_builder_content-3670 themify_builder tf_clear\">\n                    <div  data-lazy=\"1\" class=\"module_row themify_builder_row tb_v4kj513 tb_first tf_w\">\n                        <div class=\"row_inner col_align_top tb_col_count_1 tf_box tf_rel\">\n                        <div  data-lazy=\"1\" class=\"module_column tb-column col-full tb_yjyi513 first\">\n                    <!-- module text -->\n<div  class=\"module module-text tb_u6e36   \" data-lazy=\"1\">\n        <div  class=\"tb_text_wrap\">\n        <h1> Mentions l\u00e9gales<\/h1>    <\/div>\n<\/div>\n<!-- \/module text -->        <\/div>\n                        <\/div>\n        <\/div>\n                        <div  data-lazy=\"1\" class=\"module_row themify_builder_row tb_h33355 tf_w\">\n                        <div class=\"row_inner col_align_top tb_col_count_1 tf_box tf_rel\">\n                        <div  data-lazy=\"1\" class=\"module_column tb-column col-full tb_pdln55 first\">\n                    <!-- module image -->\n<div  class=\"module module-image tb_n7hm55 image-top   tf_mw\" data-lazy=\"1\">\n        <div class=\"image-wrap tf_rel tf_mw\">\n            <img decoding=\"async\" src=\"https:\/\/dfkr.eu\/wp-content\/uploads\/2025\/02\/schwarz-rot-gold-1.svg\" width=\"250\" class=\"wp-post-image wp-image-3417\" title=\"noir-rouge-or\" alt=\"noir-rouge-or\">    \n        <\/div>\n    <!-- \/image-wrap -->\n    \n        <\/div>\n<!-- \/module image -->        <\/div>\n                        <\/div>\n        <\/div>\n                        <div  data-lazy=\"1\" class=\"module_row themify_builder_row tb_kv3g088 tf_w\">\n                        <div class=\"row_inner col_align_top tb_col_count_1 tf_box tf_rel\">\n                        <div  data-lazy=\"1\" class=\"module_column tb-column col-full tb_6efj057 first\">\n                    <!-- module text -->\n<div  class=\"module module-text tb_lfnh078   \" data-lazy=\"1\">\n        <div  class=\"tb_text_wrap\">\n        <p><strong>Deutsches Generalsekretariat<\/strong><br>Heuduckstra\u00dfe 1<br>66117 Saarbr\u00fccken<br>Deutschland<\/p><h2>Kontakt<\/h2><p>Telefon +49 681 501 1225<br>Telefax +49 681 501 1269<br><a href=\"mailto:sekretariat@dfkr.eu\" target=\"_blank\" rel=\"noopener\">sekretariat@dfkr.eu<\/a><\/p><p>Referentin: Clara Bedos Bergmann<br><a href=\"mailto:bedos-bergmann@dfkr.eu\">bedos-bergmann@dfkr.eu<\/a><\/p>    <\/div>\n<\/div>\n<!-- \/module text -->        <\/div>\n                        <\/div>\n        <\/div>\n                        <div  data-lazy=\"1\" class=\"module_row themify_builder_row tb_n0xj807 tf_w\">\n                        <div class=\"row_inner col_align_top tb_col_count_1 tf_box tf_rel\">\n                        <div  data-lazy=\"1\" class=\"module_column tb-column col-full tb_ci4t807 first\">\n                    <!-- module image -->\n<div  class=\"module module-image tb_kga7807 image-top   tf_mw\" data-lazy=\"1\">\n        <div class=\"image-wrap tf_rel tf_mw\">\n            <img decoding=\"async\" src=\"https:\/\/dfkr.eu\/wp-content\/uploads\/2025\/02\/blau-weiss-rot.svg\" width=\"250\" class=\"wp-post-image wp-image-3418\" title=\"bleu blanc rouge\" alt=\"bleu blanc rouge\">    \n        <\/div>\n    <!-- \/image-wrap -->\n    \n        <\/div>\n<!-- \/module image -->        <\/div>\n                        <\/div>\n        <\/div>\n                        <div  data-lazy=\"1\" class=\"module_row themify_builder_row tb_tjlh887 tf_w\">\n                        <div class=\"row_inner col_align_top tb_col_count_1 tf_box tf_rel\">\n                        <div  data-lazy=\"1\" class=\"module_column tb-column col-full tb_4b7j888 first\">\n                    <!-- module text -->\n<div  class=\"module module-text tb_0vze888   \" data-lazy=\"1\">\n        <div  class=\"tb_text_wrap\">\n        <p><strong>Franz\u00f6sisches Generalsekretariat<\/strong><br \/>Consulat G\u00e9n\u00e9ral de France<br \/>Am Ludwigsplatz 10<br \/>66117 Saarbr\u00fccken<br \/>Deutschland<\/p><h2>Kontakt<\/h2><p>Referent: Martin Pons<br \/><a href=\"mailto:martin.pons@institutfrancais.de\">martin.pons@institutfrancais.de<\/a><\/p><p>&nbsp;<\/p>    <\/div>\n<\/div>\n<!-- \/module text -->        <\/div>\n                        <\/div>\n        <\/div>\n                        <div  data-lazy=\"1\" class=\"module_row themify_builder_row tb_1ysa462 tf_w\">\n                        <div class=\"row_inner col_align_top tb_col_count_1 tf_box tf_rel\">\n                        <div  data-lazy=\"1\" class=\"module_column tb-column col-full tb_x5tu463 first\">\n                    <!-- module text -->\n<div  class=\"module module-text tb_pxft175   \" data-lazy=\"1\">\n        <div  class=\"tb_text_wrap\">\n        <h3>Online-Streitbeilegung<\/h3><p>Die Europ\u00e4ische Kommission stellt eine Plattform zur Online-Streitbeilegung (OS) bereit: <a href=\"https:\/\/ec.europa.eu\/consumers\/odr\" rel=\"nofollow\">https:\/\/ec.europa.eu\/consumers\/odr<\/a>.\u00a0 Unsere E-Mail-Adresse finden Sie oben im Impressum. Wir sind nicht bereit oder verpflichtet, an Streitbeilegungsverfahren vor einer Verbraucherschlichtungsstelle teilzunehmen.<\/p><h3>Haftung f\u00fcr Inhalte<\/h3><p>Als Diensteanbieter sind wir gem\u00e4\u00df \u00a7 7 Abs.1 TMG f\u00fcr eigene Inhalte auf diesen Seiten nach den allgemeinen Gesetzen verantwortlich. Nach \u00a7\u00a7 8 bis 10 TMG sind wir als Diensteanbieter jedoch nicht\u00a0 verpflichtet, \u00fcbermittelte oder gespeicherte fremde Informationen zu \u00fcberwachen oder nach\u00a0 Umst\u00e4nden zu forschen, die auf eine rechtswidrige T\u00e4tigkeit hinweisen.<br \/>Verpflichtungen zur Entfernung oder Sperrung der Nutzung von Informationen nach den\u00a0 allgemeinen Gesetzen bleiben hiervon unber\u00fchrt. Eine diesbez\u00fcgliche Haftung ist jedoch erst ab dem Zeitpunkt der Kenntnis einer konkreten Rechtsverletzung m\u00f6glich. Bei Bekanntwerden von entsprechenden Rechtsverletzungen werden wir diese Inhalte umgehend entfernen.<\/p><h3>Haftung f\u00fcr Links<\/h3><p>Unser Angebot enth\u00e4lt Links zu externen Websites Dritter, auf deren Inhalte wir keinen Einfluss haben. Deshalb k\u00f6nnen wir f\u00fcr diese fremden Inhalte auch keine Gew\u00e4hr \u00fcbernehmen. F\u00fcr die Inhalte der verlinkten Seiten ist stets der jeweilige Anbieter oder Betreiber der Seiten verantwortlich. Die verlinkten Seiten wurden zum Zeitpunkt der Verlinkung auf m\u00f6gliche Rechtsverst\u00f6\u00dfe \u00fcberpr\u00fcft.\u00a0 Rechtswidrige Inhalte waren zum Zeitpunkt der Verlinkung nicht erkennbar. Eine permanente inhaltliche Kontrolle der verlinkten Seiten ist jedoch ohne konkrete Anhaltspunkte\u00a0 einer Rechtsverletzung nicht zumutbar. Bei Bekanntwerden von Rechtsverletzungen werden\u00a0 wir derartige Links umgehend entfernen.<\/p><h3>Urheberrecht<\/h3><p>Die durch die Seitenbetreiber erstellten Inhalte und Werke auf diesen Seiten unterliegen dem deutschen Urheberrecht. Die Vervielf\u00e4ltigung, Bearbeitung, Verbreitung und jede Art der Verwertung au\u00dferhalb der Grenzen des Urheberrechtes bed\u00fcrfen der schriftlichen Zustimmung des jeweiligen Autors bzw. Erstellers. Downloads und Kopien dieser Seite sind nur f\u00fcr den privaten, nicht kommerziellen Gebrauch gestattet. Soweit die Inhalte auf dieser Seite nicht vom Betreiber erstellt wurden, werden die Urheberrechte Dritter beachtet.\u00a0 Insbesondere werden Inhalte Dritter als solche gekennzeichnet.\u00a0 Sollten Sie trotzdem auf eine Urheberrechtsverletzung aufmerksam werden, bitten wir um einen entsprechenden Hinweis.<br \/>Bei Bekanntwerden von Rechtsverletzungen werden wir derartige Inhalte umgehend entfernen.<\/p><p>Quelle:<a href=\"https:\/\/www.e-recht24.de\/impressum-generator.html\" rel=\"nofollow\"> https:\/\/www.e-recht24.de\/impressum-generator.html<\/a><\/p>    <\/div>\n<\/div>\n<!-- \/module text -->        <\/div>\n                        <\/div>\n        <\/div>\n        <\/div>\n<!--\/themify_builder_content-->\n<\/div>","protected":false},"excerpt":{"rendered":"<p><!-- RS_MODULE_CODE_2.5.3-ml --><\/p>\n<div id=\"readspeaker_button3670\" class=\"rs_skip rsbtn rs_preserve\"><a class=\"rsbtn_play\" title=\"Ecouter le texte avec ReadSpeaker\" href=\"https:\/\/app-eu.readspeaker.com\/cgi-bin\/rsent?customerid=14814&amp;lang=fr_fr&amp;readid=rspeak_read_3670&amp;url=https%3A%2F%2Fdfkr.eu%2Ffr%2Fwp-json%2Fwp%2Fv2%2Fpages%2F3670\"><span class=\"rsbtn_left rsimg rspart\"><span class=\"rsbtn_text\"><span>Ecouter<\/span><\/span><\/span><span class=\"rsbtn_right rsimg rsplay rspart\"><\/span><\/a><\/div>\n<div id=\"rspeak_read_3670\"> Mentions l\u00e9gales Deutsches GeneralsekretariatHeuduckstra\u00dfe 166117 Saarbr\u00fcckenDeutschland Kontakt Telefon +49 681 501 1225Telefax +49 681 501 1269sekretariat@dfkr.eu Referentin: Clara Bedos Bergmannbedos-bergmann@dfkr.eu Franz\u00f6sisches GeneralsekretariatConsulat G\u00e9n\u00e9ral de FranceAm Ludwigsplatz 1066117 Saarbr\u00fcckenDeutschland Kontakt Referent: Martin Ponsmartin.pons@institutfrancais.de &nbsp; Online-Streitbeilegung Die Europ\u00e4ische Kommission stellt eine Plattform zur Online-Streitbeilegung (OS) bereit: https:\/\/ec.europa.eu\/consumers\/odr.\u00a0 Unsere E-Mail-Adresse finden Sie oben im Impressum. Wir sind [&hellip;]<\/div>\n","protected":false},"author":1,"featured_media":0,"parent":0,"menu_order":0,"comment_status":"closed","ping_status":"open","template":"","meta":{"footnotes":""},"class_list":["post-3670","page","type-page","status-publish","hentry","has-post-title","has-post-date","has-post-category","has-post-tag","has-post-comment","has-post-author",""],"builder_content":"<h1> Mentions l\u00e9gales<\/h1>\n<img src=\"https:\/\/dfkr.eu\/wp-content\/uploads\/2025\/02\/schwarz-rot-gold-1.svg\" width=\"250\" title=\"noir-rouge-or\" alt=\"noir-rouge-or\">\n<p><strong>Deutsches Generalsekretariat<\/strong><br>Heuduckstra\u00dfe 1<br>66117 Saarbr\u00fccken<br>Deutschland<\/p><h2>Kontakt<\/h2><p>Telefon +49 681 501 1225<br>Telefax +49 681 501 1269<br><a href=\"mailto:sekretariat@dfkr.eu\" target=\"_blank\" rel=\"noopener\">sekretariat@dfkr.eu<\/a><\/p><p>Referentin: Clara Bedos Bergmann<br><a href=\"mailto:bedos-bergmann@dfkr.eu\">bedos-bergmann@dfkr.eu<\/a><\/p>\n<img src=\"https:\/\/dfkr.eu\/wp-content\/uploads\/2025\/02\/blau-weiss-rot.svg\" width=\"250\" title=\"bleu blanc rouge\" alt=\"bleu blanc rouge\">\n<p><strong>Franz\u00f6sisches Generalsekretariat<\/strong><br \/>Consulat G\u00e9n\u00e9ral de France<br \/>Am Ludwigsplatz 10<br \/>66117 Saarbr\u00fccken<br \/>Deutschland<\/p><h2>Kontakt<\/h2><p>Referent: Martin Pons<br \/><a href=\"mailto:martin.pons@institutfrancais.de\">martin.pons@institutfrancais.de<\/a><\/p><p>&nbsp;<\/p>\n<h3>Online-Streitbeilegung<\/h3><p>Die Europ\u00e4ische Kommission stellt eine Plattform zur Online-Streitbeilegung (OS) bereit: <a href=\"https:\/\/ec.europa.eu\/consumers\/odr\" rel=\"nofollow\">https:\/\/ec.europa.eu\/consumers\/odr<\/a>.\u00a0 Unsere E-Mail-Adresse finden Sie oben im Impressum. Wir sind nicht bereit oder verpflichtet, an Streitbeilegungsverfahren vor einer Verbraucherschlichtungsstelle teilzunehmen.<\/p><h3>Haftung f\u00fcr Inhalte<\/h3><p>Als Diensteanbieter sind wir gem\u00e4\u00df \u00a7 7 Abs.1 TMG f\u00fcr eigene Inhalte auf diesen Seiten nach den allgemeinen Gesetzen verantwortlich. Nach \u00a7\u00a7 8 bis 10 TMG sind wir als Diensteanbieter jedoch nicht\u00a0 verpflichtet, \u00fcbermittelte oder gespeicherte fremde Informationen zu \u00fcberwachen oder nach\u00a0 Umst\u00e4nden zu forschen, die auf eine rechtswidrige T\u00e4tigkeit hinweisen.<br \/>Verpflichtungen zur Entfernung oder Sperrung der Nutzung von Informationen nach den\u00a0 allgemeinen Gesetzen bleiben hiervon unber\u00fchrt. Eine diesbez\u00fcgliche Haftung ist jedoch erst ab dem Zeitpunkt der Kenntnis einer konkreten Rechtsverletzung m\u00f6glich. Bei Bekanntwerden von entsprechenden Rechtsverletzungen werden wir diese Inhalte umgehend entfernen.<\/p><h3>Haftung f\u00fcr Links<\/h3><p>Unser Angebot enth\u00e4lt Links zu externen Websites Dritter, auf deren Inhalte wir keinen Einfluss haben. Deshalb k\u00f6nnen wir f\u00fcr diese fremden Inhalte auch keine Gew\u00e4hr \u00fcbernehmen. F\u00fcr die Inhalte der verlinkten Seiten ist stets der jeweilige Anbieter oder Betreiber der Seiten verantwortlich. Die verlinkten Seiten wurden zum Zeitpunkt der Verlinkung auf m\u00f6gliche Rechtsverst\u00f6\u00dfe \u00fcberpr\u00fcft.\u00a0 Rechtswidrige Inhalte waren zum Zeitpunkt der Verlinkung nicht erkennbar. Eine permanente inhaltliche Kontrolle der verlinkten Seiten ist jedoch ohne konkrete Anhaltspunkte\u00a0 einer Rechtsverletzung nicht zumutbar. Bei Bekanntwerden von Rechtsverletzungen werden\u00a0 wir derartige Links umgehend entfernen.<\/p><h3>Urheberrecht<\/h3><p>Die durch die Seitenbetreiber erstellten Inhalte und Werke auf diesen Seiten unterliegen dem deutschen Urheberrecht. Die Vervielf\u00e4ltigung, Bearbeitung, Verbreitung und jede Art der Verwertung au\u00dferhalb der Grenzen des Urheberrechtes bed\u00fcrfen der schriftlichen Zustimmung des jeweiligen Autors bzw. Erstellers. Downloads und Kopien dieser Seite sind nur f\u00fcr den privaten, nicht kommerziellen Gebrauch gestattet. Soweit die Inhalte auf dieser Seite nicht vom Betreiber erstellt wurden, werden die Urheberrechte Dritter beachtet.\u00a0 Insbesondere werden Inhalte Dritter als solche gekennzeichnet.\u00a0 Sollten Sie trotzdem auf eine Urheberrechtsverletzung aufmerksam werden, bitten wir um einen entsprechenden Hinweis.<br \/>Bei Bekanntwerden von Rechtsverletzungen werden wir derartige Inhalte umgehend entfernen.<\/p><p>Quelle:<a href=\"https:\/\/www.e-recht24.de\/impressum-generator.html\" rel=\"nofollow\"> https:\/\/www.e-recht24.de\/impressum-generator.html<\/a><\/p>","_links":{"self":[{"href":"https:\/\/dfkr.eu\/fr\/wp-json\/wp\/v2\/pages\/3670","targetHints":{"allow":["GET"]}}],"collection":[{"href":"https:\/\/dfkr.eu\/fr\/wp-json\/wp\/v2\/pages"}],"about":[{"href":"https:\/\/dfkr.eu\/fr\/wp-json\/wp\/v2\/types\/page"}],"author":[{"embeddable":true,"href":"https:\/\/dfkr.eu\/fr\/wp-json\/wp\/v2\/users\/1"}],"replies":[{"embeddable":true,"href":"https:\/\/dfkr.eu\/fr\/wp-json\/wp\/v2\/comments?post=3670"}],"version-history":[{"count":4,"href":"https:\/\/dfkr.eu\/fr\/wp-json\/wp\/v2\/pages\/3670\/revisions"}],"predecessor-version":[{"id":3721,"href":"https:\/\/dfkr.eu\/fr\/wp-json\/wp\/v2\/pages\/3670\/revisions\/3721"}],"wp:attachment":[{"href":"https:\/\/dfkr.eu\/fr\/wp-json\/wp\/v2\/media?parent=3670"}],"curies":[{"name":"wp","href":"https:\/\/api.w.org\/{rel}","templated":true}]}}