{"id":3664,"date":"2025-02-17T10:24:19","date_gmt":"2025-02-17T09:24:19","guid":{"rendered":"https:\/\/dfkr.eu\/prof-dr-frank-druffner\/"},"modified":"2025-05-15T16:54:32","modified_gmt":"2025-05-15T14:54:32","slug":"prof-dr-frank-druffner-fr","status":"publish","type":"page","link":"https:\/\/dfkr.eu\/fr\/prof-dr-frank-druffner-fr\/","title":{"rendered":"Prof. Dr. Frank Druffner"},"content":{"rendered":"<!-- RS_MODULE_CODE_2.5.3-ml --><div id=\"readspeaker_button3664\" class=\"rs_skip rsbtn rs_preserve\"><a class=\"rsbtn_play\" title=\"Ecouter le texte avec ReadSpeaker\" href=\"https:\/\/app-eu.readspeaker.com\/cgi-bin\/rsent?customerid=14814&amp;lang=fr_fr&amp;readid=rspeak_read_3664&amp;url=https%3A%2F%2Fdfkr.eu%2Ffr%2Fwp-json%2Fwp%2Fv2%2Fpages%2F3664\"><span class=\"rsbtn_left rsimg rspart\"><span class=\"rsbtn_text\"><span>Ecouter<\/span><\/span><\/span><span class=\"rsbtn_right rsimg rsplay rspart\"><\/span><\/a><\/div><div id=\"rspeak_read_3664\"><!--themify_builder_content-->\n<div id=\"themify_builder_content-3664\" data-postid=\"3664\" class=\"themify_builder_content themify_builder_content-3664 themify_builder tf_clear\">\n                    <div  data-lazy=\"1\" class=\"module_row themify_builder_row tb_u4gg386 tb_first tf_w\">\n                        <div class=\"row_inner col_align_top tb_col_count_1 tf_box tf_rel\">\n                        <div  data-lazy=\"1\" class=\"module_column tb-column col-full tb_dnyy386 first\">\n                    <!-- module text -->\n<div  class=\"module module-text tb_gr6j302   \" data-lazy=\"1\">\n        <div  class=\"tb_text_wrap\">\n        <h1>Prof. Dr. Frank Druffner<\/h1>    <\/div>\n<\/div>\n<!-- \/module text -->        <\/div>\n                        <\/div>\n        <\/div>\n                        <div  data-lazy=\"1\" class=\"module_row themify_builder_row tb_fjhl563 tf_w\">\n                        <div class=\"row_inner col_align_top tb_col_count_2 tf_box tf_rel\">\n                        <div  data-lazy=\"1\" class=\"module_column tb-column col4-2 tb_ti6k616 first\">\n                    <!-- module text -->\n<div  class=\"module module-text tb_ewia210   \" data-lazy=\"1\">\n        <div  class=\"tb_text_wrap\">\n        <div class=\"post-inner thin \">\n<div class=\"entry-content\">\n<div class=\"tx-abook-pi1-description\">\n<div class=\"tx-abook-funktion\">\n<p>N\u00e9 en 1959 \u00e0 Tuttlingen (Bade-Wurtemberg).<\/p>\n<p>Historien de l\u2019art habilit\u00e9 \u00e0 diriger des cours universitaires et professeur non-titulaire \u00e0 l\u2019universit\u00e9 de Marbourg (Hesse) depuis 2013, Frank Druffner a \u00e9tudi\u00e9, en plus de l\u2019histoire de l\u2019art, le Moyen-\u00c2ge et l\u2019\u00e9poque moderne. Apr\u00e8s avoir pass\u00e9 sa th\u00e8se en 1993 \u00e0 la Ludwig-Maximilians-Universit\u00e4t de Munich, il a travaill\u00e9 en tant qu\u2019enseignant-chercheur au Kunstgeschichtliches Institut (institut d\u2019histoire de l\u2019art) de la Philipps-Universit\u00e4t de Marbourg.<\/p>\n<p>Apr\u00e8s un d\u00e9tour par le <a href=\"https:\/\/www.landesmuseum-stuttgart.de\/\" target=\"_blank\" rel=\"noopener\"><em>Landesmuseum W\u00fcrttemberg<\/em><\/a> de Stuttgart, Frank Druffner a rejoint en 2003 le <a href=\"https:\/\/www.dla-marbach.de\/\" target=\"_blank\" rel=\"noopener\"><em>Deutsches Literaturarchiv<\/em><\/a> de Marbourg, une institution supervisant des archives litt\u00e9raires et deux mus\u00e9es. Travaillant d\u2019abord en lien avec les expositions, il est devenu directeur adjoint en 2006, et \u00e0 ce titre responsable de la collecte de fonds, de la coordination de la programmation ainsi que du suivi des cercles d\u2019amis am\u00e9ricain et allemand (entre autres). Il a pris la t\u00eate du fonds d\u2019images et d\u2019objets d\u2019art des collections de Marbourg en 2012.  <\/p>\n<p>Frank Druffner est Secr\u00e9taire g\u00e9n\u00e9ral adjoint de la <a href=\"https:\/\/www.kulturstiftung.de\/\" target=\"_blank\" rel=\"noopener\"><em>Kulturstiftung der L\u00e4nder<\/em><\/a> depuis le 1er janvier 2015 et membre du Haut Conseil culturel franco-allemand depuis janvier 2018.<\/p>\n<\/div>\n<\/div>\n<\/div>\n<\/div>\n<nav class=\"pagination-single section-inner\" aria-label=\"Beitrag\"><\/nav>    <\/div>\n<\/div>\n<!-- \/module text -->        <\/div>\n                    <div  data-lazy=\"1\" class=\"module_column tb-column col4-2 tb_zjw8351 last\">\n                    <!-- module image -->\n<div  class=\"module module-image tb_sac7535 image-top bordered  tf_mw\" data-lazy=\"1\">\n        <div class=\"image-wrap tf_rel tf_mw\">\n            <img loading=\"lazy\" decoding=\"async\" width=\"1440\" height=\"1200\" src=\"https:\/\/dfkr.eu\/wp-content\/uploads\/2025\/02\/Frank-Druffner-c-Oliver-Mark-1.jpg\" class=\"wp-post-image wp-image-3396\" title=\"Portr\u00e4tfoto Frank Druffner \u00a9 Oliver Mark\" alt=\"Photo : Oliver Mark\" srcset=\"https:\/\/dfkr.eu\/wp-content\/uploads\/2025\/02\/Frank-Druffner-c-Oliver-Mark-1.jpg 1440w, https:\/\/dfkr.eu\/wp-content\/uploads\/2025\/02\/Frank-Druffner-c-Oliver-Mark-1-300x250.jpg 300w, https:\/\/dfkr.eu\/wp-content\/uploads\/2025\/02\/Frank-Druffner-c-Oliver-Mark-1-1024x853.jpg 1024w, https:\/\/dfkr.eu\/wp-content\/uploads\/2025\/02\/Frank-Druffner-c-Oliver-Mark-1-768x640.jpg 768w\" sizes=\"auto, (max-width: 1440px) 100vw, 1440px\" \/>    \n        <\/div>\n    <!-- \/image-wrap -->\n    \n        <div class=\"image-content\">\n                        <div class=\"image-caption tb_text_wrap\">\n            Photo : Oliver Mark        <\/div>\n        <!-- \/image-caption -->\n            <\/div>\n    <!-- \/image-content -->\n        <\/div>\n<!-- \/module image -->        <\/div>\n                        <\/div>\n        <\/div>\n                        <div  data-lazy=\"1\" class=\"module_row themify_builder_row tb_lbj8556 tf_w\">\n                        <div class=\"row_inner col_align_top tb_col_count_3 tf_box tf_rel\">\n                        <div  data-lazy=\"1\" class=\"module_column tb-column col3-1 tb_3zrl556 first\">\n                    <!-- module buttons -->\n<div  class=\"module module-buttons tb_hgvs556 buttons-horizontal solid   rounded\" data-lazy=\"1\">\n        <div class=\"module-buttons-item tf_in_flx\">\n                        <a href=\"https:\/\/dfkr.eu\/fr\/membres-du-hccfa-de-2021-a-2025\/\" class=\"ui builder_button tf_in_flx red\" >\n                                    <em><svg  class=\"tf_fa tf-ti-back-right\" xmlns:xlink=\"http:\/\/www.w3.org\/1999\/xlink\" aria-hidden=\"true\"><use href=\"#tf-ti-back-right\" xlink:href=\"#tf-ti-back-right\"><\/use><\/svg><\/em>                                        retour aux membres de 2021 \u00e0 2025                                        <\/a>\n                <\/div>\n            <\/div>\n<!-- \/module buttons -->\n        <\/div>\n                    <div  data-lazy=\"1\" class=\"module_column tb-column col3-1 tb_qoqb556\">\n                    <!-- module buttons -->\n<div  class=\"module module-buttons tb_5gla556 buttons-horizontal solid   rounded\" data-lazy=\"1\">\n        <div class=\"module-buttons-item tf_in_flx\">\n                        <a href=\"https:\/\/dfkr.eu\/fr\/membres-du-hccfa-du-de-2018-a-2020\/\" class=\"ui builder_button tf_in_flx red\" >\n                                    <em><svg  class=\"tf_fa tf-ti-back-right\" xmlns:xlink=\"http:\/\/www.w3.org\/1999\/xlink\" aria-hidden=\"true\"><use href=\"#tf-ti-back-right\" xlink:href=\"#tf-ti-back-right\"><\/use><\/svg><\/em>                                        retour aux membres de 2018 \u00e0 2020                                        <\/a>\n                <\/div>\n            <\/div>\n<!-- \/module buttons -->\n        <\/div>\n                    <div  data-lazy=\"1\" class=\"module_column tb-column col3-1 tb_98n578 last\">\n                            <\/div>\n                        <\/div>\n        <\/div>\n        <\/div>\n<!--\/themify_builder_content-->\n<\/div>","protected":false},"excerpt":{"rendered":"<p><!-- RS_MODULE_CODE_2.5.3-ml --><\/p>\n<div id=\"readspeaker_button3664\" class=\"rs_skip rsbtn rs_preserve\"><a class=\"rsbtn_play\" title=\"Ecouter le texte avec ReadSpeaker\" href=\"https:\/\/app-eu.readspeaker.com\/cgi-bin\/rsent?customerid=14814&amp;lang=fr_fr&amp;readid=rspeak_read_3664&amp;url=https%3A%2F%2Fdfkr.eu%2Ffr%2Fwp-json%2Fwp%2Fv2%2Fpages%2F3664\"><span class=\"rsbtn_left rsimg rspart\"><span class=\"rsbtn_text\"><span>Ecouter<\/span><\/span><\/span><span class=\"rsbtn_right rsimg rsplay rspart\"><\/span><\/a><\/div>\n<div id=\"rspeak_read_3664\"> Prof. Dr. Frank Druffner N\u00e9 en 1959 \u00e0 Tuttlingen (Bade-Wurtemberg). Historien de l\u2019art habilit\u00e9 \u00e0 diriger des cours universitaires et professeur non-titulaire \u00e0 l\u2019universit\u00e9 de Marbourg (Hesse) depuis 2013, Frank Druffner a \u00e9tudi\u00e9, en plus de l\u2019histoire de l\u2019art, le Moyen-\u00c2ge et l\u2019\u00e9poque moderne. Apr\u00e8s avoir pass\u00e9 sa th\u00e8se en 1993 \u00e0 la Ludwig-Maximilians-Universit\u00e4t [&hellip;]<\/div>\n","protected":false},"author":4,"featured_media":0,"parent":0,"menu_order":0,"comment_status":"closed","ping_status":"closed","template":"","meta":{"footnotes":""},"class_list":["post-3664","page","type-page","status-publish","hentry","has-post-title","has-post-date","has-post-category","has-post-tag","has-post-comment","has-post-author",""],"builder_content":"<h1>Prof. Dr. Frank Druffner<\/h1>\n<p>N\u00e9 en 1959 \u00e0 Tuttlingen (Bade-Wurtemberg).<\/p> <p>Historien de l\u2019art habilit\u00e9 \u00e0 diriger des cours universitaires et professeur non-titulaire \u00e0 l\u2019universit\u00e9 de Marbourg (Hesse) depuis 2013, Frank Druffner a \u00e9tudi\u00e9, en plus de l\u2019histoire de l\u2019art, le Moyen-\u00c2ge et l\u2019\u00e9poque moderne. Apr\u00e8s avoir pass\u00e9 sa th\u00e8se en 1993 \u00e0 la Ludwig-Maximilians-Universit\u00e4t de Munich, il a travaill\u00e9 en tant qu\u2019enseignant-chercheur au Kunstgeschichtliches Institut (institut d\u2019histoire de l\u2019art) de la Philipps-Universit\u00e4t de Marbourg.<\/p> <p>Apr\u00e8s un d\u00e9tour par le <a href=\"https:\/\/www.landesmuseum-stuttgart.de\/\" target=\"_blank\" rel=\"noopener\"><em>Landesmuseum W\u00fcrttemberg<\/em><\/a> de Stuttgart, Frank Druffner a rejoint en 2003 le <a href=\"https:\/\/www.dla-marbach.de\/\" target=\"_blank\" rel=\"noopener\"><em>Deutsches Literaturarchiv<\/em><\/a> de Marbourg, une institution supervisant des archives litt\u00e9raires et deux mus\u00e9es. Travaillant d\u2019abord en lien avec les expositions, il est devenu directeur adjoint en 2006, et \u00e0 ce titre responsable de la collecte de fonds, de la coordination de la programmation ainsi que du suivi des cercles d\u2019amis am\u00e9ricain et allemand (entre autres). Il a pris la t\u00eate du fonds d\u2019images et d\u2019objets d\u2019art des collections de Marbourg en 2012. <\/p> <p>Frank Druffner est Secr\u00e9taire g\u00e9n\u00e9ral adjoint de la <a href=\"https:\/\/www.kulturstiftung.de\/\" target=\"_blank\" rel=\"noopener\"><em>Kulturstiftung der L\u00e4nder<\/em><\/a> depuis le 1er janvier 2015 et membre du Haut Conseil culturel franco-allemand depuis janvier 2018.<\/p>\n<nav aria-label=\"Beitrag\"><\/nav>\n<img src=\"https:\/\/dfkr.eu\/wp-content\/uploads\/2025\/02\/Frank-Druffner-c-Oliver-Mark-1.jpg\" title=\"Portr\u00e4tfoto Frank Druffner \u00a9 Oliver Mark\" alt=\"Photo : Oliver Mark\" srcset=\"https:\/\/dfkr.eu\/wp-content\/uploads\/2025\/02\/Frank-Druffner-c-Oliver-Mark-1.jpg 1440w, https:\/\/dfkr.eu\/wp-content\/uploads\/2025\/02\/Frank-Druffner-c-Oliver-Mark-1-300x250.jpg 300w, https:\/\/dfkr.eu\/wp-content\/uploads\/2025\/02\/Frank-Druffner-c-Oliver-Mark-1-1024x853.jpg 1024w, https:\/\/dfkr.eu\/wp-content\/uploads\/2025\/02\/Frank-Druffner-c-Oliver-Mark-1-768x640.jpg 768w\" sizes=\"(max-width: 1440px) 100vw, 1440px\" \/> Photo : Oliver Mark\n<a href=\"https:\/\/dfkr.eu\/fr\/membres-du-hccfa-de-2021-a-2025\/\" > <em><svg xmlns:xlink=\"http:\/\/www.w3.org\/1999\/xlink\" aria-hidden=\"true\"><use href=\"#tf-ti-back-right\" xlink:href=\"#tf-ti-back-right\"><\/use><\/svg><\/em> retour aux membres de 2021 \u00e0 2025 <\/a>\n<a href=\"https:\/\/dfkr.eu\/fr\/membres-du-hccfa-du-de-2018-a-2020\/\" > <em><svg xmlns:xlink=\"http:\/\/www.w3.org\/1999\/xlink\" aria-hidden=\"true\"><use href=\"#tf-ti-back-right\" xlink:href=\"#tf-ti-back-right\"><\/use><\/svg><\/em> retour aux membres de 2018 \u00e0 2020 <\/a>","_links":{"self":[{"href":"https:\/\/dfkr.eu\/fr\/wp-json\/wp\/v2\/pages\/3664","targetHints":{"allow":["GET"]}}],"collection":[{"href":"https:\/\/dfkr.eu\/fr\/wp-json\/wp\/v2\/pages"}],"about":[{"href":"https:\/\/dfkr.eu\/fr\/wp-json\/wp\/v2\/types\/page"}],"author":[{"embeddable":true,"href":"https:\/\/dfkr.eu\/fr\/wp-json\/wp\/v2\/users\/4"}],"replies":[{"embeddable":true,"href":"https:\/\/dfkr.eu\/fr\/wp-json\/wp\/v2\/comments?post=3664"}],"version-history":[{"count":6,"href":"https:\/\/dfkr.eu\/fr\/wp-json\/wp\/v2\/pages\/3664\/revisions"}],"predecessor-version":[{"id":3923,"href":"https:\/\/dfkr.eu\/fr\/wp-json\/wp\/v2\/pages\/3664\/revisions\/3923"}],"wp:attachment":[{"href":"https:\/\/dfkr.eu\/fr\/wp-json\/wp\/v2\/media?parent=3664"}],"curies":[{"name":"wp","href":"https:\/\/api.w.org\/{rel}","templated":true}]}}