{"id":3606,"date":"2025-02-17T10:26:30","date_gmt":"2025-02-17T09:26:30","guid":{"rendered":"https:\/\/dfkr.eu\/prof-dr-werner-lohmann\/"},"modified":"2025-05-15T16:54:32","modified_gmt":"2025-05-15T14:54:32","slug":"prof-dr-werner-lohmann-fr","status":"publish","type":"page","link":"https:\/\/dfkr.eu\/fr\/prof-dr-werner-lohmann-fr\/","title":{"rendered":"Prof. Dr. Werner Lohmann"},"content":{"rendered":"<!-- RS_MODULE_CODE_2.5.3-ml --><div id=\"readspeaker_button3606\" class=\"rs_skip rsbtn rs_preserve\"><a class=\"rsbtn_play\" title=\"Ecouter le texte avec ReadSpeaker\" href=\"https:\/\/app-eu.readspeaker.com\/cgi-bin\/rsent?customerid=14814&amp;lang=fr_fr&amp;readid=rspeak_read_3606&amp;url=https%3A%2F%2Fdfkr.eu%2Ffr%2Fwp-json%2Fwp%2Fv2%2Fpages%2F3606\"><span class=\"rsbtn_left rsimg rspart\"><span class=\"rsbtn_text\"><span>Ecouter<\/span><\/span><\/span><span class=\"rsbtn_right rsimg rsplay rspart\"><\/span><\/a><\/div><div id=\"rspeak_read_3606\"><!--themify_builder_content-->\n<div id=\"themify_builder_content-3606\" data-postid=\"3606\" class=\"themify_builder_content themify_builder_content-3606 themify_builder tf_clear\">\n                    <div  data-lazy=\"1\" class=\"module_row themify_builder_row tb_fin3692 tb_first tf_w\">\n                        <div class=\"row_inner col_align_top tb_col_count_1 tf_box tf_rel\">\n                        <div  data-lazy=\"1\" class=\"module_column tb-column col-full tb_yr2j692 first\">\n                    <!-- module text -->\n<div  class=\"module module-text tb_vxfv938   \" data-lazy=\"1\">\n        <div  class=\"tb_text_wrap\">\n        <h1>Prof. Dr. Werner Lohmann<\/h1>    <\/div>\n<\/div>\n<!-- \/module text -->        <\/div>\n                        <\/div>\n        <\/div>\n                        <div  data-lazy=\"1\" class=\"module_row themify_builder_row tb_3mc8000 tf_w\">\n                        <div class=\"row_inner col_align_top tb_col_count_2 tf_box tf_rel\">\n                        <div  data-lazy=\"1\" class=\"module_column tb-column col4-2 tb_52vr731 first\">\n                    <!-- module text -->\n<div  class=\"module module-text tb_4cas030   \" data-lazy=\"1\">\n        <div  class=\"tb_text_wrap\">\n        <p>De 1969 \u00e0 1973, Werner Lohmann entreprend des \u00e9tudes au conservatoire de musique de Detmold afin de devenir enseignant du second degr\u00e9. Il r\u00e9ussit l\u2019examen d\u2019\u00c9tat, devient professeur de fl\u00fbte traversi\u00e8re et dirige \u00e9galement des ch\u0153urs.  Apr\u00e8s avoir obtenu un dipl\u00f4me de psychologie \u00e0 l\u2019Universit\u00e9 de la Ruhr de Bochum en 1974, il prend la direction de la fili\u00e8re musicale du lyc\u00e9e Freiherr-von-Stein \u00e0 Oberhausen. En 1981, il passe une th\u00e8se et re\u00e7oit le titre de Docteur (Dr.), puis devient en 1982 ma\u00eetre de conf\u00e9rences \u00e0 l\u2019Universit\u00e9\/coll\u00e8ge de Duisburg, o\u00f9 il forme des professeurs de musique.  <\/p>\n<p>A partir de 1988, Werner Lohmann enseigne la p\u00e9dagogie musicale \u00e0 la Hochschule f\u00fcr Musik (institut universitaire de musique) de Cologne, dont il devient le recteur adjoint de 1993 \u00e0 1997, puis le recteur de 1997 \u00e0 2002. En 1997, il est nomm\u00e9 Pr\u00e9sident du<a href=\"https:\/\/www.lmr-nrw.de\/\"><em> Landesmusikrat NRW<\/em><\/a> (conf\u00e9d\u00e9ration des associations de musique de Rh\u00e9nanie-du-Nord-Westphalie), fonction qu\u2019il exercera pendant 18 ans, avant de devenir <em>Pr\u00e9sident d\u2019honneur de l\u2019institution<\/em> en 2015.  Werner Lohmann a par ailleurs fond\u00e9 la Europ\u00e4ische Akademie f\u00fcr Musik und Darstellende Kunst (Acad\u00e9mie europ\u00e9enne de la musique et du spectacle vivant) \u00e0 Montepulciano (Italie), dont il est aujourd\u2019hui le directeur.<\/p>\n<p>Membre du Rundfunkrat de la radio publique WDR (Westdeutscher Rundfunk) depuis 2001 et du Conseil de surveillance du WDR-Mediagroup depuis 2003, il est entr\u00e9 au Haut Conseil culturel franco-allemand en 2010.<\/p>    <\/div>\n<\/div>\n<!-- \/module text -->        <\/div>\n                    <div  data-lazy=\"1\" class=\"module_column tb-column col4-2 tb_4atb022 last\">\n                    <!-- module image -->\n<div  class=\"module module-image tb_kav9766 image-top bordered  tf_mw\" data-lazy=\"1\">\n        <div class=\"image-wrap tf_rel tf_mw\">\n            <img loading=\"lazy\" decoding=\"async\" width=\"360\" height=\"299\" src=\"https:\/\/dfkr.eu\/wp-content\/uploads\/2025\/02\/Werner_Lohmann.jpg\" class=\"wp-post-image wp-image-3385\" title=\"Photo Werner Lohmann\" alt=\"Photo : WDR Rundfunkrat\" srcset=\"https:\/\/dfkr.eu\/wp-content\/uploads\/2025\/02\/Werner_Lohmann.jpg 360w, https:\/\/dfkr.eu\/wp-content\/uploads\/2025\/02\/Werner_Lohmann-300x249.jpg 300w\" sizes=\"auto, (max-width: 360px) 100vw, 360px\" \/>    \n        <\/div>\n    <!-- \/image-wrap -->\n    \n        <div class=\"image-content\">\n                        <div class=\"image-caption tb_text_wrap\">\n            Photo : WDR Rundfunkrat        <\/div>\n        <!-- \/image-caption -->\n            <\/div>\n    <!-- \/image-content -->\n        <\/div>\n<!-- \/module image -->        <\/div>\n                        <\/div>\n        <\/div>\n                        <div  data-lazy=\"1\" class=\"module_row themify_builder_row tb_evi9738 tf_w\">\n                        <div class=\"row_inner col_align_top tb_col_count_3 tf_box tf_rel\">\n                        <div  data-lazy=\"1\" class=\"module_column tb-column col3-1 tb_zviu738 first\">\n                    <!-- module buttons -->\n<div  class=\"module module-buttons tb_zrfr738 buttons-horizontal solid   rounded\" data-lazy=\"1\">\n        <div class=\"module-buttons-item tf_in_flx\">\n                        <a href=\"https:\/\/dfkr.eu\/fr\/membres-du-hccfa-de-2021-a-2025\/\" class=\"ui builder_button tf_in_flx red\" >\n                                    <em><svg  class=\"tf_fa tf-ti-back-right\" xmlns:xlink=\"http:\/\/www.w3.org\/1999\/xlink\" aria-hidden=\"true\"><use href=\"#tf-ti-back-right\" xlink:href=\"#tf-ti-back-right\"><\/use><\/svg><\/em>                                        retour aux membres de 2021 \u00e0 2025                                        <\/a>\n                <\/div>\n            <\/div>\n<!-- \/module buttons -->\n        <\/div>\n                    <div  data-lazy=\"1\" class=\"module_column tb-column col3-1 tb_fdcm738\">\n                    <!-- module buttons -->\n<div  class=\"module module-buttons tb_1x8r738 buttons-horizontal solid   rounded\" data-lazy=\"1\">\n        <div class=\"module-buttons-item tf_in_flx\">\n                        <a href=\"https:\/\/dfkr.eu\/fr\/membres-du-hccfa-du-de-2018-a-2020\/\" class=\"ui builder_button tf_in_flx red\" >\n                                    <em><svg  class=\"tf_fa tf-ti-back-right\" xmlns:xlink=\"http:\/\/www.w3.org\/1999\/xlink\" aria-hidden=\"true\"><use href=\"#tf-ti-back-right\" xlink:href=\"#tf-ti-back-right\"><\/use><\/svg><\/em>                                        retour aux membres de 2018 \u00e0 2020                                        <\/a>\n                <\/div>\n            <\/div>\n<!-- \/module buttons -->\n        <\/div>\n                    <div  data-lazy=\"1\" class=\"module_column tb-column col3-1 tb_uh3k738 last\">\n                    <!-- module buttons -->\n<div  class=\"module module-buttons tb_n078738 buttons-horizontal solid   rounded\" data-lazy=\"1\">\n        <div class=\"module-buttons-item tf_in_flx\">\n                        <a href=\"https:\/\/dfkr.eu\/fr\/membres-du-hccfa-de-2015-a-2017\/\" class=\"ui builder_button tf_in_flx red\" >\n                                    <em><svg  class=\"tf_fa tf-ti-back-right\" xmlns:xlink=\"http:\/\/www.w3.org\/1999\/xlink\" aria-hidden=\"true\"><use href=\"#tf-ti-back-right\" xlink:href=\"#tf-ti-back-right\"><\/use><\/svg><\/em>                                        retour aux membres de 2015 \u00e0 2017                                        <\/a>\n                <\/div>\n            <\/div>\n<!-- \/module buttons -->\n        <\/div>\n                        <\/div>\n        <\/div>\n        <\/div>\n<!--\/themify_builder_content-->\n<\/div>","protected":false},"excerpt":{"rendered":"<p><!-- RS_MODULE_CODE_2.5.3-ml --><\/p>\n<div id=\"readspeaker_button3606\" class=\"rs_skip rsbtn rs_preserve\"><a class=\"rsbtn_play\" title=\"Ecouter le texte avec ReadSpeaker\" href=\"https:\/\/app-eu.readspeaker.com\/cgi-bin\/rsent?customerid=14814&amp;lang=fr_fr&amp;readid=rspeak_read_3606&amp;url=https%3A%2F%2Fdfkr.eu%2Ffr%2Fwp-json%2Fwp%2Fv2%2Fpages%2F3606\"><span class=\"rsbtn_left rsimg rspart\"><span class=\"rsbtn_text\"><span>Ecouter<\/span><\/span><\/span><span class=\"rsbtn_right rsimg rsplay rspart\"><\/span><\/a><\/div>\n<div id=\"rspeak_read_3606\"> Prof. Dr. Werner Lohmann De 1969 \u00e0 1973, Werner Lohmann entreprend des \u00e9tudes au conservatoire de musique de Detmold afin de devenir enseignant du second degr\u00e9. Il r\u00e9ussit l\u2019examen d\u2019\u00c9tat, devient professeur de fl\u00fbte traversi\u00e8re et dirige \u00e9galement des ch\u0153urs. Apr\u00e8s avoir obtenu un dipl\u00f4me de psychologie \u00e0 l\u2019Universit\u00e9 de la Ruhr de Bochum [&hellip;]<\/div>\n","protected":false},"author":1,"featured_media":0,"parent":0,"menu_order":0,"comment_status":"closed","ping_status":"closed","template":"","meta":{"footnotes":""},"class_list":["post-3606","page","type-page","status-publish","hentry","has-post-title","has-post-date","has-post-category","has-post-tag","has-post-comment","has-post-author",""],"builder_content":"<h1>Prof. Dr. Werner Lohmann<\/h1>\n<p>De 1969 \u00e0 1973, Werner Lohmann entreprend des \u00e9tudes au conservatoire de musique de Detmold afin de devenir enseignant du second degr\u00e9. Il r\u00e9ussit l\u2019examen d\u2019\u00c9tat, devient professeur de fl\u00fbte traversi\u00e8re et dirige \u00e9galement des ch\u0153urs. Apr\u00e8s avoir obtenu un dipl\u00f4me de psychologie \u00e0 l\u2019Universit\u00e9 de la Ruhr de Bochum en 1974, il prend la direction de la fili\u00e8re musicale du lyc\u00e9e Freiherr-von-Stein \u00e0 Oberhausen. En 1981, il passe une th\u00e8se et re\u00e7oit le titre de Docteur (Dr.), puis devient en 1982 ma\u00eetre de conf\u00e9rences \u00e0 l\u2019Universit\u00e9\/coll\u00e8ge de Duisburg, o\u00f9 il forme des professeurs de musique. <\/p> <p>A partir de 1988, Werner Lohmann enseigne la p\u00e9dagogie musicale \u00e0 la Hochschule f\u00fcr Musik (institut universitaire de musique) de Cologne, dont il devient le recteur adjoint de 1993 \u00e0 1997, puis le recteur de 1997 \u00e0 2002. En 1997, il est nomm\u00e9 Pr\u00e9sident du<a href=\"https:\/\/www.lmr-nrw.de\/\"><em> Landesmusikrat NRW<\/em><\/a> (conf\u00e9d\u00e9ration des associations de musique de Rh\u00e9nanie-du-Nord-Westphalie), fonction qu\u2019il exercera pendant 18 ans, avant de devenir <em>Pr\u00e9sident d\u2019honneur de l\u2019institution<\/em> en 2015. Werner Lohmann a par ailleurs fond\u00e9 la Europ\u00e4ische Akademie f\u00fcr Musik und Darstellende Kunst (Acad\u00e9mie europ\u00e9enne de la musique et du spectacle vivant) \u00e0 Montepulciano (Italie), dont il est aujourd\u2019hui le directeur.<\/p> <p>Membre du Rundfunkrat de la radio publique WDR (Westdeutscher Rundfunk) depuis 2001 et du Conseil de surveillance du WDR-Mediagroup depuis 2003, il est entr\u00e9 au Haut Conseil culturel franco-allemand en 2010.<\/p>\n<img src=\"https:\/\/dfkr.eu\/wp-content\/uploads\/2025\/02\/Werner_Lohmann.jpg\" title=\"Photo Werner Lohmann\" alt=\"Photo : WDR Rundfunkrat\" srcset=\"https:\/\/dfkr.eu\/wp-content\/uploads\/2025\/02\/Werner_Lohmann.jpg 360w, https:\/\/dfkr.eu\/wp-content\/uploads\/2025\/02\/Werner_Lohmann-300x249.jpg 300w\" sizes=\"(max-width: 360px) 100vw, 360px\" \/> Photo : WDR Rundfunkrat\n<a href=\"https:\/\/dfkr.eu\/fr\/membres-du-hccfa-de-2021-a-2025\/\" > <em><svg xmlns:xlink=\"http:\/\/www.w3.org\/1999\/xlink\" aria-hidden=\"true\"><use href=\"#tf-ti-back-right\" xlink:href=\"#tf-ti-back-right\"><\/use><\/svg><\/em> retour aux membres de 2021 \u00e0 2025 <\/a>\n<a href=\"https:\/\/dfkr.eu\/fr\/membres-du-hccfa-du-de-2018-a-2020\/\" > <em><svg xmlns:xlink=\"http:\/\/www.w3.org\/1999\/xlink\" aria-hidden=\"true\"><use href=\"#tf-ti-back-right\" xlink:href=\"#tf-ti-back-right\"><\/use><\/svg><\/em> retour aux membres de 2018 \u00e0 2020 <\/a>\n<a href=\"https:\/\/dfkr.eu\/fr\/membres-du-hccfa-de-2015-a-2017\/\" > <em><svg xmlns:xlink=\"http:\/\/www.w3.org\/1999\/xlink\" aria-hidden=\"true\"><use href=\"#tf-ti-back-right\" xlink:href=\"#tf-ti-back-right\"><\/use><\/svg><\/em> retour aux membres de 2015 \u00e0 2017 <\/a>","_links":{"self":[{"href":"https:\/\/dfkr.eu\/fr\/wp-json\/wp\/v2\/pages\/3606","targetHints":{"allow":["GET"]}}],"collection":[{"href":"https:\/\/dfkr.eu\/fr\/wp-json\/wp\/v2\/pages"}],"about":[{"href":"https:\/\/dfkr.eu\/fr\/wp-json\/wp\/v2\/types\/page"}],"author":[{"embeddable":true,"href":"https:\/\/dfkr.eu\/fr\/wp-json\/wp\/v2\/users\/1"}],"replies":[{"embeddable":true,"href":"https:\/\/dfkr.eu\/fr\/wp-json\/wp\/v2\/comments?post=3606"}],"version-history":[{"count":6,"href":"https:\/\/dfkr.eu\/fr\/wp-json\/wp\/v2\/pages\/3606\/revisions"}],"predecessor-version":[{"id":3925,"href":"https:\/\/dfkr.eu\/fr\/wp-json\/wp\/v2\/pages\/3606\/revisions\/3925"}],"wp:attachment":[{"href":"https:\/\/dfkr.eu\/fr\/wp-json\/wp\/v2\/media?parent=3606"}],"curies":[{"name":"wp","href":"https:\/\/api.w.org\/{rel}","templated":true}]}}