{"id":3604,"date":"2025-02-17T10:31:17","date_gmt":"2025-02-17T09:31:17","guid":{"rendered":"https:\/\/dfkr.eu\/gabriele-roethemeyer\/"},"modified":"2025-05-15T16:54:32","modified_gmt":"2025-05-15T14:54:32","slug":"gabriele-roethemeyer-fr","status":"publish","type":"page","link":"https:\/\/dfkr.eu\/fr\/gabriele-roethemeyer-fr\/","title":{"rendered":"Gabriele R\u00f6themeyer"},"content":{"rendered":"<!-- RS_MODULE_CODE_2.5.3-ml --><div id=\"readspeaker_button3604\" class=\"rs_skip rsbtn rs_preserve\"><a class=\"rsbtn_play\" title=\"Ecouter le texte avec ReadSpeaker\" href=\"https:\/\/app-eu.readspeaker.com\/cgi-bin\/rsent?customerid=14814&amp;lang=fr_fr&amp;readid=rspeak_read_3604&amp;url=https%3A%2F%2Fdfkr.eu%2Ffr%2Fwp-json%2Fwp%2Fv2%2Fpages%2F3604\"><span class=\"rsbtn_left rsimg rspart\"><span class=\"rsbtn_text\"><span>Ecouter<\/span><\/span><\/span><span class=\"rsbtn_right rsimg rsplay rspart\"><\/span><\/a><\/div><div id=\"rspeak_read_3604\"><!--themify_builder_content-->\n<div id=\"themify_builder_content-3604\" data-postid=\"3604\" class=\"themify_builder_content themify_builder_content-3604 themify_builder tf_clear\">\n                    <div  data-lazy=\"1\" class=\"module_row themify_builder_row tb_wwop313 tb_first tf_w\">\n                        <div class=\"row_inner col_align_top tb_col_count_1 tf_box tf_rel\">\n                        <div  data-lazy=\"1\" class=\"module_column tb-column col-full tb_50bu313 first\">\n                    <!-- module text -->\n<div  class=\"module module-text tb_dgeh467   \" data-lazy=\"1\">\n        <div  class=\"tb_text_wrap\">\n        <h1>Gabriele R\u00f6themeyer<\/h1>    <\/div>\n<\/div>\n<!-- \/module text -->        <\/div>\n                        <\/div>\n        <\/div>\n                        <div  data-lazy=\"1\" class=\"module_row themify_builder_row tb_f313420 tf_w\">\n                        <div class=\"row_inner col_align_top tb_col_count_2 tf_box tf_rel\">\n                        <div  data-lazy=\"1\" class=\"module_column tb-column col4-2 tb_ep3o000 first\">\n                    <!-- module text -->\n<div  class=\"module module-text tb_sxt7441   \" data-lazy=\"1\">\n        <div  class=\"tb_text_wrap\">\n        <p>Apr\u00e8s avoir fait ses \u00e9tudes \u00e0 la Ludwig-Maximilians-Universit\u00e4t de Munich, Gabriele R\u00f6themeyer a travaill\u00e9 en tant qu\u2019auteure ind\u00e9pendante pour la radio publique bavaroise <em>Bayerischer Rundfunk<\/em>.<\/p><p>En 1975, elle devient r\u00e9dactrice et auteure de programmes sur les th\u00e8mes \u00ab \u00e9ducation et culture \u00bb au sein de deux cha\u00eenes de t\u00e9l\u00e9vision allemandes, la Norddeutscher Rundfunk (<em>NDR<\/em> \u2013 service audiovisuel public du nord de l\u2019Allemagne) et la Zweites Deutsches Fernsehen (<em>ZDF<\/em> \u2013 seconde cha\u00eene publique f\u00e9d\u00e9rale). De 1982 \u00e0 1989, elle contribue \u00e0 des r\u00e9alisations pour le cin\u00e9ma et la t\u00e9l\u00e9vision en tant que productrice et conseill\u00e8re artistique, pour diff\u00e9rentes maisons de production ind\u00e9pendantes. A partir de 1990, elle travaille en tant qu\u2019auteure et r\u00e9alisatrice ind\u00e9pendante pour plusieurs r\u00e9dactions sp\u00e9cialis\u00e9es dans la culture et le cin\u00e9ma, et r\u00e9alise notamment une vingtaine de documentaires pour la t\u00e9l\u00e9vision.  <\/p><p>En octobre 1995, Gabriele R\u00f6themeyer prend la direction du Fonds r\u00e9gional pour le cin\u00e9ma du Land de Bade-Wurtemberg (<em>Medien- und Filmgesellschaft Baden-W\u00fcrttemberg<\/em>), fonction qu\u2019elle exercera jusqu\u2019en novembre 2013. En parall\u00e8le, elle participe \u00e0 diff\u00e9rentes commissions et associations professionnelles (<em>CICAE<\/em> \u2013 Conf\u00e9d\u00e9ration internationale des cin\u00e9mas d\u2019art et d\u2019essai, <em>Filmstiftung NRW<\/em> [Fonds pour le cin\u00e9ma de Rh\u00e9nanie-du-Nord-Westphalie], <em>Berlinale<\/em>, <em>EAVE, Kuratorium Junger Deutscher Film<\/em> [fondation pour le soutien des jeunes productions allemandes]).<br>Elle a \u00e9galement \u00e9t\u00e9 pendant trois ans (2003-2005) directrice artistique des <em>festivals de cin\u00e9ma et m\u00e9dias de la ville de Stuttgart<\/em>.  <br><br><strong>Gabriele R\u00f6themeyer s\u2019est vue d\u00e9cerner <\/strong><\/p><ul><li>le Journalistenpreis der DJU (prix du journalisme) en 1974<\/li><li>ainsi que le prix Adolf-Grimme en 1982<\/li><li>Elle a \u00e9t\u00e9 d\u00e9cor\u00e9e Officier de l\u2019Ordre National du M\u00e9rite en 2013<\/li><li>et a re\u00e7u le Verdienstorden des Landes Baden-W\u00fcrttemberg (Ordre du M\u00e9rite de Bade-Wurtemberg) en 2016<\/li><\/ul>    <\/div>\n<\/div>\n<!-- \/module text -->        <\/div>\n                    <div  data-lazy=\"1\" class=\"module_column tb-column col4-2 tb_1bqf410 last\">\n                    <!-- module image -->\n<div  class=\"module module-image tb_cl78020 image-top bordered  tf_mw\" data-lazy=\"1\">\n        <div class=\"image-wrap tf_rel tf_mw\">\n            <img loading=\"lazy\" decoding=\"async\" width=\"360\" height=\"299\" src=\"https:\/\/dfkr.eu\/wp-content\/uploads\/2025\/02\/Gabriele_Roethemeyer_c_Frank_von_zur_Gathen_recadree.jpg\" class=\"wp-post-image wp-image-3383\" title=\"Photo Gabriele Roethemeyer \u00a9 Frank von zur Gathen\" alt=\"Photo : Frank von zur Gathen\" srcset=\"https:\/\/dfkr.eu\/wp-content\/uploads\/2025\/02\/Gabriele_Roethemeyer_c_Frank_von_zur_Gathen_recadree.jpg 360w, https:\/\/dfkr.eu\/wp-content\/uploads\/2025\/02\/Gabriele_Roethemeyer_c_Frank_von_zur_Gathen_recadree-300x249.jpg 300w\" sizes=\"auto, (max-width: 360px) 100vw, 360px\" \/>    \n        <\/div>\n    <!-- \/image-wrap -->\n    \n        <div class=\"image-content\">\n                        <div class=\"image-caption tb_text_wrap\">\n            Photo : Frank von zur Gathen        <\/div>\n        <!-- \/image-caption -->\n            <\/div>\n    <!-- \/image-content -->\n        <\/div>\n<!-- \/module image -->        <\/div>\n                        <\/div>\n        <\/div>\n                        <div  data-lazy=\"1\" class=\"module_row themify_builder_row tb_vvxj316 tf_w\">\n                        <div class=\"row_inner col_align_top tb_col_count_3 tf_box tf_rel\">\n                        <div  data-lazy=\"1\" class=\"module_column tb-column col3-1 tb_agza316 first\">\n                    <!-- module buttons -->\n<div  class=\"module module-buttons tb_5e0m316 buttons-horizontal solid   rounded\" data-lazy=\"1\">\n        <div class=\"module-buttons-item tf_in_flx\">\n                        <a href=\"https:\/\/dfkr.eu\/mitglieder-von-2021-2025\" class=\"ui builder_button tf_in_flx red\" >\n                                    <em><svg  class=\"tf_fa tf-ti-back-right\" xmlns:xlink=\"http:\/\/www.w3.org\/1999\/xlink\" aria-hidden=\"true\"><use href=\"#tf-ti-back-right\" xlink:href=\"#tf-ti-back-right\"><\/use><\/svg><\/em>                                        retour aux membres de 2021 \u00e0 2025                                        <\/a>\n                <\/div>\n            <\/div>\n<!-- \/module buttons -->\n        <\/div>\n                    <div  data-lazy=\"1\" class=\"module_column tb-column col3-1 tb_scf8316\">\n                    <!-- module buttons -->\n<div  class=\"module module-buttons tb_ippl316 buttons-horizontal solid   rounded\" data-lazy=\"1\">\n        <div class=\"module-buttons-item tf_in_flx\">\n                        <a href=\"https:\/\/dfkr.eu\/mitglieder-von-2018-2020\/\" class=\"ui builder_button tf_in_flx red\" >\n                                    <em><svg  class=\"tf_fa tf-ti-back-right\" xmlns:xlink=\"http:\/\/www.w3.org\/1999\/xlink\" aria-hidden=\"true\"><use href=\"#tf-ti-back-right\" xlink:href=\"#tf-ti-back-right\"><\/use><\/svg><\/em>                                        retour aux membres de 2018 \u00e0 2020                                        <\/a>\n                <\/div>\n            <\/div>\n<!-- \/module buttons -->\n        <\/div>\n                    <div  data-lazy=\"1\" class=\"module_column tb-column col3-1 tb_ee4x65 last\">\n                            <\/div>\n                        <\/div>\n        <\/div>\n        <\/div>\n<!--\/themify_builder_content-->\n<\/div>","protected":false},"excerpt":{"rendered":"<p><!-- RS_MODULE_CODE_2.5.3-ml --><\/p>\n<div id=\"readspeaker_button3604\" class=\"rs_skip rsbtn rs_preserve\"><a class=\"rsbtn_play\" title=\"Ecouter le texte avec ReadSpeaker\" href=\"https:\/\/app-eu.readspeaker.com\/cgi-bin\/rsent?customerid=14814&amp;lang=fr_fr&amp;readid=rspeak_read_3604&amp;url=https%3A%2F%2Fdfkr.eu%2Ffr%2Fwp-json%2Fwp%2Fv2%2Fpages%2F3604\"><span class=\"rsbtn_left rsimg rspart\"><span class=\"rsbtn_text\"><span>Ecouter<\/span><\/span><\/span><span class=\"rsbtn_right rsimg rsplay rspart\"><\/span><\/a><\/div>\n<div id=\"rspeak_read_3604\"> Gabriele R\u00f6themeyer Apr\u00e8s avoir fait ses \u00e9tudes \u00e0 la Ludwig-Maximilians-Universit\u00e4t de Munich, Gabriele R\u00f6themeyer a travaill\u00e9 en tant qu\u2019auteure ind\u00e9pendante pour la radio publique bavaroise Bayerischer Rundfunk. En 1975, elle devient r\u00e9dactrice et auteure de programmes sur les th\u00e8mes \u00ab \u00e9ducation et culture \u00bb au sein de deux cha\u00eenes de t\u00e9l\u00e9vision allemandes, la Norddeutscher [&hellip;]<\/div>\n","protected":false},"author":4,"featured_media":0,"parent":0,"menu_order":0,"comment_status":"closed","ping_status":"closed","template":"","meta":{"footnotes":""},"class_list":["post-3604","page","type-page","status-publish","hentry","has-post-title","has-post-date","has-post-category","has-post-tag","has-post-comment","has-post-author",""],"builder_content":"<h1>Gabriele R\u00f6themeyer<\/h1>\n<p>Apr\u00e8s avoir fait ses \u00e9tudes \u00e0 la Ludwig-Maximilians-Universit\u00e4t de Munich, Gabriele R\u00f6themeyer a travaill\u00e9 en tant qu\u2019auteure ind\u00e9pendante pour la radio publique bavaroise <em>Bayerischer Rundfunk<\/em>.<\/p><p>En 1975, elle devient r\u00e9dactrice et auteure de programmes sur les th\u00e8mes \u00ab \u00e9ducation et culture \u00bb au sein de deux cha\u00eenes de t\u00e9l\u00e9vision allemandes, la Norddeutscher Rundfunk (<em>NDR<\/em> \u2013 service audiovisuel public du nord de l\u2019Allemagne) et la Zweites Deutsches Fernsehen (<em>ZDF<\/em> \u2013 seconde cha\u00eene publique f\u00e9d\u00e9rale). De 1982 \u00e0 1989, elle contribue \u00e0 des r\u00e9alisations pour le cin\u00e9ma et la t\u00e9l\u00e9vision en tant que productrice et conseill\u00e8re artistique, pour diff\u00e9rentes maisons de production ind\u00e9pendantes. A partir de 1990, elle travaille en tant qu\u2019auteure et r\u00e9alisatrice ind\u00e9pendante pour plusieurs r\u00e9dactions sp\u00e9cialis\u00e9es dans la culture et le cin\u00e9ma, et r\u00e9alise notamment une vingtaine de documentaires pour la t\u00e9l\u00e9vision. <\/p><p>En octobre 1995, Gabriele R\u00f6themeyer prend la direction du Fonds r\u00e9gional pour le cin\u00e9ma du Land de Bade-Wurtemberg (<em>Medien- und Filmgesellschaft Baden-W\u00fcrttemberg<\/em>), fonction qu\u2019elle exercera jusqu\u2019en novembre 2013. En parall\u00e8le, elle participe \u00e0 diff\u00e9rentes commissions et associations professionnelles (<em>CICAE<\/em> \u2013 Conf\u00e9d\u00e9ration internationale des cin\u00e9mas d\u2019art et d\u2019essai, <em>Filmstiftung NRW<\/em> [Fonds pour le cin\u00e9ma de Rh\u00e9nanie-du-Nord-Westphalie], <em>Berlinale<\/em>, <em>EAVE, Kuratorium Junger Deutscher Film<\/em> [fondation pour le soutien des jeunes productions allemandes]).<br>Elle a \u00e9galement \u00e9t\u00e9 pendant trois ans (2003-2005) directrice artistique des <em>festivals de cin\u00e9ma et m\u00e9dias de la ville de Stuttgart<\/em>. <br><br><strong>Gabriele R\u00f6themeyer s\u2019est vue d\u00e9cerner <\/strong><\/p><ul><li>le Journalistenpreis der DJU (prix du journalisme) en 1974<\/li><li>ainsi que le prix Adolf-Grimme en 1982<\/li><li>Elle a \u00e9t\u00e9 d\u00e9cor\u00e9e Officier de l\u2019Ordre National du M\u00e9rite en 2013<\/li><li>et a re\u00e7u le Verdienstorden des Landes Baden-W\u00fcrttemberg (Ordre du M\u00e9rite de Bade-Wurtemberg) en 2016<\/li><\/ul>\n<img src=\"https:\/\/dfkr.eu\/wp-content\/uploads\/2025\/02\/Gabriele_Roethemeyer_c_Frank_von_zur_Gathen_recadree.jpg\" title=\"Photo Gabriele Roethemeyer \u00a9 Frank von zur Gathen\" alt=\"Photo : Frank von zur Gathen\" srcset=\"https:\/\/dfkr.eu\/wp-content\/uploads\/2025\/02\/Gabriele_Roethemeyer_c_Frank_von_zur_Gathen_recadree.jpg 360w, https:\/\/dfkr.eu\/wp-content\/uploads\/2025\/02\/Gabriele_Roethemeyer_c_Frank_von_zur_Gathen_recadree-300x249.jpg 300w\" sizes=\"(max-width: 360px) 100vw, 360px\" \/> Photo : Frank von zur Gathen\n<a href=\"https:\/\/dfkr.eu\/mitglieder-von-2021-2025\" > <em><svg xmlns:xlink=\"http:\/\/www.w3.org\/1999\/xlink\" aria-hidden=\"true\"><use href=\"#tf-ti-back-right\" xlink:href=\"#tf-ti-back-right\"><\/use><\/svg><\/em> retour aux membres de 2021 \u00e0 2025 <\/a>\n<a href=\"https:\/\/dfkr.eu\/mitglieder-von-2018-2020\/\" > <em><svg xmlns:xlink=\"http:\/\/www.w3.org\/1999\/xlink\" aria-hidden=\"true\"><use href=\"#tf-ti-back-right\" xlink:href=\"#tf-ti-back-right\"><\/use><\/svg><\/em> retour aux membres de 2018 \u00e0 2020 <\/a>","_links":{"self":[{"href":"https:\/\/dfkr.eu\/fr\/wp-json\/wp\/v2\/pages\/3604","targetHints":{"allow":["GET"]}}],"collection":[{"href":"https:\/\/dfkr.eu\/fr\/wp-json\/wp\/v2\/pages"}],"about":[{"href":"https:\/\/dfkr.eu\/fr\/wp-json\/wp\/v2\/types\/page"}],"author":[{"embeddable":true,"href":"https:\/\/dfkr.eu\/fr\/wp-json\/wp\/v2\/users\/4"}],"replies":[{"embeddable":true,"href":"https:\/\/dfkr.eu\/fr\/wp-json\/wp\/v2\/comments?post=3604"}],"version-history":[{"count":9,"href":"https:\/\/dfkr.eu\/fr\/wp-json\/wp\/v2\/pages\/3604\/revisions"}],"predecessor-version":[{"id":3926,"href":"https:\/\/dfkr.eu\/fr\/wp-json\/wp\/v2\/pages\/3604\/revisions\/3926"}],"wp:attachment":[{"href":"https:\/\/dfkr.eu\/fr\/wp-json\/wp\/v2\/media?parent=3604"}],"curies":[{"name":"wp","href":"https:\/\/api.w.org\/{rel}","templated":true}]}}