{"id":3599,"date":"2025-02-17T10:32:34","date_gmt":"2025-02-17T09:32:34","guid":{"rendered":"https:\/\/dfkr.eu\/dr-thomas-sparr\/"},"modified":"2025-05-15T14:51:45","modified_gmt":"2025-05-15T12:51:45","slug":"dr-thomas-sparr-fr","status":"publish","type":"page","link":"https:\/\/dfkr.eu\/fr\/dr-thomas-sparr-fr\/","title":{"rendered":"Dr. Thomas Sparr"},"content":{"rendered":"<!-- RS_MODULE_CODE_2.5.3-ml --><div id=\"readspeaker_button3599\" class=\"rs_skip rsbtn rs_preserve\"><a class=\"rsbtn_play\" title=\"Ecouter le texte avec ReadSpeaker\" href=\"https:\/\/app-eu.readspeaker.com\/cgi-bin\/rsent?customerid=14814&amp;lang=fr_fr&amp;readid=rspeak_read_3599&amp;url=https%3A%2F%2Fdfkr.eu%2Ffr%2Fwp-json%2Fwp%2Fv2%2Fpages%2F3599\"><span class=\"rsbtn_left rsimg rspart\"><span class=\"rsbtn_text\"><span>Ecouter<\/span><\/span><\/span><span class=\"rsbtn_right rsimg rsplay rspart\"><\/span><\/a><\/div><div id=\"rspeak_read_3599\"><!--themify_builder_content-->\n<div id=\"themify_builder_content-3599\" data-postid=\"3599\" class=\"themify_builder_content themify_builder_content-3599 themify_builder tf_clear\">\n                    <div  data-lazy=\"1\" class=\"module_row themify_builder_row tb_yqw0370 tb_first tf_w\">\n                        <div class=\"row_inner col_align_top tb_col_count_1 tf_box tf_rel\">\n                        <div  data-lazy=\"1\" class=\"module_column tb-column col-full tb_xjlm370 first\">\n                    <!-- module text -->\n<div  class=\"module module-text tb_800q485   \" data-lazy=\"1\">\n        <div  class=\"tb_text_wrap\">\n        <h1>Dr. Thomas Sparr<\/h1>    <\/div>\n<\/div>\n<!-- \/module text -->        <\/div>\n                        <\/div>\n        <\/div>\n                        <div  data-lazy=\"1\" class=\"module_row themify_builder_row tb_yoie001 tf_w\">\n                        <div class=\"row_inner col_align_top tb_col_count_2 tf_box tf_rel\">\n                        <div  data-lazy=\"1\" class=\"module_column tb-column col4-2 tb_6i80080 first\">\n                    <!-- module text -->\n<div  class=\"module module-text tb_v3eu300   \" data-lazy=\"1\">\n        <div  class=\"tb_text_wrap\">\n        <p>Editor-at-Large aux Editions Suhrkamp Verlag<\/p>\n<p>N\u00e9 en 1956, Thomas Sparr a \u00e9tudi\u00e9 la litt\u00e9rature et la philosophie \u00e0 Marbourg, Hambourg et Paris. Apr\u00e8s ses \u00e9tudes, il a rejoint l\u2019Universit\u00e9 h\u00e9bra\u00efque de J\u00e9rusalem de 1986 \u00e0 1989, puis a travaill\u00e9 aux <em>archives litt\u00e9raires allemandes de Marbach<\/em>. De 1990 \u00e0 1998, il a dirig\u00e9 la maison d\u2019\u00e9dition J\u00fcdischer Verlag et a travaill\u00e9 comme r\u00e9dacteur en chef aux \u00e9ditions Siedler. Aujourd\u2019hui \u00e9ditor-at-large aux \u00e9ditions Suhrkamp \u00e0 Berlin, il s\u2019est distingu\u00e9 par ses travaux sur Paul Celan et est l\u2019auteur du livre \u00ab Grunewald en Orient. La J\u00e9rusalem germano-juive \u00bb.<\/p>\n<p>Thomas Sparr est membre du Haut Conseil culturel franco-allemand depuis 2022.<\/p>\n    <\/div>\n<\/div>\n<!-- \/module text -->        <\/div>\n                    <div  data-lazy=\"1\" class=\"module_column tb-column col4-2 tb_3o1v440 last\">\n                    <!-- module image -->\n<div  class=\"module module-image tb_ny39015 image-top bordered  tf_mw\" data-lazy=\"1\">\n        <div class=\"image-wrap tf_rel tf_mw\">\n            <img loading=\"lazy\" decoding=\"async\" width=\"360\" height=\"299\" src=\"https:\/\/dfkr.eu\/wp-content\/uploads\/2025\/02\/Thomas_Sparr_Copyright_juergen-bauer.jpg\" class=\"wp-post-image wp-image-3375\" title=\"Portr\u00e4tfoto Thomas Sparr \u00a9 Juergen Bauer\" alt=\"Photo : J\u00fcrgen Bauer\" srcset=\"https:\/\/dfkr.eu\/wp-content\/uploads\/2025\/02\/Thomas_Sparr_Copyright_juergen-bauer.jpg 360w, https:\/\/dfkr.eu\/wp-content\/uploads\/2025\/02\/Thomas_Sparr_Copyright_juergen-bauer-300x249.jpg 300w\" sizes=\"auto, (max-width: 360px) 100vw, 360px\" \/>    \n        <\/div>\n    <!-- \/image-wrap -->\n    \n        <div class=\"image-content\">\n                        <div class=\"image-caption tb_text_wrap\">\n            Photo : J\u00fcrgen Bauer        <\/div>\n        <!-- \/image-caption -->\n            <\/div>\n    <!-- \/image-content -->\n        <\/div>\n<!-- \/module image -->        <\/div>\n                        <\/div>\n        <\/div>\n                        <div  data-lazy=\"1\" class=\"module_row themify_builder_row tb_hy8t951 tf_w\">\n                        <div class=\"row_inner col_align_top tb_col_count_1 tf_box tf_rel\">\n                        <div  data-lazy=\"1\" class=\"module_column tb-column col-full tb_941w951 first\">\n                    <!-- module buttons -->\n<div  class=\"module module-buttons tb_twhk951 buttons-horizontal solid   rounded\" data-lazy=\"1\">\n        <div class=\"module-buttons-item tf_in_flx\">\n                        <a href=\"https:\/\/dfkr.eu\/fr\/membres-du-hccfa-de-2021-a-2025\/\" class=\"ui builder_button tf_in_flx red\" >\n                                    <em><svg  class=\"tf_fa tf-ti-back-right\" xmlns:xlink=\"http:\/\/www.w3.org\/1999\/xlink\" aria-hidden=\"true\"><use href=\"#tf-ti-back-right\" xlink:href=\"#tf-ti-back-right\"><\/use><\/svg><\/em>                                        retour                                        <\/a>\n                <\/div>\n            <\/div>\n<!-- \/module buttons -->\n        <\/div>\n                        <\/div>\n        <\/div>\n        <\/div>\n<!--\/themify_builder_content-->\n<\/div>","protected":false},"excerpt":{"rendered":"<p><!-- RS_MODULE_CODE_2.5.3-ml --><\/p>\n<div id=\"readspeaker_button3599\" class=\"rs_skip rsbtn rs_preserve\"><a class=\"rsbtn_play\" title=\"Ecouter le texte avec ReadSpeaker\" href=\"https:\/\/app-eu.readspeaker.com\/cgi-bin\/rsent?customerid=14814&amp;lang=fr_fr&amp;readid=rspeak_read_3599&amp;url=https%3A%2F%2Fdfkr.eu%2Ffr%2Fwp-json%2Fwp%2Fv2%2Fpages%2F3599\"><span class=\"rsbtn_left rsimg rspart\"><span class=\"rsbtn_text\"><span>Ecouter<\/span><\/span><\/span><span class=\"rsbtn_right rsimg rsplay rspart\"><\/span><\/a><\/div>\n<div id=\"rspeak_read_3599\"> Dr. Thomas Sparr Editor-at-Large aux Editions Suhrkamp Verlag N\u00e9 en 1956, Thomas Sparr a \u00e9tudi\u00e9 la litt\u00e9rature et la philosophie \u00e0 Marbourg, Hambourg et Paris. Apr\u00e8s ses \u00e9tudes, il a rejoint l\u2019Universit\u00e9 h\u00e9bra\u00efque de J\u00e9rusalem de 1986 \u00e0 1989, puis a travaill\u00e9 aux archives litt\u00e9raires allemandes de Marbach. De 1990 \u00e0 1998, il a [&hellip;]<\/div>\n","protected":false},"author":1,"featured_media":0,"parent":0,"menu_order":0,"comment_status":"closed","ping_status":"closed","template":"","meta":{"footnotes":""},"class_list":["post-3599","page","type-page","status-publish","hentry","has-post-title","has-post-date","has-post-category","has-post-tag","has-post-comment","has-post-author",""],"builder_content":"<h1>Dr. Thomas Sparr<\/h1>\n<p>Editor-at-Large aux Editions Suhrkamp Verlag<\/p> <p>N\u00e9 en 1956, Thomas Sparr a \u00e9tudi\u00e9 la litt\u00e9rature et la philosophie \u00e0 Marbourg, Hambourg et Paris. Apr\u00e8s ses \u00e9tudes, il a rejoint l\u2019Universit\u00e9 h\u00e9bra\u00efque de J\u00e9rusalem de 1986 \u00e0 1989, puis a travaill\u00e9 aux <em>archives litt\u00e9raires allemandes de Marbach<\/em>. De 1990 \u00e0 1998, il a dirig\u00e9 la maison d\u2019\u00e9dition J\u00fcdischer Verlag et a travaill\u00e9 comme r\u00e9dacteur en chef aux \u00e9ditions Siedler. Aujourd\u2019hui \u00e9ditor-at-large aux \u00e9ditions Suhrkamp \u00e0 Berlin, il s\u2019est distingu\u00e9 par ses travaux sur Paul Celan et est l\u2019auteur du livre \u00ab Grunewald en Orient. La J\u00e9rusalem germano-juive \u00bb.<\/p> <p>Thomas Sparr est membre du Haut Conseil culturel franco-allemand depuis 2022.<\/p>\n<img src=\"https:\/\/dfkr.eu\/wp-content\/uploads\/2025\/02\/Thomas_Sparr_Copyright_juergen-bauer.jpg\" title=\"Portr\u00e4tfoto Thomas Sparr \u00a9 Juergen Bauer\" alt=\"Photo : J\u00fcrgen Bauer\" srcset=\"https:\/\/dfkr.eu\/wp-content\/uploads\/2025\/02\/Thomas_Sparr_Copyright_juergen-bauer.jpg 360w, https:\/\/dfkr.eu\/wp-content\/uploads\/2025\/02\/Thomas_Sparr_Copyright_juergen-bauer-300x249.jpg 300w\" sizes=\"(max-width: 360px) 100vw, 360px\" \/> Photo : J\u00fcrgen Bauer\n<a href=\"https:\/\/dfkr.eu\/fr\/membres-du-hccfa-de-2021-a-2025\/\" > <em><svg xmlns:xlink=\"http:\/\/www.w3.org\/1999\/xlink\" aria-hidden=\"true\"><use href=\"#tf-ti-back-right\" xlink:href=\"#tf-ti-back-right\"><\/use><\/svg><\/em> retour <\/a>","_links":{"self":[{"href":"https:\/\/dfkr.eu\/fr\/wp-json\/wp\/v2\/pages\/3599","targetHints":{"allow":["GET"]}}],"collection":[{"href":"https:\/\/dfkr.eu\/fr\/wp-json\/wp\/v2\/pages"}],"about":[{"href":"https:\/\/dfkr.eu\/fr\/wp-json\/wp\/v2\/types\/page"}],"author":[{"embeddable":true,"href":"https:\/\/dfkr.eu\/fr\/wp-json\/wp\/v2\/users\/1"}],"replies":[{"embeddable":true,"href":"https:\/\/dfkr.eu\/fr\/wp-json\/wp\/v2\/comments?post=3599"}],"version-history":[{"count":6,"href":"https:\/\/dfkr.eu\/fr\/wp-json\/wp\/v2\/pages\/3599\/revisions"}],"predecessor-version":[{"id":3799,"href":"https:\/\/dfkr.eu\/fr\/wp-json\/wp\/v2\/pages\/3599\/revisions\/3799"}],"wp:attachment":[{"href":"https:\/\/dfkr.eu\/fr\/wp-json\/wp\/v2\/media?parent=3599"}],"curies":[{"name":"wp","href":"https:\/\/api.w.org\/{rel}","templated":true}]}}