{"id":3597,"date":"2025-02-17T10:17:32","date_gmt":"2025-02-17T09:17:32","guid":{"rendered":"https:\/\/dfkr.eu\/dr-h-c-mult-doris-pack\/"},"modified":"2025-05-15T16:54:32","modified_gmt":"2025-05-15T14:54:32","slug":"dr-h-c-mult-doris-pack-fr","status":"publish","type":"page","link":"https:\/\/dfkr.eu\/fr\/dr-h-c-mult-doris-pack-fr\/","title":{"rendered":"Dr. h.c. mult. Doris Pack"},"content":{"rendered":"<!-- RS_MODULE_CODE_2.5.3-ml --><div id=\"readspeaker_button3597\" class=\"rs_skip rsbtn rs_preserve\"><a class=\"rsbtn_play\" title=\"Ecouter le texte avec ReadSpeaker\" href=\"https:\/\/app-eu.readspeaker.com\/cgi-bin\/rsent?customerid=14814&amp;lang=fr_fr&amp;readid=rspeak_read_3597&amp;url=https%3A%2F%2Fdfkr.eu%2Ffr%2Fwp-json%2Fwp%2Fv2%2Fpages%2F3597\"><span class=\"rsbtn_left rsimg rspart\"><span class=\"rsbtn_text\"><span>Ecouter<\/span><\/span><\/span><span class=\"rsbtn_right rsimg rsplay rspart\"><\/span><\/a><\/div><div id=\"rspeak_read_3597\"><!--themify_builder_content-->\n<div id=\"themify_builder_content-3597\" data-postid=\"3597\" class=\"themify_builder_content themify_builder_content-3597 themify_builder tf_clear\">\n                    <div  data-lazy=\"1\" class=\"module_row themify_builder_row tb_o3ll859 tb_first tf_w\">\n                        <div class=\"row_inner col_align_top tb_col_count_1 tf_box tf_rel\">\n                        <div  data-lazy=\"1\" class=\"module_column tb-column col-full tb_5xz6859 first\">\n                    <!-- module text -->\n<div  class=\"module module-text tb_n49034   \" data-lazy=\"1\">\n        <div  class=\"tb_text_wrap\">\n        <h1>Dr. h.c. mult. Doris Pack <\/h1>    <\/div>\n<\/div>\n<!-- \/module text -->        <\/div>\n                        <\/div>\n        <\/div>\n                        <div  data-lazy=\"1\" class=\"module_row themify_builder_row tb_6bcv309 tf_w\">\n                        <div class=\"row_inner col_align_top tb_col_count_2 tf_box tf_rel\">\n                        <div  data-lazy=\"1\" class=\"module_column tb-column col4-2 tb_53zk112 first\">\n                    <!-- module text -->\n<div  class=\"module module-text tb_mbwz631   \" data-lazy=\"1\">\n        <div  class=\"tb_text_wrap\">\n        <h2>Secr\u00e9taire g\u00e9n\u00e9ral<\/h2>    <\/div>\n<\/div>\n<!-- \/module text --><!-- module text -->\n<div  class=\"module module-text tb_txwt740   \" data-lazy=\"1\">\n        <div  class=\"tb_text_wrap\">\n        <p>D\u00e9put\u00e9e au Bundestag de 1974 \u00e0 1989, Doris Pack est en parall\u00e8le membre de l\u2019Assembl\u00e9e Parlementaire du Conseil de l\u2019Europe de 1981 \u00e0 1989. \u00c9lue ensuite d\u00e9put\u00e9e au Parlement Europ\u00e9en, o\u00f9 elle restera jusqu\u2019en 2014, elle y pr\u00e9side la commission pour la culture, la jeunesse, l\u2019\u00e9ducation, les m\u00e9dias et le sport.<\/p>\n<p>Doris Pack compte \u00e9galement de nombreuses responsabilit\u00e9s dans le monde associatif et a re\u00e7u plusieurs d\u00e9corations,<\/p>\n<p><span style=\"font-weight: bold;\">dont la : <\/span><\/p>\n<ul>\n<li>Bundesverdienstkreuz am Bande (1985),<\/li>\n<li>Bundesverdienstkreuz 1. Klasse (1998),<\/li>\n<li>l\u2019Ordre national du M\u00e9rite (1998),<\/li>\n<li>Etoile civique en or (2004),<\/li>\n<li>Chevalier de l\u2019Ordre national de la L\u00e9gion d\u2019honneur (2012),<\/li>\n<li>M\u00e9rite Europ\u00e9en en or (2013).<\/li>\n<\/ul>    <\/div>\n<\/div>\n<!-- \/module text -->        <\/div>\n                    <div  data-lazy=\"1\" class=\"module_column tb-column col4-2 tb_zvb3700 last\">\n                    <!-- module image -->\n<div  class=\"module module-image tb_ocek144 image-top bordered  tf_mw\" data-lazy=\"1\">\n        <div class=\"image-wrap tf_rel tf_mw\">\n            <img loading=\"lazy\" decoding=\"async\" width=\"360\" height=\"299\" src=\"https:\/\/dfkr.eu\/wp-content\/uploads\/2025\/02\/Doris_Pack_Feb2015.jpg\" class=\"wp-post-image wp-image-3381\" title=\"Photo Doris Pack - Feb 2015 \u00a9 Privat\" alt=\"Photo : tous droits r\u00e9serv\u00e9s\" srcset=\"https:\/\/dfkr.eu\/wp-content\/uploads\/2025\/02\/Doris_Pack_Feb2015.jpg 360w, https:\/\/dfkr.eu\/wp-content\/uploads\/2025\/02\/Doris_Pack_Feb2015-300x249.jpg 300w\" sizes=\"auto, (max-width: 360px) 100vw, 360px\" \/>    \n        <\/div>\n    <!-- \/image-wrap -->\n    \n        <div class=\"image-content\">\n                        <div class=\"image-caption tb_text_wrap\">\n            Photo : tous droits r\u00e9serv\u00e9s        <\/div>\n        <!-- \/image-caption -->\n            <\/div>\n    <!-- \/image-content -->\n        <\/div>\n<!-- \/module image -->        <\/div>\n                        <\/div>\n        <\/div>\n                        <div  data-lazy=\"1\" class=\"module_row themify_builder_row tb_9bxe82 tf_w\">\n                        <div class=\"row_inner col_align_top tb_col_count_3 tf_box tf_rel\">\n                        <div  data-lazy=\"1\" class=\"module_column tb-column col3-1 tb_6sib83 first\">\n                    <!-- module buttons -->\n<div  class=\"module module-buttons tb_2wlp83 buttons-horizontal solid   rounded\" data-lazy=\"1\">\n        <div class=\"module-buttons-item tf_in_flx\">\n                        <a href=\"https:\/\/dfkr.eu\/mitglieder-von-2021-2025\" class=\"ui builder_button tf_in_flx red\" >\n                                    <em><svg  class=\"tf_fa tf-ti-back-right\" xmlns:xlink=\"http:\/\/www.w3.org\/1999\/xlink\" aria-hidden=\"true\"><use href=\"#tf-ti-back-right\" xlink:href=\"#tf-ti-back-right\"><\/use><\/svg><\/em>                                        retour aux membres de 2021 \u00e0 2025                                        <\/a>\n                <\/div>\n            <\/div>\n<!-- \/module buttons -->\n        <\/div>\n                    <div  data-lazy=\"1\" class=\"module_column tb-column col3-1 tb_i01882\">\n                    <!-- module buttons -->\n<div  class=\"module module-buttons tb_eemg82 buttons-horizontal solid   rounded\" data-lazy=\"1\">\n        <div class=\"module-buttons-item tf_in_flx\">\n                        <a href=\"https:\/\/dfkr.eu\/mitglieder-von-2018-2020\/\" class=\"ui builder_button tf_in_flx red\" >\n                                    <em><svg  class=\"tf_fa tf-ti-back-right\" xmlns:xlink=\"http:\/\/www.w3.org\/1999\/xlink\" aria-hidden=\"true\"><use href=\"#tf-ti-back-right\" xlink:href=\"#tf-ti-back-right\"><\/use><\/svg><\/em>                                        retour aux membres de 2018 \u00e0 2020                                        <\/a>\n                <\/div>\n            <\/div>\n<!-- \/module buttons -->\n        <\/div>\n                    <div  data-lazy=\"1\" class=\"module_column tb-column col3-1 tb_4on833 last\">\n                            <\/div>\n                        <\/div>\n        <\/div>\n        <\/div>\n<!--\/themify_builder_content-->\n<\/div>","protected":false},"excerpt":{"rendered":"<p><!-- RS_MODULE_CODE_2.5.3-ml --><\/p>\n<div id=\"readspeaker_button3597\" class=\"rs_skip rsbtn rs_preserve\"><a class=\"rsbtn_play\" title=\"Ecouter le texte avec ReadSpeaker\" href=\"https:\/\/app-eu.readspeaker.com\/cgi-bin\/rsent?customerid=14814&amp;lang=fr_fr&amp;readid=rspeak_read_3597&amp;url=https%3A%2F%2Fdfkr.eu%2Ffr%2Fwp-json%2Fwp%2Fv2%2Fpages%2F3597\"><span class=\"rsbtn_left rsimg rspart\"><span class=\"rsbtn_text\"><span>Ecouter<\/span><\/span><\/span><span class=\"rsbtn_right rsimg rsplay rspart\"><\/span><\/a><\/div>\n<div id=\"rspeak_read_3597\"> Dr. h.c. mult. Doris Pack Secr\u00e9taire g\u00e9n\u00e9ral D\u00e9put\u00e9e au Bundestag de 1974 \u00e0 1989, Doris Pack est en parall\u00e8le membre de l\u2019Assembl\u00e9e Parlementaire du Conseil de l\u2019Europe de 1981 \u00e0 1989. \u00c9lue ensuite d\u00e9put\u00e9e au Parlement Europ\u00e9en, o\u00f9 elle restera jusqu\u2019en 2014, elle y pr\u00e9side la commission pour la culture, la jeunesse, l\u2019\u00e9ducation, les [&hellip;]<\/div>\n","protected":false},"author":4,"featured_media":0,"parent":0,"menu_order":0,"comment_status":"closed","ping_status":"closed","template":"","meta":{"footnotes":""},"class_list":["post-3597","page","type-page","status-publish","hentry","has-post-title","has-post-date","has-post-category","has-post-tag","has-post-comment","has-post-author",""],"builder_content":"<h1>Dr. h.c. mult. Doris Pack <\/h1>\n<h2>Secr\u00e9taire g\u00e9n\u00e9ral<\/h2>\n<p>D\u00e9put\u00e9e au Bundestag de 1974 \u00e0 1989, Doris Pack est en parall\u00e8le membre de l\u2019Assembl\u00e9e Parlementaire du Conseil de l\u2019Europe de 1981 \u00e0 1989. \u00c9lue ensuite d\u00e9put\u00e9e au Parlement Europ\u00e9en, o\u00f9 elle restera jusqu\u2019en 2014, elle y pr\u00e9side la commission pour la culture, la jeunesse, l\u2019\u00e9ducation, les m\u00e9dias et le sport.<\/p> <p>Doris Pack compte \u00e9galement de nombreuses responsabilit\u00e9s dans le monde associatif et a re\u00e7u plusieurs d\u00e9corations,<\/p> <p>dont la : <\/p> <ul> <li>Bundesverdienstkreuz am Bande (1985),<\/li> <li>Bundesverdienstkreuz 1. Klasse (1998),<\/li> <li>l\u2019Ordre national du M\u00e9rite (1998),<\/li> <li>Etoile civique en or (2004),<\/li> <li>Chevalier de l\u2019Ordre national de la L\u00e9gion d\u2019honneur (2012),<\/li> <li>M\u00e9rite Europ\u00e9en en or (2013).<\/li> <\/ul>\n<img src=\"https:\/\/dfkr.eu\/wp-content\/uploads\/2025\/02\/Doris_Pack_Feb2015.jpg\" title=\"Photo Doris Pack - Feb 2015 \u00a9 Privat\" alt=\"Photo : tous droits r\u00e9serv\u00e9s\" srcset=\"https:\/\/dfkr.eu\/wp-content\/uploads\/2025\/02\/Doris_Pack_Feb2015.jpg 360w, https:\/\/dfkr.eu\/wp-content\/uploads\/2025\/02\/Doris_Pack_Feb2015-300x249.jpg 300w\" sizes=\"(max-width: 360px) 100vw, 360px\" \/> Photo : tous droits r\u00e9serv\u00e9s\n<a href=\"https:\/\/dfkr.eu\/mitglieder-von-2021-2025\" > <em><svg xmlns:xlink=\"http:\/\/www.w3.org\/1999\/xlink\" aria-hidden=\"true\"><use href=\"#tf-ti-back-right\" xlink:href=\"#tf-ti-back-right\"><\/use><\/svg><\/em> retour aux membres de 2021 \u00e0 2025 <\/a>\n<a href=\"https:\/\/dfkr.eu\/mitglieder-von-2018-2020\/\" > <em><svg xmlns:xlink=\"http:\/\/www.w3.org\/1999\/xlink\" aria-hidden=\"true\"><use href=\"#tf-ti-back-right\" xlink:href=\"#tf-ti-back-right\"><\/use><\/svg><\/em> retour aux membres de 2018 \u00e0 2020 <\/a>","_links":{"self":[{"href":"https:\/\/dfkr.eu\/fr\/wp-json\/wp\/v2\/pages\/3597","targetHints":{"allow":["GET"]}}],"collection":[{"href":"https:\/\/dfkr.eu\/fr\/wp-json\/wp\/v2\/pages"}],"about":[{"href":"https:\/\/dfkr.eu\/fr\/wp-json\/wp\/v2\/types\/page"}],"author":[{"embeddable":true,"href":"https:\/\/dfkr.eu\/fr\/wp-json\/wp\/v2\/users\/4"}],"replies":[{"embeddable":true,"href":"https:\/\/dfkr.eu\/fr\/wp-json\/wp\/v2\/comments?post=3597"}],"version-history":[{"count":9,"href":"https:\/\/dfkr.eu\/fr\/wp-json\/wp\/v2\/pages\/3597\/revisions"}],"predecessor-version":[{"id":3922,"href":"https:\/\/dfkr.eu\/fr\/wp-json\/wp\/v2\/pages\/3597\/revisions\/3922"}],"wp:attachment":[{"href":"https:\/\/dfkr.eu\/fr\/wp-json\/wp\/v2\/media?parent=3597"}],"curies":[{"name":"wp","href":"https:\/\/api.w.org\/{rel}","templated":true}]}}