{"id":3593,"date":"2025-02-17T10:02:00","date_gmt":"2025-02-17T09:02:00","guid":{"rendered":"https:\/\/dfkr.eu\/jean-noel-tronc\/"},"modified":"2025-05-15T14:51:32","modified_gmt":"2025-05-15T12:51:32","slug":"jean-noel-tronc-fr","status":"publish","type":"page","link":"https:\/\/dfkr.eu\/fr\/jean-noel-tronc-fr\/","title":{"rendered":"Jean-No\u00ebl Tronc"},"content":{"rendered":"<!-- RS_MODULE_CODE_2.5.3-ml --><div id=\"readspeaker_button3593\" class=\"rs_skip rsbtn rs_preserve\"><a class=\"rsbtn_play\" title=\"Ecouter le texte avec ReadSpeaker\" href=\"https:\/\/app-eu.readspeaker.com\/cgi-bin\/rsent?customerid=14814&amp;lang=fr_fr&amp;readid=rspeak_read_3593&amp;url=https%3A%2F%2Fdfkr.eu%2Ffr%2Fwp-json%2Fwp%2Fv2%2Fpages%2F3593\"><span class=\"rsbtn_left rsimg rspart\"><span class=\"rsbtn_text\"><span>Ecouter<\/span><\/span><\/span><span class=\"rsbtn_right rsimg rsplay rspart\"><\/span><\/a><\/div><div id=\"rspeak_read_3593\"><!--themify_builder_content-->\n<div id=\"themify_builder_content-3593\" data-postid=\"3593\" class=\"themify_builder_content themify_builder_content-3593 themify_builder tf_clear\">\n                    <div  data-lazy=\"1\" class=\"module_row themify_builder_row tb_y3ma403 tb_first tf_w\">\n                        <div class=\"row_inner col_align_top tb_col_count_1 tf_box tf_rel\">\n                        <div  data-lazy=\"1\" class=\"module_column tb-column col-full tb_40u3403 first\">\n                    <!-- module text -->\n<div  class=\"module module-text tb_7mwo935   \" data-lazy=\"1\">\n        <div  class=\"tb_text_wrap\">\n        <h1>Jean-No\u00ebl Tronc<\/h1>    <\/div>\n<\/div>\n<!-- \/module text -->        <\/div>\n                        <\/div>\n        <\/div>\n                        <div  data-lazy=\"1\" class=\"module_row themify_builder_row tb_cyf0602 tf_w\">\n                        <div class=\"row_inner col_align_top tb_col_count_2 tf_box tf_rel\">\n                        <div  data-lazy=\"1\" class=\"module_column tb-column col4-2 tb_v4up006 first\">\n                    <!-- module text -->\n<div  class=\"module module-text tb_y3qy001   \" data-lazy=\"1\">\n        <div  class=\"tb_text_wrap\">\n        <p>Jean-No\u00ebl Tronc est directeur ex\u00e9cutif de la Chaire Media&amp;Digital de l\u2019ESSEC depuis novembre 2024 et enseignant sur l\u2019\u00e9conomie des industries culturelles et cr\u00e9atives.<\/p><p>Il est cofondateur de l\u2019association France Cr\u00e9ative cr\u00e9\u00e9e en 2012, \u00e0 l\u2019origine des \u00e9tudes du cabinet EY sur le poids \u00e9conomique des ICC en France et en Europe, et qui a regroup\u00e9 des acteurs de toutes les secteurs culturels et cr\u00e9atifs. Il a \u00e9t\u00e9 <em>F\u00e9d\u00e9rateur \u00e0 l\u2019export des industries culturelles et cr\u00e9atives<\/em> entre 2018 et 2022 pour le minist\u00e8re de l\u2019Europe et des Affaires \u00e9trang\u00e8res et le minist\u00e8re de la Culture et de la communication. <\/p><p>Il a travaill\u00e9 pour le Parlement Europ\u00e9en, chez Andersen Consulting (Accenture), puis au <em>Commissariat g\u00e9n\u00e9ral du Plan<\/em>, avant d\u2019\u00eatre conseiller en charge de la transition num\u00e9rique de la France vers Internet aupr\u00e8s du Premier Ministre Fran\u00e7ais de 1997 \u00e0 2002.<\/p><p>Il a ensuite travaill\u00e9 chez France Telecom\/Orange (2002-2007) o\u00f9 il a \u00e9t\u00e9 notamment Directeur G\u00e9n\u00e9ral de Orange France, la filiale mobiles, puis PDG de Canal+ Overseas o\u00f9 il a dirig\u00e9 les activit\u00e9s de t\u00e9l\u00e9vision payante du groupe Canal Plus \u00e0 l\u2019international (Outre-mer, Pologne, Vietnam, Afrique, Maghreb). De 2012 \u00e0 2021 il a \u00e9t\u00e9 Directeur g\u00e9n\u00e9ral-g\u00e9rant de la Sacem, puis de 2022 \u00e0 2024 Directeur g\u00e9n\u00e9ral du Centre nationale d\u2019enseignement \u00e0 distance.<br>Fondateur du festival Orange Films Court, il a si\u00e9g\u00e9 au sein de nombreuses institutions culturelles comme aux conseils d\u2019administration du Th\u00e9\u00e2tre du Ch\u00e2telet ou des Rencontres photographiques d\u2019Arles. Il a pr\u00e9sid\u00e9 le fonds culturel franco-am\u00e9ricain qui r\u00e9unit les Guildes am\u00e9ricaines de r\u00e9alisateurs et de sc\u00e9naristes et la MPAA et qui organise le premier festival de films fran\u00e7ais \u00e0 Los Angeles. Il est membre de l\u2019Acad\u00e9mie des C\u00e9sars et administrateur du thinktank Confrontations Europe.<br>Il est l\u2019auteur de l\u2019essai \u00ab Et si on recommen\u00e7ait par la culture, plaidoyer pour la souverainet\u00e9 europ\u00e9enne \u00bb, publi\u00e9 au Seuil en 2019, traduit en portugais puis diffus\u00e9 en anglais par le thinktank EuropaNova en 2022 (http:\/\/www.tronc.org) <\/p><p>Jean-No\u00ebl Tronc ist Absolvent des Institut d&rsquo;\u00e9tudes politiques de Paris und der ESSEC.<\/p><p>Il a rejoint le Haut Conseil culturel franco-allemand en 2021.<\/p>    <\/div>\n<\/div>\n<!-- \/module text -->        <\/div>\n                    <div  data-lazy=\"1\" class=\"module_column tb-column col4-2 tb_3g72033 last\">\n                    <!-- module image -->\n<div  class=\"module module-image tb_jaht055 image-top bordered  tf_mw\" data-lazy=\"1\">\n        <div class=\"image-wrap tf_rel tf_mw\">\n            <img loading=\"lazy\" decoding=\"async\" width=\"360\" height=\"299\" src=\"https:\/\/dfkr.eu\/wp-content\/uploads\/2025\/02\/JN_Tronc__c__Eric_Garault.jpg\" class=\"wp-post-image wp-image-3374\" title=\"Portr\u00e4tfoto  Jean-No\u00ebl Tronc \u00a9 Eric_Garault\" alt=\"Photo : Eric Garault\" srcset=\"https:\/\/dfkr.eu\/wp-content\/uploads\/2025\/02\/JN_Tronc__c__Eric_Garault.jpg 360w, https:\/\/dfkr.eu\/wp-content\/uploads\/2025\/02\/JN_Tronc__c__Eric_Garault-300x249.jpg 300w\" sizes=\"auto, (max-width: 360px) 100vw, 360px\" \/>    \n        <\/div>\n    <!-- \/image-wrap -->\n    \n        <div class=\"image-content\">\n                        <div class=\"image-caption tb_text_wrap\">\n            Photo : Eric Garault        <\/div>\n        <!-- \/image-caption -->\n            <\/div>\n    <!-- \/image-content -->\n        <\/div>\n<!-- \/module image -->        <\/div>\n                        <\/div>\n        <\/div>\n                        <div  data-lazy=\"1\" class=\"module_row themify_builder_row tb_3exc161 tf_w\">\n                        <div class=\"row_inner col_align_top tb_col_count_1 tf_box tf_rel\">\n                        <div  data-lazy=\"1\" class=\"module_column tb-column col-full tb_ni7y161 first\">\n                    <!-- module buttons -->\n<div  class=\"module module-buttons tb_6aa9161 buttons-horizontal solid   rounded\" data-lazy=\"1\">\n        <div class=\"module-buttons-item tf_in_flx\">\n                        <a href=\"https:\/\/dfkr.eu\/fr\/membres-du-hccfa-de-2021-a-2025\/\" class=\"ui builder_button tf_in_flx red\" >\n                                    <em><svg  class=\"tf_fa tf-ti-back-right\" xmlns:xlink=\"http:\/\/www.w3.org\/1999\/xlink\" aria-hidden=\"true\"><use href=\"#tf-ti-back-right\" xlink:href=\"#tf-ti-back-right\"><\/use><\/svg><\/em>                                        retour                                        <\/a>\n                <\/div>\n            <\/div>\n<!-- \/module buttons -->\n        <\/div>\n                        <\/div>\n        <\/div>\n        <\/div>\n<!--\/themify_builder_content-->\n<\/div>","protected":false},"excerpt":{"rendered":"<p><!-- RS_MODULE_CODE_2.5.3-ml --><\/p>\n<div id=\"readspeaker_button3593\" class=\"rs_skip rsbtn rs_preserve\"><a class=\"rsbtn_play\" title=\"Ecouter le texte avec ReadSpeaker\" href=\"https:\/\/app-eu.readspeaker.com\/cgi-bin\/rsent?customerid=14814&amp;lang=fr_fr&amp;readid=rspeak_read_3593&amp;url=https%3A%2F%2Fdfkr.eu%2Ffr%2Fwp-json%2Fwp%2Fv2%2Fpages%2F3593\"><span class=\"rsbtn_left rsimg rspart\"><span class=\"rsbtn_text\"><span>Ecouter<\/span><\/span><\/span><span class=\"rsbtn_right rsimg rsplay rspart\"><\/span><\/a><\/div>\n<div id=\"rspeak_read_3593\"> Jean-No\u00ebl Tronc Jean-No\u00ebl Tronc est directeur ex\u00e9cutif de la Chaire Media&amp;Digital de l\u2019ESSEC depuis novembre 2024 et enseignant sur l\u2019\u00e9conomie des industries culturelles et cr\u00e9atives. Il est cofondateur de l\u2019association France Cr\u00e9ative cr\u00e9\u00e9e en 2012, \u00e0 l\u2019origine des \u00e9tudes du cabinet EY sur le poids \u00e9conomique des ICC en France et en Europe, et [&hellip;]<\/div>\n","protected":false},"author":4,"featured_media":0,"parent":0,"menu_order":0,"comment_status":"closed","ping_status":"closed","template":"","meta":{"footnotes":""},"class_list":["post-3593","page","type-page","status-publish","hentry","has-post-title","has-post-date","has-post-category","has-post-tag","has-post-comment","has-post-author",""],"builder_content":"<h1>Jean-No\u00ebl Tronc<\/h1>\n<p>Jean-No\u00ebl Tronc est directeur ex\u00e9cutif de la Chaire Media&amp;Digital de l\u2019ESSEC depuis novembre 2024 et enseignant sur l\u2019\u00e9conomie des industries culturelles et cr\u00e9atives.<\/p><p>Il est cofondateur de l\u2019association France Cr\u00e9ative cr\u00e9\u00e9e en 2012, \u00e0 l\u2019origine des \u00e9tudes du cabinet EY sur le poids \u00e9conomique des ICC en France et en Europe, et qui a regroup\u00e9 des acteurs de toutes les secteurs culturels et cr\u00e9atifs. Il a \u00e9t\u00e9 <em>F\u00e9d\u00e9rateur \u00e0 l\u2019export des industries culturelles et cr\u00e9atives<\/em> entre 2018 et 2022 pour le minist\u00e8re de l\u2019Europe et des Affaires \u00e9trang\u00e8res et le minist\u00e8re de la Culture et de la communication. <\/p><p>Il a travaill\u00e9 pour le Parlement Europ\u00e9en, chez Andersen Consulting (Accenture), puis au <em>Commissariat g\u00e9n\u00e9ral du Plan<\/em>, avant d\u2019\u00eatre conseiller en charge de la transition num\u00e9rique de la France vers Internet aupr\u00e8s du Premier Ministre Fran\u00e7ais de 1997 \u00e0 2002.<\/p><p>Il a ensuite travaill\u00e9 chez France Telecom\/Orange (2002-2007) o\u00f9 il a \u00e9t\u00e9 notamment Directeur G\u00e9n\u00e9ral de Orange France, la filiale mobiles, puis PDG de Canal+ Overseas o\u00f9 il a dirig\u00e9 les activit\u00e9s de t\u00e9l\u00e9vision payante du groupe Canal Plus \u00e0 l\u2019international (Outre-mer, Pologne, Vietnam, Afrique, Maghreb). De 2012 \u00e0 2021 il a \u00e9t\u00e9 Directeur g\u00e9n\u00e9ral-g\u00e9rant de la Sacem, puis de 2022 \u00e0 2024 Directeur g\u00e9n\u00e9ral du Centre nationale d\u2019enseignement \u00e0 distance.<br>Fondateur du festival Orange Films Court, il a si\u00e9g\u00e9 au sein de nombreuses institutions culturelles comme aux conseils d\u2019administration du Th\u00e9\u00e2tre du Ch\u00e2telet ou des Rencontres photographiques d\u2019Arles. Il a pr\u00e9sid\u00e9 le fonds culturel franco-am\u00e9ricain qui r\u00e9unit les Guildes am\u00e9ricaines de r\u00e9alisateurs et de sc\u00e9naristes et la MPAA et qui organise le premier festival de films fran\u00e7ais \u00e0 Los Angeles. Il est membre de l\u2019Acad\u00e9mie des C\u00e9sars et administrateur du thinktank Confrontations Europe.<br>Il est l\u2019auteur de l\u2019essai \u00ab Et si on recommen\u00e7ait par la culture, plaidoyer pour la souverainet\u00e9 europ\u00e9enne \u00bb, publi\u00e9 au Seuil en 2019, traduit en portugais puis diffus\u00e9 en anglais par le thinktank EuropaNova en 2022 (http:\/\/www.tronc.org) <\/p><p>Jean-No\u00ebl Tronc ist Absolvent des Institut d'\u00e9tudes politiques de Paris und der ESSEC.<\/p><p>Il a rejoint le Haut Conseil culturel franco-allemand en 2021.<\/p>\n<img src=\"https:\/\/dfkr.eu\/wp-content\/uploads\/2025\/02\/JN_Tronc__c__Eric_Garault.jpg\" title=\"Portr\u00e4tfoto Jean-No\u00ebl Tronc \u00a9 Eric_Garault\" alt=\"Photo : Eric Garault\" srcset=\"https:\/\/dfkr.eu\/wp-content\/uploads\/2025\/02\/JN_Tronc__c__Eric_Garault.jpg 360w, https:\/\/dfkr.eu\/wp-content\/uploads\/2025\/02\/JN_Tronc__c__Eric_Garault-300x249.jpg 300w\" sizes=\"(max-width: 360px) 100vw, 360px\" \/> Photo : Eric Garault\n<a href=\"https:\/\/dfkr.eu\/fr\/membres-du-hccfa-de-2021-a-2025\/\" > <em><svg xmlns:xlink=\"http:\/\/www.w3.org\/1999\/xlink\" aria-hidden=\"true\"><use href=\"#tf-ti-back-right\" xlink:href=\"#tf-ti-back-right\"><\/use><\/svg><\/em> retour <\/a>","_links":{"self":[{"href":"https:\/\/dfkr.eu\/fr\/wp-json\/wp\/v2\/pages\/3593","targetHints":{"allow":["GET"]}}],"collection":[{"href":"https:\/\/dfkr.eu\/fr\/wp-json\/wp\/v2\/pages"}],"about":[{"href":"https:\/\/dfkr.eu\/fr\/wp-json\/wp\/v2\/types\/page"}],"author":[{"embeddable":true,"href":"https:\/\/dfkr.eu\/fr\/wp-json\/wp\/v2\/users\/4"}],"replies":[{"embeddable":true,"href":"https:\/\/dfkr.eu\/fr\/wp-json\/wp\/v2\/comments?post=3593"}],"version-history":[{"count":6,"href":"https:\/\/dfkr.eu\/fr\/wp-json\/wp\/v2\/pages\/3593\/revisions"}],"predecessor-version":[{"id":3784,"href":"https:\/\/dfkr.eu\/fr\/wp-json\/wp\/v2\/pages\/3593\/revisions\/3784"}],"wp:attachment":[{"href":"https:\/\/dfkr.eu\/fr\/wp-json\/wp\/v2\/media?parent=3593"}],"curies":[{"name":"wp","href":"https:\/\/api.w.org\/{rel}","templated":true}]}}