{"id":3591,"date":"2025-02-17T10:00:44","date_gmt":"2025-02-17T09:00:44","guid":{"rendered":"https:\/\/dfkr.eu\/marie-sellier\/"},"modified":"2025-05-15T14:51:20","modified_gmt":"2025-05-15T12:51:20","slug":"marie-sellier-fr","status":"publish","type":"page","link":"https:\/\/dfkr.eu\/fr\/marie-sellier-fr\/","title":{"rendered":"Marie Sellier"},"content":{"rendered":"<!-- RS_MODULE_CODE_2.5.3-ml --><div id=\"readspeaker_button3591\" class=\"rs_skip rsbtn rs_preserve\"><a class=\"rsbtn_play\" title=\"Ecouter le texte avec ReadSpeaker\" href=\"https:\/\/app-eu.readspeaker.com\/cgi-bin\/rsent?customerid=14814&amp;lang=fr_fr&amp;readid=rspeak_read_3591&amp;url=https%3A%2F%2Fdfkr.eu%2Ffr%2Fwp-json%2Fwp%2Fv2%2Fpages%2F3591\"><span class=\"rsbtn_left rsimg rspart\"><span class=\"rsbtn_text\"><span>Ecouter<\/span><\/span><\/span><span class=\"rsbtn_right rsimg rsplay rspart\"><\/span><\/a><\/div><div id=\"rspeak_read_3591\"><!--themify_builder_content-->\n<div id=\"themify_builder_content-3591\" data-postid=\"3591\" class=\"themify_builder_content themify_builder_content-3591 themify_builder tf_clear\">\n                    <div  data-lazy=\"1\" class=\"module_row themify_builder_row tb_ryhc140 tb_first tf_w\">\n                        <div class=\"row_inner col_align_top tb_col_count_1 tf_box tf_rel\">\n                        <div  data-lazy=\"1\" class=\"module_column tb-column col-full tb_dnpa140 first\">\n                    <!-- module text -->\n<div  class=\"module module-text tb_zlv017   \" data-lazy=\"1\">\n        <div  class=\"tb_text_wrap\">\n        <h1>Marie Sellier<\/h1>    <\/div>\n<\/div>\n<!-- \/module text -->        <\/div>\n                        <\/div>\n        <\/div>\n                        <div  data-lazy=\"1\" class=\"module_row themify_builder_row tb_9anp990 tf_w\">\n                        <div class=\"row_inner col_align_top tb_col_count_2 tf_box tf_rel\">\n                        <div  data-lazy=\"1\" class=\"module_column tb-column col4-2 tb_uuv6098 first\">\n                    <!-- module text -->\n<div  class=\"module module-text tb_9kg5878   \" data-lazy=\"1\">\n        <div  class=\"tb_text_wrap\">\n        <div class=\"post-inner thin \">\n<div class=\"entry-content\">\n<div class=\"tx-abook-pi1-description\">\n<p>Vice-pr\u00e9sidente Affaires publiques VIVENDI<\/p>\n<p>Depuis 2016, Marie Sellier dirige les affaires publiques du Groupe Vivendi, qu\u2019elle a rejoint en 2005. A ce titre, elle a pris part activement et suivi avec un vif int\u00e9r\u00eat les n\u00e9gociations europ\u00e9ennes sur le droit d\u2019auteur et la r\u00e9gulation des plateformes num\u00e9riques. <\/p>\n<p>Depuis 2025, Marie Sellier travaille comme consultante ind\u00e9pendante dans le domaine de la r\u00e9gulation de l&rsquo;intelligence artificielle.<\/p>\n<p>Passionn\u00e9e par les enjeux autour de la coop\u00e9ration franco-allemande dans la culture, elle accompagne et soutient de nombreuses initiatives dans ce domaine.<\/p>\n<p>Marie Sellier est membre du Haut Conseil culturel franco-allemand depuis 2021.<\/p>\n<\/div>\n<\/div>\n<\/div>\n<nav class=\"pagination-single section-inner\" aria-label=\"Beitrag\"><\/nav>    <\/div>\n<\/div>\n<!-- \/module text -->        <\/div>\n                    <div  data-lazy=\"1\" class=\"module_column tb-column col4-2 tb_sd70900 last\">\n                    <!-- module image -->\n<div  class=\"module module-image tb_mezj081 image-top bordered  tf_mw\" data-lazy=\"1\">\n        <div class=\"image-wrap tf_rel tf_mw\">\n            <img loading=\"lazy\" decoding=\"async\" width=\"360\" height=\"299\" src=\"https:\/\/dfkr.eu\/wp-content\/uploads\/2025\/02\/Marie_Sellier__c__Marie_Sellier.jpg\" class=\"wp-post-image wp-image-3376\" title=\"Portr\u00e4tfoto Marie Sellier \u00a9 Marie Sellier\" alt=\"Photo : Marie Sellier\" srcset=\"https:\/\/dfkr.eu\/wp-content\/uploads\/2025\/02\/Marie_Sellier__c__Marie_Sellier.jpg 360w, https:\/\/dfkr.eu\/wp-content\/uploads\/2025\/02\/Marie_Sellier__c__Marie_Sellier-300x249.jpg 300w\" sizes=\"auto, (max-width: 360px) 100vw, 360px\" \/>    \n        <\/div>\n    <!-- \/image-wrap -->\n    \n        <div class=\"image-content\">\n                        <div class=\"image-caption tb_text_wrap\">\n            Photo : Marie Sellier        <\/div>\n        <!-- \/image-caption -->\n            <\/div>\n    <!-- \/image-content -->\n        <\/div>\n<!-- \/module image -->        <\/div>\n                        <\/div>\n        <\/div>\n                        <div  data-lazy=\"1\" class=\"module_row themify_builder_row tb_pljb394 tf_w\">\n                        <div class=\"row_inner col_align_top tb_col_count_1 tf_box tf_rel\">\n                        <div  data-lazy=\"1\" class=\"module_column tb-column col-full tb_yuvx394 first\">\n                    <!-- module buttons -->\n<div  class=\"module module-buttons tb_yho6394 buttons-horizontal solid   rounded\" data-lazy=\"1\">\n        <div class=\"module-buttons-item tf_in_flx\">\n                        <a href=\"https:\/\/dfkr.eu\/fr\/membres-du-hccfa-de-2021-a-2025\/\" class=\"ui builder_button tf_in_flx red\" >\n                                    <em><svg  class=\"tf_fa tf-ti-back-right\" xmlns:xlink=\"http:\/\/www.w3.org\/1999\/xlink\" aria-hidden=\"true\"><use href=\"#tf-ti-back-right\" xlink:href=\"#tf-ti-back-right\"><\/use><\/svg><\/em>                                        retour                                        <\/a>\n                <\/div>\n            <\/div>\n<!-- \/module buttons -->\n        <\/div>\n                        <\/div>\n        <\/div>\n        <\/div>\n<!--\/themify_builder_content-->\n<\/div>","protected":false},"excerpt":{"rendered":"<p><!-- RS_MODULE_CODE_2.5.3-ml --><\/p>\n<div id=\"readspeaker_button3591\" class=\"rs_skip rsbtn rs_preserve\"><a class=\"rsbtn_play\" title=\"Ecouter le texte avec ReadSpeaker\" href=\"https:\/\/app-eu.readspeaker.com\/cgi-bin\/rsent?customerid=14814&amp;lang=fr_fr&amp;readid=rspeak_read_3591&amp;url=https%3A%2F%2Fdfkr.eu%2Ffr%2Fwp-json%2Fwp%2Fv2%2Fpages%2F3591\"><span class=\"rsbtn_left rsimg rspart\"><span class=\"rsbtn_text\"><span>Ecouter<\/span><\/span><\/span><span class=\"rsbtn_right rsimg rsplay rspart\"><\/span><\/a><\/div>\n<div id=\"rspeak_read_3591\"> Marie Sellier Vice-pr\u00e9sidente Affaires publiques VIVENDI Depuis 2016, Marie Sellier dirige les affaires publiques du Groupe Vivendi, qu\u2019elle a rejoint en 2005. A ce titre, elle a pris part activement et suivi avec un vif int\u00e9r\u00eat les n\u00e9gociations europ\u00e9ennes sur le droit d\u2019auteur et la r\u00e9gulation des plateformes num\u00e9riques. Depuis 2025, Marie Sellier travaille [&hellip;]<\/div>\n","protected":false},"author":4,"featured_media":0,"parent":0,"menu_order":0,"comment_status":"closed","ping_status":"closed","template":"","meta":{"footnotes":""},"class_list":["post-3591","page","type-page","status-publish","hentry","has-post-title","has-post-date","has-post-category","has-post-tag","has-post-comment","has-post-author",""],"builder_content":"<h1>Marie Sellier<\/h1>\n<p>Vice-pr\u00e9sidente Affaires publiques VIVENDI<\/p> <p>Depuis 2016, Marie Sellier dirige les affaires publiques du Groupe Vivendi, qu\u2019elle a rejoint en 2005. A ce titre, elle a pris part activement et suivi avec un vif int\u00e9r\u00eat les n\u00e9gociations europ\u00e9ennes sur le droit d\u2019auteur et la r\u00e9gulation des plateformes num\u00e9riques. <\/p> <p>Depuis 2025, Marie Sellier travaille comme consultante ind\u00e9pendante dans le domaine de la r\u00e9gulation de l'intelligence artificielle.<\/p> <p>Passionn\u00e9e par les enjeux autour de la coop\u00e9ration franco-allemande dans la culture, elle accompagne et soutient de nombreuses initiatives dans ce domaine.<\/p> <p>Marie Sellier est membre du Haut Conseil culturel franco-allemand depuis 2021.<\/p>\n<nav aria-label=\"Beitrag\"><\/nav>\n<img src=\"https:\/\/dfkr.eu\/wp-content\/uploads\/2025\/02\/Marie_Sellier__c__Marie_Sellier.jpg\" title=\"Portr\u00e4tfoto Marie Sellier \u00a9 Marie Sellier\" alt=\"Photo : Marie Sellier\" srcset=\"https:\/\/dfkr.eu\/wp-content\/uploads\/2025\/02\/Marie_Sellier__c__Marie_Sellier.jpg 360w, https:\/\/dfkr.eu\/wp-content\/uploads\/2025\/02\/Marie_Sellier__c__Marie_Sellier-300x249.jpg 300w\" sizes=\"(max-width: 360px) 100vw, 360px\" \/> Photo : Marie Sellier\n<a href=\"https:\/\/dfkr.eu\/fr\/membres-du-hccfa-de-2021-a-2025\/\" > <em><svg xmlns:xlink=\"http:\/\/www.w3.org\/1999\/xlink\" aria-hidden=\"true\"><use href=\"#tf-ti-back-right\" xlink:href=\"#tf-ti-back-right\"><\/use><\/svg><\/em> retour <\/a>","_links":{"self":[{"href":"https:\/\/dfkr.eu\/fr\/wp-json\/wp\/v2\/pages\/3591","targetHints":{"allow":["GET"]}}],"collection":[{"href":"https:\/\/dfkr.eu\/fr\/wp-json\/wp\/v2\/pages"}],"about":[{"href":"https:\/\/dfkr.eu\/fr\/wp-json\/wp\/v2\/types\/page"}],"author":[{"embeddable":true,"href":"https:\/\/dfkr.eu\/fr\/wp-json\/wp\/v2\/users\/4"}],"replies":[{"embeddable":true,"href":"https:\/\/dfkr.eu\/fr\/wp-json\/wp\/v2\/comments?post=3591"}],"version-history":[{"count":4,"href":"https:\/\/dfkr.eu\/fr\/wp-json\/wp\/v2\/pages\/3591\/revisions"}],"predecessor-version":[{"id":3782,"href":"https:\/\/dfkr.eu\/fr\/wp-json\/wp\/v2\/pages\/3591\/revisions\/3782"}],"wp:attachment":[{"href":"https:\/\/dfkr.eu\/fr\/wp-json\/wp\/v2\/media?parent=3591"}],"curies":[{"name":"wp","href":"https:\/\/api.w.org\/{rel}","templated":true}]}}