{"id":3589,"date":"2025-02-17T09:59:34","date_gmt":"2025-02-17T08:59:34","guid":{"rendered":"https:\/\/dfkr.eu\/laurent-muhleisen\/"},"modified":"2025-07-18T10:14:55","modified_gmt":"2025-07-18T08:14:55","slug":"laurent-muhleisen-fr","status":"publish","type":"page","link":"https:\/\/dfkr.eu\/fr\/laurent-muhleisen-fr\/","title":{"rendered":"Laurent Muhleisen"},"content":{"rendered":"<!-- RS_MODULE_CODE_2.5.3-ml --><div id=\"readspeaker_button3589\" class=\"rs_skip rsbtn rs_preserve\"><a class=\"rsbtn_play\" title=\"Ecouter le texte avec ReadSpeaker\" href=\"https:\/\/app-eu.readspeaker.com\/cgi-bin\/rsent?customerid=14814&amp;lang=fr_fr&amp;readid=rspeak_read_3589&amp;url=https%3A%2F%2Fdfkr.eu%2Ffr%2Fwp-json%2Fwp%2Fv2%2Fpages%2F3589\"><span class=\"rsbtn_left rsimg rspart\"><span class=\"rsbtn_text\"><span>Ecouter<\/span><\/span><\/span><span class=\"rsbtn_right rsimg rsplay rspart\"><\/span><\/a><\/div><div id=\"rspeak_read_3589\"><!--themify_builder_content-->\n<div id=\"themify_builder_content-3589\" data-postid=\"3589\" class=\"themify_builder_content themify_builder_content-3589 themify_builder tf_clear\">\n                    <div  data-lazy=\"1\" class=\"module_row themify_builder_row tb_n772636 tb_first tf_w\">\n                        <div class=\"row_inner col_align_top tb_col_count_1 tf_box tf_rel\">\n                        <div  data-lazy=\"1\" class=\"module_column tb-column col-full tb_60z2636 first\">\n                    <!-- module text -->\n<div  class=\"module module-text tb_m7vq417   \" data-lazy=\"1\">\n        <div  class=\"tb_text_wrap\">\n        <h1>Laurent Muhleisen<\/h1>    <\/div>\n<\/div>\n<!-- \/module text -->        <\/div>\n                        <\/div>\n        <\/div>\n                        <div  data-lazy=\"1\" class=\"module_row themify_builder_row tb_vgor565 tf_w\">\n                        <div class=\"row_inner col_align_top tb_col_count_2 tf_box tf_rel\">\n                        <div  data-lazy=\"1\" class=\"module_column tb-column col4-2 tb_0hzk060 first\">\n                    <!-- module text -->\n<div  class=\"module module-text tb_idu8860   \" data-lazy=\"1\">\n        <div  class=\"tb_text_wrap\">\n        <div class=\"post-inner thin \">\n<div class=\"entry-content\">\n<div class=\"tx-abook-pi1-description\">\n<p>Traducteur ind\u00e9pendant, directeur artistique de la Maison Antoine Vitez, Conseiller litt\u00e9raire et th\u00e9\u00e2tral de la Com\u00e9die-Fran\u00e7aise, Paris.<\/p>\n<p>N\u00e9 en 1964 \u00e0 Strasbourg.<\/p>\n<p>Depuis 1992, il est traducteur ind\u00e9pendant, sp\u00e9cialis\u00e9 dans le th\u00e9\u00e2tre contemporain de langue allemande.<\/p>\n<p>Il a traduit plus d\u2019une cinquantaine de pi\u00e8ces, \u00e9crites par des auteurs tels que Dea Loher, Marius von Mayenburg, Roland Schimmelpfennig, Rainald Goetz, Rainer Werner Fassbinder, Hugo von Hofmannstahl, Bertolt Brecht, Ferdinand Bruckner, Friedrich D\u00fcrrenmatt\u2026 Outre la traduction de pi\u00e8ces d\u2019auteurs classiques contemporains, son souci est de faire d\u00e9couvrir au public fran\u00e7ais des auteurs des jeunes g\u00e9n\u00e9rations. Nombre de ses traductions sont publi\u00e9es aux \u00e9ditions de l\u2019Arche, et r\u00e9guli\u00e8rement mont\u00e9es en France et dans des pays francophones.   <\/p>\n<p>Depuis 1999, il est le directeur artistique de La Maison Antoine Vitez \u2013 Centre international de la traduction th\u00e9\u00e2trale, une association ind\u00e9pendante de traducteurs professionnels sp\u00e9cialis\u00e9s dans le th\u00e9\u00e2tre de langues \u00e9trang\u00e8res, subventionn\u00e9e par le Minist\u00e8re de la Culture. Depuis sa fondation en 1991, la Maison Antoine Vitez a fait traduire plus de 1300 pi\u00e8ces, de plus de 30 domaines linguistiques diff\u00e9rents. <\/p>\n<p>Depuis 2006, il est aussi le conseiller litt\u00e9raire et th\u00e9\u00e2tral de la Com\u00e9die-Fran\u00e7aise. L\u2019une de ses t\u00e2ches consiste \u00e0 envisager, avec la direction de ce th\u00e9\u00e2tre \u2013 temple du r\u00e9pertoire classique \u2013 la mani\u00e8re dont peuvent s\u2019y inscrire des \u0153uvres du r\u00e9pertoire mondial contemporain. <\/p>\n<p>De 2001 \u00e0 2022, Laurent Muhleisen a fait partie du jury du programme \u201cTransfert th\u00e9\u00e2tral \/ Theater Transfer\u201d, pilot\u00e9 par le Goethe-Institut, l\u2019Institut fran\u00e7ais de Berlin, l\u2019association Beaumarchais et la Robert Bosch Stiftung. Ce programme a, depuis, \u00e9t\u00e9 supprim\u00e9 par le Goethe-Institut. <\/p>\n<p>Laurent Muhleisen fait partie du conseil d\u2019administration de la Chartreuse \u2013 centre national des \u00e9critures du spectacle \u00e0 Villeneuve-l\u00e8s-Avignon.<\/p>\n<\/div>\n<\/div>\n<\/div>\n<nav class=\"pagination-single section-inner\" aria-label=\"Beitrag\"><\/nav>    <\/div>\n<\/div>\n<!-- \/module text -->        <\/div>\n                    <div  data-lazy=\"1\" class=\"module_column tb-column col4-2 tb_vdme343 last\">\n                    <!-- module image -->\n<div  class=\"module module-image tb_ssar808 image-top bordered  tf_mw\" data-lazy=\"1\">\n        <div class=\"image-wrap tf_rel tf_mw\">\n            <img loading=\"lazy\" decoding=\"async\" width=\"360\" height=\"299\" src=\"https:\/\/dfkr.eu\/wp-content\/uploads\/2025\/02\/Laurent_Muhleisen_c_Emile_Zeizig.jpg\" class=\"wp-post-image wp-image-3384\" title=\"Photo Laurent Muhleisen \u00a9 Emile Zeizig\" alt=\"Photo : Emile Zeizig\" srcset=\"https:\/\/dfkr.eu\/wp-content\/uploads\/2025\/02\/Laurent_Muhleisen_c_Emile_Zeizig.jpg 360w, https:\/\/dfkr.eu\/wp-content\/uploads\/2025\/02\/Laurent_Muhleisen_c_Emile_Zeizig-300x249.jpg 300w\" sizes=\"auto, (max-width: 360px) 100vw, 360px\" \/>    \n        <\/div>\n    <!-- \/image-wrap -->\n    \n        <div class=\"image-content\">\n                        <div class=\"image-caption tb_text_wrap\">\n            Photo : Emile Zeizig        <\/div>\n        <!-- \/image-caption -->\n            <\/div>\n    <!-- \/image-content -->\n        <\/div>\n<!-- \/module image -->        <\/div>\n                        <\/div>\n        <\/div>\n                        <div  data-lazy=\"1\" class=\"module_row themify_builder_row tb_31bi334 tf_w\">\n                        <div class=\"row_inner col_align_top tb_col_count_3 tf_box tf_rel\">\n                        <div  data-lazy=\"1\" class=\"module_column tb-column col3-1 tb_fyub334 first\">\n                    <!-- module buttons -->\n<div  class=\"module module-buttons tb_sgyo334 buttons-horizontal solid   rounded\" data-lazy=\"1\">\n        <div class=\"module-buttons-item tf_in_flx\">\n                        <a href=\"https:\/\/dfkr.eu\/fr\/membres-du-hccfa-de-2021-a-2025\/\" class=\"ui builder_button tf_in_flx red\" >\n                                    <em><svg  class=\"tf_fa tf-ti-back-right\" xmlns:xlink=\"http:\/\/www.w3.org\/1999\/xlink\" aria-hidden=\"true\"><use href=\"#tf-ti-back-right\" xlink:href=\"#tf-ti-back-right\"><\/use><\/svg><\/em>                                        retour aux membres de 2021 \u00e0 2025                                        <\/a>\n                <\/div>\n            <\/div>\n<!-- \/module buttons -->\n        <\/div>\n                    <div  data-lazy=\"1\" class=\"module_column tb-column col3-1 tb_94jj334\">\n                    <!-- module buttons -->\n<div  class=\"module module-buttons tb_gc1l334 buttons-horizontal solid   rounded\" data-lazy=\"1\">\n        <div class=\"module-buttons-item tf_in_flx\">\n                        <a href=\"https:\/\/dfkr.eu\/fr\/membres-du-hccfa-du-de-2018-a-2020\/\" class=\"ui builder_button tf_in_flx red\" >\n                                    <em><svg  class=\"tf_fa tf-ti-back-right\" xmlns:xlink=\"http:\/\/www.w3.org\/1999\/xlink\" aria-hidden=\"true\"><use href=\"#tf-ti-back-right\" xlink:href=\"#tf-ti-back-right\"><\/use><\/svg><\/em>                                        retour aux membres de 2018 \u00e0 2020                                        <\/a>\n                <\/div>\n            <\/div>\n<!-- \/module buttons -->\n        <\/div>\n                    <div  data-lazy=\"1\" class=\"module_column tb-column col3-1 tb_70go943 last\">\n                    <!-- module buttons -->\n<div  class=\"module module-buttons tb_5owf426 buttons-horizontal solid   rounded\" data-lazy=\"1\">\n        <div class=\"module-buttons-item tf_in_flx\">\n                        <a href=\"https:\/\/dfkr.eu\/fr\/membres-du-hccfa-de-2015-a-2017\/\" class=\"ui builder_button tf_in_flx red\" >\n                                    <em><svg  class=\"tf_fa tf-ti-back-right\" xmlns:xlink=\"http:\/\/www.w3.org\/1999\/xlink\" aria-hidden=\"true\"><use href=\"#tf-ti-back-right\" xlink:href=\"#tf-ti-back-right\"><\/use><\/svg><\/em>                                        retour aux membres de 2015 \u00e0 2017                                        <\/a>\n                <\/div>\n            <\/div>\n<!-- \/module buttons -->\n        <\/div>\n                        <\/div>\n        <\/div>\n        <\/div>\n<!--\/themify_builder_content--><\/div>","protected":false},"excerpt":{"rendered":"<p><!-- RS_MODULE_CODE_2.5.3-ml --><\/p>\n<div id=\"readspeaker_button3589\" class=\"rs_skip rsbtn rs_preserve\"><a class=\"rsbtn_play\" title=\"Ecouter le texte avec ReadSpeaker\" href=\"https:\/\/app-eu.readspeaker.com\/cgi-bin\/rsent?customerid=14814&amp;lang=fr_fr&amp;readid=rspeak_read_3589&amp;url=https%3A%2F%2Fdfkr.eu%2Ffr%2Fwp-json%2Fwp%2Fv2%2Fpages%2F3589\"><span class=\"rsbtn_left rsimg rspart\"><span class=\"rsbtn_text\"><span>Ecouter<\/span><\/span><\/span><span class=\"rsbtn_right rsimg rsplay rspart\"><\/span><\/a><\/div>\n<div id=\"rspeak_read_3589\"><\/div>\n","protected":false},"author":1,"featured_media":0,"parent":0,"menu_order":0,"comment_status":"closed","ping_status":"closed","template":"","meta":{"footnotes":""},"class_list":["post-3589","page","type-page","status-publish","hentry","has-post-title","has-post-date","has-post-category","has-post-tag","has-post-comment","has-post-author",""],"builder_content":"<h1>Laurent Muhleisen<\/h1>\n<p>Traducteur ind\u00e9pendant, directeur artistique de la Maison Antoine Vitez, Conseiller litt\u00e9raire et th\u00e9\u00e2tral de la Com\u00e9die-Fran\u00e7aise, Paris.<\/p> <p>N\u00e9 en 1964 \u00e0 Strasbourg.<\/p> <p>Depuis 1992, il est traducteur ind\u00e9pendant, sp\u00e9cialis\u00e9 dans le th\u00e9\u00e2tre contemporain de langue allemande.<\/p> <p>Il a traduit plus d\u2019une cinquantaine de pi\u00e8ces, \u00e9crites par des auteurs tels que Dea Loher, Marius von Mayenburg, Roland Schimmelpfennig, Rainald Goetz, Rainer Werner Fassbinder, Hugo von Hofmannstahl, Bertolt Brecht, Ferdinand Bruckner, Friedrich D\u00fcrrenmatt\u2026 Outre la traduction de pi\u00e8ces d\u2019auteurs classiques contemporains, son souci est de faire d\u00e9couvrir au public fran\u00e7ais des auteurs des jeunes g\u00e9n\u00e9rations. Nombre de ses traductions sont publi\u00e9es aux \u00e9ditions de l\u2019Arche, et r\u00e9guli\u00e8rement mont\u00e9es en France et dans des pays francophones. <\/p> <p>Depuis 1999, il est le directeur artistique de La Maison Antoine Vitez \u2013 Centre international de la traduction th\u00e9\u00e2trale, une association ind\u00e9pendante de traducteurs professionnels sp\u00e9cialis\u00e9s dans le th\u00e9\u00e2tre de langues \u00e9trang\u00e8res, subventionn\u00e9e par le Minist\u00e8re de la Culture. Depuis sa fondation en 1991, la Maison Antoine Vitez a fait traduire plus de 1300 pi\u00e8ces, de plus de 30 domaines linguistiques diff\u00e9rents. <\/p> <p>Depuis 2006, il est aussi le conseiller litt\u00e9raire et th\u00e9\u00e2tral de la Com\u00e9die-Fran\u00e7aise. L\u2019une de ses t\u00e2ches consiste \u00e0 envisager, avec la direction de ce th\u00e9\u00e2tre \u2013 temple du r\u00e9pertoire classique \u2013 la mani\u00e8re dont peuvent s\u2019y inscrire des \u0153uvres du r\u00e9pertoire mondial contemporain. <\/p> <p>De 2001 \u00e0 2022, Laurent Muhleisen a fait partie du jury du programme \u201cTransfert th\u00e9\u00e2tral \/ Theater Transfer\u201d, pilot\u00e9 par le Goethe-Institut, l\u2019Institut fran\u00e7ais de Berlin, l\u2019association Beaumarchais et la Robert Bosch Stiftung. Ce programme a, depuis, \u00e9t\u00e9 supprim\u00e9 par le Goethe-Institut. <\/p> <p>Laurent Muhleisen fait partie du conseil d\u2019administration de la Chartreuse \u2013 centre national des \u00e9critures du spectacle \u00e0 Villeneuve-l\u00e8s-Avignon.<\/p>\n<nav aria-label=\"Beitrag\"><\/nav>\n<img src=\"https:\/\/dfkr.eu\/wp-content\/uploads\/2025\/02\/Laurent_Muhleisen_c_Emile_Zeizig.jpg\" title=\"Photo Laurent Muhleisen \u00a9 Emile Zeizig\" alt=\"Photo : Emile Zeizig\" srcset=\"https:\/\/dfkr.eu\/wp-content\/uploads\/2025\/02\/Laurent_Muhleisen_c_Emile_Zeizig.jpg 360w, https:\/\/dfkr.eu\/wp-content\/uploads\/2025\/02\/Laurent_Muhleisen_c_Emile_Zeizig-300x249.jpg 300w\" sizes=\"(max-width: 360px) 100vw, 360px\" \/> Photo : Emile Zeizig\n<a href=\"https:\/\/dfkr.eu\/fr\/membres-du-hccfa-de-2021-a-2025\/\" > <em><svg xmlns:xlink=\"http:\/\/www.w3.org\/1999\/xlink\" aria-hidden=\"true\"><use href=\"#tf-ti-back-right\" xlink:href=\"#tf-ti-back-right\"><\/use><\/svg><\/em> retour aux membres de 2021 \u00e0 2025 <\/a>\n<a href=\"https:\/\/dfkr.eu\/fr\/membres-du-hccfa-du-de-2018-a-2020\/\" > <em><svg xmlns:xlink=\"http:\/\/www.w3.org\/1999\/xlink\" aria-hidden=\"true\"><use href=\"#tf-ti-back-right\" xlink:href=\"#tf-ti-back-right\"><\/use><\/svg><\/em> retour aux membres de 2018 \u00e0 2020 <\/a>\n<a href=\"https:\/\/dfkr.eu\/fr\/membres-du-hccfa-de-2015-a-2017\/\" > <em><svg xmlns:xlink=\"http:\/\/www.w3.org\/1999\/xlink\" aria-hidden=\"true\"><use href=\"#tf-ti-back-right\" xlink:href=\"#tf-ti-back-right\"><\/use><\/svg><\/em> retour aux membres de 2015 \u00e0 2017 <\/a>","_links":{"self":[{"href":"https:\/\/dfkr.eu\/fr\/wp-json\/wp\/v2\/pages\/3589","targetHints":{"allow":["GET"]}}],"collection":[{"href":"https:\/\/dfkr.eu\/fr\/wp-json\/wp\/v2\/pages"}],"about":[{"href":"https:\/\/dfkr.eu\/fr\/wp-json\/wp\/v2\/types\/page"}],"author":[{"embeddable":true,"href":"https:\/\/dfkr.eu\/fr\/wp-json\/wp\/v2\/users\/1"}],"replies":[{"embeddable":true,"href":"https:\/\/dfkr.eu\/fr\/wp-json\/wp\/v2\/comments?post=3589"}],"version-history":[{"count":6,"href":"https:\/\/dfkr.eu\/fr\/wp-json\/wp\/v2\/pages\/3589\/revisions"}],"predecessor-version":[{"id":4358,"href":"https:\/\/dfkr.eu\/fr\/wp-json\/wp\/v2\/pages\/3589\/revisions\/4358"}],"wp:attachment":[{"href":"https:\/\/dfkr.eu\/fr\/wp-json\/wp\/v2\/media?parent=3589"}],"curies":[{"name":"wp","href":"https:\/\/api.w.org\/{rel}","templated":true}]}}