{"id":3585,"date":"2025-02-17T09:55:41","date_gmt":"2025-02-17T08:55:41","guid":{"rendered":"https:\/\/dfkr.eu\/daniela-elstner\/"},"modified":"2025-05-15T16:41:13","modified_gmt":"2025-05-15T14:41:13","slug":"daniela-elstner-fr","status":"publish","type":"page","link":"https:\/\/dfkr.eu\/fr\/daniela-elstner-fr\/","title":{"rendered":"Daniela Elstner"},"content":{"rendered":"<!-- RS_MODULE_CODE_2.5.3-ml --><div id=\"readspeaker_button3585\" class=\"rs_skip rsbtn rs_preserve\"><a class=\"rsbtn_play\" title=\"Ecouter le texte avec ReadSpeaker\" href=\"https:\/\/app-eu.readspeaker.com\/cgi-bin\/rsent?customerid=14814&amp;lang=fr_fr&amp;readid=rspeak_read_3585&amp;url=https%3A%2F%2Fdfkr.eu%2Ffr%2Fwp-json%2Fwp%2Fv2%2Fpages%2F3585\"><span class=\"rsbtn_left rsimg rspart\"><span class=\"rsbtn_text\"><span>Ecouter<\/span><\/span><\/span><span class=\"rsbtn_right rsimg rsplay rspart\"><\/span><\/a><\/div><div id=\"rspeak_read_3585\"><!--themify_builder_content-->\n<div id=\"themify_builder_content-3585\" data-postid=\"3585\" class=\"themify_builder_content themify_builder_content-3585 themify_builder tf_clear\">\n                    <div  data-lazy=\"1\" class=\"module_row themify_builder_row tb_srz3153 tb_first tf_w\">\n                        <div class=\"row_inner col_align_top tb_col_count_1 tf_box tf_rel\">\n                        <div  data-lazy=\"1\" class=\"module_column tb-column col-full tb_qoow153 first\">\n                    <!-- module text -->\n<div  class=\"module module-text tb_2enb284   \" data-lazy=\"1\">\n        <div  class=\"tb_text_wrap\">\n        <h1>Daniela Elstner<\/h1>    <\/div>\n<\/div>\n<!-- \/module text -->        <\/div>\n                        <\/div>\n        <\/div>\n                        <div  data-lazy=\"1\" class=\"module_row themify_builder_row tb_e2ru200 tf_w\">\n                        <div class=\"row_inner col_align_top tb_col_count_2 tf_box tf_rel\">\n                        <div  data-lazy=\"1\" class=\"module_column tb-column col4-2 tb_5f06040 first\">\n                    <!-- module text -->\n<div  class=\"module module-text tb_ww0q208   \" data-lazy=\"1\">\n        <div  class=\"tb_text_wrap\">\n        <p>Daniela Elstner est directrice g\u00e9n\u00e9rale d\u2019<a href=\"https:\/\/www.unifrance.org\/\"><em>UniFrance<\/em><\/a> depuis juillet 2019.<\/p>\n<p>N\u00e9e en Allemagne et dipl\u00f4m\u00e9e d\u2019une Maitrise de Lettres Modernes (Paris VII), Daniela Elstner a commenc\u00e9 sa carri\u00e8re professionnelle en France au sein d\u2019<em>UniFrance<\/em> en 1996. En octobre 1998, elle rejoint <a style=\"font-size: 1em\" href=\"https:\/\/filmsdulosange.com\/en\/\"><em>Les Films du Losange<\/em><\/a> pour y cr\u00e9er le service international de la soci\u00e9t\u00e9 de production, aux c\u00f4t\u00e9s de Margaret Menegoz. Durant 10 ans, Daniela Elstner y d\u00e9veloppe les ventes internationales, co-productions et s\u00e9lections en festivals de films sign\u00e9s des grands noms du cin\u00e9ma tels que \u00c9ric Rohmer, Barbet Schroeder, Jacques Rivette ou Michael Haneke, pour n\u2019en citer que quelques-uns.   <\/p>\n<p>En 2008, elle rejoint <em>Doc &amp; Film International<\/em> en tant qu\u2019actionnaire et directrice g\u00e9n\u00e9rale. Sous son impulsion, la soci\u00e9t\u00e9 de distribution audiovisuelle s\u2019ouvre aux longs m\u00e9trages de fiction et de documentaire et constitue un catalogue de plus de 800 films vendus \u00e0 travers le monde et reconnus par la critique internationale et les festivals (un Lion d\u2019Or, deux Ours d\u2019Or). Parmi les \u0153uvres diffus\u00e9es \u00e0 l\u2019international par <em>Doc &amp; Film International<\/em> sous sa direction, citons les films de Chantal Akerman, Jacques Doillon, Nicolas Philibert ou encore Bruno Dumont.  <\/p>\n<p>Elle est membre du Haut Conseil culturel franco-allemand depuis 2021.<\/p>    <\/div>\n<\/div>\n<!-- \/module text -->        <\/div>\n                    <div  data-lazy=\"1\" class=\"module_column tb-column col4-2 tb_miet000 last\">\n                    <!-- module image -->\n<div  class=\"module module-image tb_4ugh140 image-top bordered  tf_mw\" data-lazy=\"1\">\n        <div class=\"image-wrap tf_rel tf_mw\">\n            <img loading=\"lazy\" decoding=\"async\" width=\"360\" height=\"299\" src=\"https:\/\/dfkr.eu\/wp-content\/uploads\/2025\/02\/Daniela_Elstner__c__Patrick_Swirc.jpg\" class=\"wp-post-image wp-image-3378\" title=\"Portr\u00e4tfoto Daniela Elstner \u00a9 Patrick Swirc\" alt=\"Photo : Patrick Swirc\" srcset=\"https:\/\/dfkr.eu\/wp-content\/uploads\/2025\/02\/Daniela_Elstner__c__Patrick_Swirc.jpg 360w, https:\/\/dfkr.eu\/wp-content\/uploads\/2025\/02\/Daniela_Elstner__c__Patrick_Swirc-300x249.jpg 300w\" sizes=\"auto, (max-width: 360px) 100vw, 360px\" \/>    \n        <\/div>\n    <!-- \/image-wrap -->\n    \n        <div class=\"image-content\">\n                        <div class=\"image-caption tb_text_wrap\">\n            Photo : Patrick Swirc        <\/div>\n        <!-- \/image-caption -->\n            <\/div>\n    <!-- \/image-content -->\n        <\/div>\n<!-- \/module image -->        <\/div>\n                        <\/div>\n        <\/div>\n                        <div  data-lazy=\"1\" class=\"module_row themify_builder_row tb_ax5w127 tf_w\">\n                        <div class=\"row_inner col_align_top tb_col_count_1 tf_box tf_rel\">\n                        <div  data-lazy=\"1\" class=\"module_column tb-column col-full tb_j9fr127 first\">\n                    <!-- module buttons -->\n<div  class=\"module module-buttons tb_t3a6127 buttons-horizontal solid   rounded\" data-lazy=\"1\">\n        <div class=\"module-buttons-item tf_in_flx\">\n                        <a href=\"https:\/\/dfkr.eu\/fr\/membres-du-hccfa-de-2021-a-2025\/\" class=\"ui builder_button tf_in_flx red\" >\n                                    <em><svg  class=\"tf_fa tf-ti-back-right\" xmlns:xlink=\"http:\/\/www.w3.org\/1999\/xlink\" aria-hidden=\"true\"><use href=\"#tf-ti-back-right\" xlink:href=\"#tf-ti-back-right\"><\/use><\/svg><\/em>                                        retour                                        <\/a>\n                <\/div>\n            <\/div>\n<!-- \/module buttons -->\n        <\/div>\n                        <\/div>\n        <\/div>\n        <\/div>\n<!--\/themify_builder_content-->\n<\/div>","protected":false},"excerpt":{"rendered":"<p><!-- RS_MODULE_CODE_2.5.3-ml --><\/p>\n<div id=\"readspeaker_button3585\" class=\"rs_skip rsbtn rs_preserve\"><a class=\"rsbtn_play\" title=\"Ecouter le texte avec ReadSpeaker\" href=\"https:\/\/app-eu.readspeaker.com\/cgi-bin\/rsent?customerid=14814&amp;lang=fr_fr&amp;readid=rspeak_read_3585&amp;url=https%3A%2F%2Fdfkr.eu%2Ffr%2Fwp-json%2Fwp%2Fv2%2Fpages%2F3585\"><span class=\"rsbtn_left rsimg rspart\"><span class=\"rsbtn_text\"><span>Ecouter<\/span><\/span><\/span><span class=\"rsbtn_right rsimg rsplay rspart\"><\/span><\/a><\/div>\n<div id=\"rspeak_read_3585\"> Daniela Elstner Daniela Elstner est directrice g\u00e9n\u00e9rale d\u2019UniFrance depuis juillet 2019. N\u00e9e en Allemagne et dipl\u00f4m\u00e9e d\u2019une Maitrise de Lettres Modernes (Paris VII), Daniela Elstner a commenc\u00e9 sa carri\u00e8re professionnelle en France au sein d\u2019UniFrance en 1996. En octobre 1998, elle rejoint Les Films du Losange pour y cr\u00e9er le service international de la [&hellip;]<\/div>\n","protected":false},"author":4,"featured_media":0,"parent":0,"menu_order":0,"comment_status":"closed","ping_status":"closed","template":"","meta":{"footnotes":""},"class_list":["post-3585","page","type-page","status-publish","hentry","has-post-title","has-post-date","has-post-category","has-post-tag","has-post-comment","has-post-author",""],"builder_content":"<h1>Daniela Elstner<\/h1>\n<p>Daniela Elstner est directrice g\u00e9n\u00e9rale d\u2019<a href=\"https:\/\/www.unifrance.org\/\"><em>UniFrance<\/em><\/a> depuis juillet 2019.<\/p> <p>N\u00e9e en Allemagne et dipl\u00f4m\u00e9e d\u2019une Maitrise de Lettres Modernes (Paris VII), Daniela Elstner a commenc\u00e9 sa carri\u00e8re professionnelle en France au sein d\u2019<em>UniFrance<\/em> en 1996. En octobre 1998, elle rejoint <a style=\"font-size: 1em\" href=\"https:\/\/filmsdulosange.com\/en\/\"><em>Les Films du Losange<\/em><\/a> pour y cr\u00e9er le service international de la soci\u00e9t\u00e9 de production, aux c\u00f4t\u00e9s de Margaret Menegoz. Durant 10 ans, Daniela Elstner y d\u00e9veloppe les ventes internationales, co-productions et s\u00e9lections en festivals de films sign\u00e9s des grands noms du cin\u00e9ma tels que \u00c9ric Rohmer, Barbet Schroeder, Jacques Rivette ou Michael Haneke, pour n\u2019en citer que quelques-uns. <\/p> <p>En 2008, elle rejoint <em>Doc &amp; Film International<\/em> en tant qu\u2019actionnaire et directrice g\u00e9n\u00e9rale. Sous son impulsion, la soci\u00e9t\u00e9 de distribution audiovisuelle s\u2019ouvre aux longs m\u00e9trages de fiction et de documentaire et constitue un catalogue de plus de 800 films vendus \u00e0 travers le monde et reconnus par la critique internationale et les festivals (un Lion d\u2019Or, deux Ours d\u2019Or). Parmi les \u0153uvres diffus\u00e9es \u00e0 l\u2019international par <em>Doc &amp; Film International<\/em> sous sa direction, citons les films de Chantal Akerman, Jacques Doillon, Nicolas Philibert ou encore Bruno Dumont. <\/p> <p>Elle est membre du Haut Conseil culturel franco-allemand depuis 2021.<\/p>\n<img src=\"https:\/\/dfkr.eu\/wp-content\/uploads\/2025\/02\/Daniela_Elstner__c__Patrick_Swirc.jpg\" title=\"Portr\u00e4tfoto Daniela Elstner \u00a9 Patrick Swirc\" alt=\"Photo : Patrick Swirc\" srcset=\"https:\/\/dfkr.eu\/wp-content\/uploads\/2025\/02\/Daniela_Elstner__c__Patrick_Swirc.jpg 360w, https:\/\/dfkr.eu\/wp-content\/uploads\/2025\/02\/Daniela_Elstner__c__Patrick_Swirc-300x249.jpg 300w\" sizes=\"(max-width: 360px) 100vw, 360px\" \/> Photo : Patrick Swirc\n<a href=\"https:\/\/dfkr.eu\/fr\/membres-du-hccfa-de-2021-a-2025\/\" > <em><svg xmlns:xlink=\"http:\/\/www.w3.org\/1999\/xlink\" aria-hidden=\"true\"><use href=\"#tf-ti-back-right\" xlink:href=\"#tf-ti-back-right\"><\/use><\/svg><\/em> retour <\/a>","_links":{"self":[{"href":"https:\/\/dfkr.eu\/fr\/wp-json\/wp\/v2\/pages\/3585","targetHints":{"allow":["GET"]}}],"collection":[{"href":"https:\/\/dfkr.eu\/fr\/wp-json\/wp\/v2\/pages"}],"about":[{"href":"https:\/\/dfkr.eu\/fr\/wp-json\/wp\/v2\/types\/page"}],"author":[{"embeddable":true,"href":"https:\/\/dfkr.eu\/fr\/wp-json\/wp\/v2\/users\/4"}],"replies":[{"embeddable":true,"href":"https:\/\/dfkr.eu\/fr\/wp-json\/wp\/v2\/comments?post=3585"}],"version-history":[{"count":5,"href":"https:\/\/dfkr.eu\/fr\/wp-json\/wp\/v2\/pages\/3585\/revisions"}],"predecessor-version":[{"id":3906,"href":"https:\/\/dfkr.eu\/fr\/wp-json\/wp\/v2\/pages\/3585\/revisions\/3906"}],"wp:attachment":[{"href":"https:\/\/dfkr.eu\/fr\/wp-json\/wp\/v2\/media?parent=3585"}],"curies":[{"name":"wp","href":"https:\/\/api.w.org\/{rel}","templated":true}]}}