{"id":3583,"date":"2025-02-17T09:44:12","date_gmt":"2025-02-17T08:44:12","guid":{"rendered":"https:\/\/dfkr.eu\/sebastien-girard\/"},"modified":"2025-05-15T14:51:00","modified_gmt":"2025-05-15T12:51:00","slug":"sebastien-girard-fr","status":"publish","type":"page","link":"https:\/\/dfkr.eu\/fr\/sebastien-girard-fr\/","title":{"rendered":"S\u00e9bastien Girard"},"content":{"rendered":"<!-- RS_MODULE_CODE_2.5.3-ml --><div id=\"readspeaker_button3583\" class=\"rs_skip rsbtn rs_preserve\"><a class=\"rsbtn_play\" title=\"Ecouter le texte avec ReadSpeaker\" href=\"https:\/\/app-eu.readspeaker.com\/cgi-bin\/rsent?customerid=14814&amp;lang=fr_fr&amp;readid=rspeak_read_3583&amp;url=https%3A%2F%2Fdfkr.eu%2Ffr%2Fwp-json%2Fwp%2Fv2%2Fpages%2F3583\"><span class=\"rsbtn_left rsimg rspart\"><span class=\"rsbtn_text\"><span>Ecouter<\/span><\/span><\/span><span class=\"rsbtn_right rsimg rsplay rspart\"><\/span><\/a><\/div><div id=\"rspeak_read_3583\"><!--themify_builder_content-->\n<div id=\"themify_builder_content-3583\" data-postid=\"3583\" class=\"themify_builder_content themify_builder_content-3583 themify_builder tf_clear\">\n                    <div  data-lazy=\"1\" class=\"module_row themify_builder_row tb_pejq837 tb_first tf_w\">\n                        <div class=\"row_inner col_align_top tb_col_count_1 tf_box tf_rel\">\n                        <div  data-lazy=\"1\" class=\"module_column tb-column col-full tb_grjm837 first\">\n                    <!-- module text -->\n<div  class=\"module module-text tb_5v8q357   \" data-lazy=\"1\">\n        <div  class=\"tb_text_wrap\">\n        <h1>S\u00e9bastien Girard<\/h1>    <\/div>\n<\/div>\n<!-- \/module text -->        <\/div>\n                        <\/div>\n        <\/div>\n                        <div  data-lazy=\"1\" class=\"module_row themify_builder_row tb_f3lo600 tf_w\">\n                        <div class=\"row_inner col_align_top tb_col_count_2 tf_box tf_rel\">\n                        <div  data-lazy=\"1\" class=\"module_column tb-column col4-2 tb_ab9o408 first\">\n                    <!-- module text -->\n<div  class=\"module module-text tb_20do220   \" data-lazy=\"1\">\n        <div  class=\"tb_text_wrap\">\n        <h2>Secr\u00e9taire g\u00e9n\u00e9ral<\/h2>    <\/div>\n<\/div>\n<!-- \/module text --><!-- module text -->\n<div  class=\"module module-text tb_4b8q040   \" data-lazy=\"1\">\n        <div  class=\"tb_text_wrap\">\n        <div class=\"post-inner thin \">\n<div class=\"entry-content\">\n<div class=\"tx-abook-pi1-description\">\n<div class=\"tx-abook-funktion\">\n<p>Apr\u00e8s trois ann\u00e9es \u00e0 Sciences Po Strasbourg et une sp\u00e9cialisation en droit international \u00e0 l\u2019Universit\u00e9 de Georgetown, S\u00e9bastien Girard entre au minist\u00e8re des Affaires \u00e9trang\u00e8res et rejoint la direction des Nations Unies et des organisations internationales.<\/p>\n<p>De 1996 \u00e0 2001, charg\u00e9 de mission au minist\u00e8re des Affaires \u00e9trang\u00e8res, il occupe la fonction de secr\u00e9taire g\u00e9n\u00e9ral de la Commission des implantations immobili\u00e8res de l\u2019\u00c9tat fran\u00e7ais \u00e0 l\u2019\u00e9tranger. En 2001, il int\u00e8gre le minist\u00e8re de l\u2019\u00c9conomie et des Finances en tant que responsable des relations France-Europe centrale et orientale. <\/p>\n<p>Entre 2005 et 2010, il est directeur adjoint des Affaires publiques du groupe Michelin.<\/p>\n<p>De retour au minist\u00e8re des Affaires \u00e9trang\u00e8res en 2010 (responsable du p\u00f4le appui aux entreprises et innovation), il rejoint Qu\u00e9bec en 2013 en tant que Consul g\u00e9n\u00e9ral adjoint. Rentr\u00e9 en France en 2016, il est durant quatre ans sous-directeur adjoint \u00e0 la communication du minist\u00e8re de l\u2019Europe et des Affaires \u00e9trang\u00e8res. <\/p>\n<p>Le 1er septembre 2020, S\u00e9bastien Girard succ\u00e8de \u00e0 Catherine Robinet \u00e0 Sarrebruck. Il reprend ainsi la fonction de Secr\u00e9taire g\u00e9n\u00e9ral fran\u00e7ais du Haut Conseil culturel franco-allemand jusqu\u2019en septembre 2024. <\/p>\n<\/div>\n<\/div>\n<\/div>\n<\/div>\n<nav class=\"pagination-single section-inner\" aria-label=\"Beitrag\"><\/nav>    <\/div>\n<\/div>\n<!-- \/module text -->        <\/div>\n                    <div  data-lazy=\"1\" class=\"module_column tb-column col4-2 tb_1cze292 last\">\n                    <!-- module image -->\n<div  class=\"module module-image tb_1hqh449 image-top bordered  tf_mw\" data-lazy=\"1\">\n        <div class=\"image-wrap tf_rel tf_mw\">\n            <img loading=\"lazy\" decoding=\"async\" width=\"360\" height=\"299\" src=\"https:\/\/dfkr.eu\/wp-content\/uploads\/2025\/02\/Sebastien_Girard_alle_Rechte_vorbehalten_droits_reserves-1.jpg\" class=\"wp-post-image wp-image-3386\" title=\"Portr\u00e4tfoto Sebastien Girard - alle Rechte vorbehalten\" alt=\"Photo : tous droits r\u00e9serv\u00e9s\" srcset=\"https:\/\/dfkr.eu\/wp-content\/uploads\/2025\/02\/Sebastien_Girard_alle_Rechte_vorbehalten_droits_reserves-1.jpg 360w, https:\/\/dfkr.eu\/wp-content\/uploads\/2025\/02\/Sebastien_Girard_alle_Rechte_vorbehalten_droits_reserves-1-300x249.jpg 300w\" sizes=\"auto, (max-width: 360px) 100vw, 360px\" \/>    \n        <\/div>\n    <!-- \/image-wrap -->\n    \n        <div class=\"image-content\">\n                        <div class=\"image-caption tb_text_wrap\">\n            Photo : tous droits r\u00e9serv\u00e9s        <\/div>\n        <!-- \/image-caption -->\n            <\/div>\n    <!-- \/image-content -->\n        <\/div>\n<!-- \/module image -->        <\/div>\n                        <\/div>\n        <\/div>\n                        <div  data-lazy=\"1\" class=\"module_row themify_builder_row tb_m0hd645 tf_w\">\n                        <div class=\"row_inner col_align_top tb_col_count_1 tf_box tf_rel\">\n                        <div  data-lazy=\"1\" class=\"module_column tb-column col-full tb_tf3b645 first\">\n                    <!-- module buttons -->\n<div  class=\"module module-buttons tb_llo9645 buttons-horizontal solid   rounded\" data-lazy=\"1\">\n        <div class=\"module-buttons-item tf_in_flx\">\n                        <a href=\"https:\/\/dfkr.eu\/fr\/membres-du-hccfa-de-2021-a-2025\/\" class=\"ui builder_button tf_in_flx red\" >\n                                    <em><svg  class=\"tf_fa tf-ti-back-right\" xmlns:xlink=\"http:\/\/www.w3.org\/1999\/xlink\" aria-hidden=\"true\"><use href=\"#tf-ti-back-right\" xlink:href=\"#tf-ti-back-right\"><\/use><\/svg><\/em>                                        retour                                        <\/a>\n                <\/div>\n            <\/div>\n<!-- \/module buttons -->\n        <\/div>\n                        <\/div>\n        <\/div>\n        <\/div>\n<!--\/themify_builder_content--><\/div>","protected":false},"excerpt":{"rendered":"<p><!-- RS_MODULE_CODE_2.5.3-ml --><\/p>\n<div id=\"readspeaker_button3583\" class=\"rs_skip rsbtn rs_preserve\"><a class=\"rsbtn_play\" title=\"Ecouter le texte avec ReadSpeaker\" href=\"https:\/\/app-eu.readspeaker.com\/cgi-bin\/rsent?customerid=14814&amp;lang=fr_fr&amp;readid=rspeak_read_3583&amp;url=https%3A%2F%2Fdfkr.eu%2Ffr%2Fwp-json%2Fwp%2Fv2%2Fpages%2F3583\"><span class=\"rsbtn_left rsimg rspart\"><span class=\"rsbtn_text\"><span>Ecouter<\/span><\/span><\/span><span class=\"rsbtn_right rsimg rsplay rspart\"><\/span><\/a><\/div>\n<div id=\"rspeak_read_3583\"><\/div>\n","protected":false},"author":4,"featured_media":0,"parent":0,"menu_order":0,"comment_status":"closed","ping_status":"closed","template":"","meta":{"footnotes":""},"class_list":["post-3583","page","type-page","status-publish","hentry","has-post-title","has-post-date","has-post-category","has-post-tag","has-post-comment","has-post-author",""],"builder_content":"<h1>S\u00e9bastien Girard<\/h1>\n<h2>Secr\u00e9taire g\u00e9n\u00e9ral<\/h2>\n<p>Apr\u00e8s trois ann\u00e9es \u00e0 Sciences Po Strasbourg et une sp\u00e9cialisation en droit international \u00e0 l\u2019Universit\u00e9 de Georgetown, S\u00e9bastien Girard entre au minist\u00e8re des Affaires \u00e9trang\u00e8res et rejoint la direction des Nations Unies et des organisations internationales.<\/p> <p>De 1996 \u00e0 2001, charg\u00e9 de mission au minist\u00e8re des Affaires \u00e9trang\u00e8res, il occupe la fonction de secr\u00e9taire g\u00e9n\u00e9ral de la Commission des implantations immobili\u00e8res de l\u2019\u00c9tat fran\u00e7ais \u00e0 l\u2019\u00e9tranger. En 2001, il int\u00e8gre le minist\u00e8re de l\u2019\u00c9conomie et des Finances en tant que responsable des relations France-Europe centrale et orientale. <\/p> <p>Entre 2005 et 2010, il est directeur adjoint des Affaires publiques du groupe Michelin.<\/p> <p>De retour au minist\u00e8re des Affaires \u00e9trang\u00e8res en 2010 (responsable du p\u00f4le appui aux entreprises et innovation), il rejoint Qu\u00e9bec en 2013 en tant que Consul g\u00e9n\u00e9ral adjoint. Rentr\u00e9 en France en 2016, il est durant quatre ans sous-directeur adjoint \u00e0 la communication du minist\u00e8re de l\u2019Europe et des Affaires \u00e9trang\u00e8res. <\/p> <p>Le 1er septembre 2020, S\u00e9bastien Girard succ\u00e8de \u00e0 Catherine Robinet \u00e0 Sarrebruck. Il reprend ainsi la fonction de Secr\u00e9taire g\u00e9n\u00e9ral fran\u00e7ais du Haut Conseil culturel franco-allemand jusqu\u2019en septembre 2024. <\/p>\n<nav aria-label=\"Beitrag\"><\/nav>\n<img src=\"https:\/\/dfkr.eu\/wp-content\/uploads\/2025\/02\/Sebastien_Girard_alle_Rechte_vorbehalten_droits_reserves-1.jpg\" title=\"Portr\u00e4tfoto Sebastien Girard - alle Rechte vorbehalten\" alt=\"Photo : tous droits r\u00e9serv\u00e9s\" srcset=\"https:\/\/dfkr.eu\/wp-content\/uploads\/2025\/02\/Sebastien_Girard_alle_Rechte_vorbehalten_droits_reserves-1.jpg 360w, https:\/\/dfkr.eu\/wp-content\/uploads\/2025\/02\/Sebastien_Girard_alle_Rechte_vorbehalten_droits_reserves-1-300x249.jpg 300w\" sizes=\"(max-width: 360px) 100vw, 360px\" \/> Photo : tous droits r\u00e9serv\u00e9s\n<a href=\"https:\/\/dfkr.eu\/fr\/membres-du-hccfa-de-2021-a-2025\/\" > <em><svg xmlns:xlink=\"http:\/\/www.w3.org\/1999\/xlink\" aria-hidden=\"true\"><use href=\"#tf-ti-back-right\" xlink:href=\"#tf-ti-back-right\"><\/use><\/svg><\/em> retour <\/a>","_links":{"self":[{"href":"https:\/\/dfkr.eu\/fr\/wp-json\/wp\/v2\/pages\/3583","targetHints":{"allow":["GET"]}}],"collection":[{"href":"https:\/\/dfkr.eu\/fr\/wp-json\/wp\/v2\/pages"}],"about":[{"href":"https:\/\/dfkr.eu\/fr\/wp-json\/wp\/v2\/types\/page"}],"author":[{"embeddable":true,"href":"https:\/\/dfkr.eu\/fr\/wp-json\/wp\/v2\/users\/4"}],"replies":[{"embeddable":true,"href":"https:\/\/dfkr.eu\/fr\/wp-json\/wp\/v2\/comments?post=3583"}],"version-history":[{"count":7,"href":"https:\/\/dfkr.eu\/fr\/wp-json\/wp\/v2\/pages\/3583\/revisions"}],"predecessor-version":[{"id":3775,"href":"https:\/\/dfkr.eu\/fr\/wp-json\/wp\/v2\/pages\/3583\/revisions\/3775"}],"wp:attachment":[{"href":"https:\/\/dfkr.eu\/fr\/wp-json\/wp\/v2\/media?parent=3583"}],"curies":[{"name":"wp","href":"https:\/\/api.w.org\/{rel}","templated":true}]}}