{"id":3499,"date":"2025-02-17T15:11:22","date_gmt":"2025-02-17T14:11:22","guid":{"rendered":"https:\/\/dfkr.eu\/comment-utiliser-la-fonction-decoute\/"},"modified":"2025-05-13T14:54:47","modified_gmt":"2025-05-13T12:54:47","slug":"comment-utiliser-la-fonction-decoute","status":"publish","type":"page","link":"https:\/\/dfkr.eu\/fr\/comment-utiliser-la-fonction-decoute\/","title":{"rendered":"Comment utiliser la fonction d&rsquo;\u00e9coute"},"content":{"rendered":"<!-- RS_MODULE_CODE_2.5.3-ml --><div id=\"readspeaker_button3499\" class=\"rs_skip rsbtn rs_preserve\"><a class=\"rsbtn_play\" title=\"Ecouter le texte avec ReadSpeaker\" href=\"https:\/\/app-eu.readspeaker.com\/cgi-bin\/rsent?customerid=14814&amp;lang=fr_fr&amp;readid=rspeak_read_3499&amp;url=https%3A%2F%2Fdfkr.eu%2Ffr%2Fwp-json%2Fwp%2Fv2%2Fpages%2F3499\"><span class=\"rsbtn_left rsimg rspart\"><span class=\"rsbtn_text\"><span>Ecouter<\/span><\/span><\/span><span class=\"rsbtn_right rsimg rsplay rspart\"><\/span><\/a><\/div><div id=\"rspeak_read_3499\"><!--themify_builder_content-->\n<div id=\"themify_builder_content-3499\" data-postid=\"3499\" class=\"themify_builder_content themify_builder_content-3499 themify_builder tf_clear\">\n                    <div  data-lazy=\"1\" class=\"module_row themify_builder_row tb_eft111 tb_first tf_w\">\n                        <div class=\"row_inner col_align_top tb_col_count_1 tf_box tf_rel\">\n                        <div  data-lazy=\"1\" class=\"module_column tb-column col-full tb_pvs611 first\">\n                    <!-- module text -->\n<div  class=\"module module-text tb_zech607   \" data-lazy=\"1\">\n        <div  class=\"tb_text_wrap\">\n        <h1>Comment utiliser la fonction d&rsquo;\u00e9coute<\/h1>    <\/div>\n<\/div>\n<!-- \/module text -->        <\/div>\n                        <\/div>\n        <\/div>\n                        <div  data-lazy=\"1\" class=\"module_row themify_builder_row tb_w8v9311 tf_w\">\n                        <div class=\"row_inner col_align_top tb_col_count_1 tf_box tf_rel\">\n                        <div  data-lazy=\"1\" class=\"module_column tb-column col-full tb_4y4h311 first\">\n                    <!-- module text -->\n<div  class=\"module module-text tb_w5nn506   \" data-lazy=\"1\">\n        <div  class=\"tb_text_wrap\">\n        <h2>\u00c0 propos de la fonction de lecture \u00e0 voix haute : ReadSpeaker webReader<\/h2>\n<p>Avec l&rsquo;aide du lecteur Web ReadSpeaker, vous pouvez faire lire \u00e0 haute voix le contenu d&rsquo;un site Web. En un seul clic, le texte d&rsquo;un site Web est simultan\u00e9ment lu \u00e0 voix haute et mis en \u00e9vidence en couleur afin que vous puissiez le suivre facilement, o\u00f9 que vous soyez ou quel que soit l&rsquo;appareil que vous utilisez. Cela rend le contenu plus accessible et la visite de votre site Web est une exp\u00e9rience plus interactive. En tant qu\u2019utilisateur, vous n\u2019avez rien \u00e0 t\u00e9l\u00e9charger.   <\/p>\n<h3>Comment \u00e7a marche ?<\/h3>\n<p>D\u00e9marrez le lecteur Web ReadSpeaker en cliquant sur le bouton de lecture \u00e0 voix haute.<\/p>\n<p><img decoding=\"async\" src=\"https:\/\/media.readspeaker.com\/images\/products\/about\/wr\/wr_listen_de.png\" alt=\"Le bouton de lecture \u00e0 voix haute du WebReader.\"><\/p>\n<p>Avec ReadSpeaker webReader, vous pouvez \u00e9galement :<\/p>\n<ul>\n<li>S\u00e9lectionnez le texte, cliquez sur Lire et faites-le lire \u00e0 voix haute dans le menu contextuel qui appara\u00eet.<\/li>\n<li>Cliquez sur un paragraphe pour qu&rsquo;il soit lu \u00e0 voix haute automatiquement.<\/li>\n<li>Affichez une version sans distraction d&rsquo;une page Web avec le texte lu \u00e0 voix haute et mis en \u00e9vidence dans votre police, taille et couleur pr\u00e9f\u00e9r\u00e9es.<\/li>\n<li>T\u00e9l\u00e9chargez une version audio de votre contenu pour pouvoir l&rsquo;\u00e9couter hors ligne.<\/li>\n<li>Faites traduire un texte s\u00e9lectionn\u00e9 dans diff\u00e9rentes langues et faites-vous lire \u00e0 haute voix le texte traduit.<\/li>\n<li>Ajustez la vitesse de lecture, les couleurs de surbrillance du texte et bien plus encore en fonction de vos pr\u00e9f\u00e9rences personnelles.<\/li>\n<li>Utilisez la fonction Agrandir le texte pour afficher le texte que vous lisez dans une grande taille de police au bas de la page.<\/li>\n<li>Choisissez un mot et recherchez sa signification dans le dictionnaire.<\/li>\n<\/ul>\n<p>L&rsquo;outil d&rsquo;aide se trouve dans le menu. Vous y trouverez des instructions claires pour utiliser chaque fonctionnalit\u00e9 du webReader. Veuillez lire la section d&rsquo;aide pour rassembler des id\u00e9es pour une utilisation optimale de webReader !  <\/p>\n<p><img decoding=\"async\" src=\"https:\/\/media.readspeaker.com\/images\/products\/about\/wr\/wr_toolbox_de_v2.png\" alt=\"Le menu du WebReader.\"><\/p>\n<h3>Contr\u00f4le du clavier<\/h3>\n<p>webReader peut \u00eatre activ\u00e9 avec la touche d&rsquo;acc\u00e8s \u00ab K \u00bb. La touche d&rsquo;acc\u00e8s \u00ab\u00a0L\u00a0\u00bb ouvre le lecteur et d\u00e9marre la lecture. De nombreuses fonctions de webReader disposent \u00e9galement d&rsquo;une touche d&rsquo;acc\u00e8s sp\u00e9ciale. Les touches d&rsquo;acc\u00e8s sont activ\u00e9es \u00e0 l&rsquo;aide de raccourcis clavier qui varient en fonction du navigateur et du syst\u00e8me d&rsquo;exploitation utilis\u00e9s (voir la liste des raccourcis clavier pour diff\u00e9rents environnements ici : <a href=\"https:\/\/en.wikipedia.org\/wiki\/Access_key\" target=\"_blank\" rel=\"noopener\">https:\/\/en.wikipedia.org\/wiki\/Access_key <\/a>).   <\/p>\n<p>Au sein du lecteur et du menu, l&rsquo;utilisateur peut naviguer avec les touches Tab \/ Shift+Tab et activer une fonction ou un bouton sp\u00e9cifique avec la touche Entr\u00e9e. Selon le contexte, la touche \u00c9chap peut \u00eatre utilis\u00e9e pour annuler l&rsquo;action en cours, fermer le menu ou fermer une fen\u00eatre de dialogue. <\/p>\n<ul>\n<li>Activez le bouton de lecture \u00e0 voix haute avec : Raccourci clavier + K<\/li>\n<li>Activer webReader : raccourci clavier + L<\/li>\n<li>Ouvrir\/fermer le menu : raccourci clavier + 1<\/li>\n<li>Ouvrir la fonction d&rsquo;aide : raccourci clavier + I<\/li>\n<li>Autres raccourcis clavier : voir la fonction d&rsquo;aide<\/li>\n<\/ul>\n<h3>Cookies<\/h3>\n<p>Pour une utilisation optimale du webReader, les cookies doivent \u00eatre activ\u00e9s pour enregistrer les param\u00e8tres personnels de l&rsquo;utilisateur au-del\u00e0 de la fin d&rsquo;une session.<\/p>\n<h3>Syst\u00e8mes d&rsquo;exploitation et navigateurs Internet<\/h3>\n<p>webReader est une solution qui fonctionne ind\u00e9pendamment de l&rsquo;appareil et du syst\u00e8me d&rsquo;exploitation utilis\u00e9s et devrait donc pouvoir \u00eatre utilis\u00e9e sur les appareils et syst\u00e8mes d&rsquo;exploitation suivants :<\/p>\n<ul>\n<li>Tous les appareils courants connect\u00e9s \u00e0 Internet : PC, ordinateurs portables, Chromebooks, tablettes, smartphones et autres.<\/li>\n<li>Tous les principaux syst\u00e8mes d\u2019exploitation : Windows, Chrome, Android, iOS\/iPadOS, macOS, Linux et autres.<\/li>\n<li>Tous les navigateurs Internet courants :\n<ul>\n<li>sur les ordinateurs portables et les PC : IE10+, Edge, Chrome (et autres navigateurs Chromium), Firefox et Safari<\/li>\n<li>sur les appareils mobiles : Safari et Chrome sur les appareils iOS\/iPadOS, Chrome sur les appareils Android<\/li>\n<\/ul>\n<\/li>\n<\/ul>\n<p>Pour en savoir plus sur ReadSpeaker, visitez <a href=\"https:\/\/www.readspeaker.com\/fr\/\" target=\"_blank\">www.readspeaker.com<\/a><\/p>    <\/div>\n<\/div>\n<!-- \/module text -->        <\/div>\n                        <\/div>\n        <\/div>\n        <\/div>\n<!--\/themify_builder_content-->\n<\/div>","protected":false},"excerpt":{"rendered":"<p><!-- RS_MODULE_CODE_2.5.3-ml --><\/p>\n<div id=\"readspeaker_button3499\" class=\"rs_skip rsbtn rs_preserve\"><a class=\"rsbtn_play\" title=\"Ecouter le texte avec ReadSpeaker\" href=\"https:\/\/app-eu.readspeaker.com\/cgi-bin\/rsent?customerid=14814&amp;lang=fr_fr&amp;readid=rspeak_read_3499&amp;url=https%3A%2F%2Fdfkr.eu%2Ffr%2Fwp-json%2Fwp%2Fv2%2Fpages%2F3499\"><span class=\"rsbtn_left rsimg rspart\"><span class=\"rsbtn_text\"><span>Ecouter<\/span><\/span><\/span><span class=\"rsbtn_right rsimg rsplay rspart\"><\/span><\/a><\/div>\n<div id=\"rspeak_read_3499\"> Comment utiliser la fonction d&rsquo;\u00e9coute \u00c0 propos de la fonction de lecture \u00e0 voix haute : ReadSpeaker webReader Avec l&rsquo;aide du lecteur Web ReadSpeaker, vous pouvez faire lire \u00e0 haute voix le contenu d&rsquo;un site Web. En un seul clic, le texte d&rsquo;un site Web est simultan\u00e9ment lu \u00e0 voix haute et mis en [&hellip;]<\/div>\n","protected":false},"author":1,"featured_media":0,"parent":0,"menu_order":0,"comment_status":"closed","ping_status":"closed","template":"","meta":{"footnotes":""},"class_list":["post-3499","page","type-page","status-publish","hentry","has-post-title","has-post-date","has-post-category","has-post-tag","has-post-comment","has-post-author",""],"builder_content":"<h1>Comment utiliser la fonction d'\u00e9coute<\/h1>\n<h2>\u00c0 propos de la fonction de lecture \u00e0 voix haute : ReadSpeaker webReader<\/h2> <p>Avec l'aide du lecteur Web ReadSpeaker, vous pouvez faire lire \u00e0 haute voix le contenu d'un site Web. En un seul clic, le texte d'un site Web est simultan\u00e9ment lu \u00e0 voix haute et mis en \u00e9vidence en couleur afin que vous puissiez le suivre facilement, o\u00f9 que vous soyez ou quel que soit l'appareil que vous utilisez. Cela rend le contenu plus accessible et la visite de votre site Web est une exp\u00e9rience plus interactive. En tant qu\u2019utilisateur, vous n\u2019avez rien \u00e0 t\u00e9l\u00e9charger. <\/p> <h3>Comment \u00e7a marche ?<\/h3> <p>D\u00e9marrez le lecteur Web ReadSpeaker en cliquant sur le bouton de lecture \u00e0 voix haute.<\/p> <p><img decoding=\"async\" src=\"https:\/\/media.readspeaker.com\/images\/products\/about\/wr\/wr_listen_de.png\" alt=\"Le bouton de lecture \u00e0 voix haute du WebReader.\"><\/p> <p>Avec ReadSpeaker webReader, vous pouvez \u00e9galement :<\/p> <ul> <li>S\u00e9lectionnez le texte, cliquez sur Lire et faites-le lire \u00e0 voix haute dans le menu contextuel qui appara\u00eet.<\/li> <li>Cliquez sur un paragraphe pour qu'il soit lu \u00e0 voix haute automatiquement.<\/li> <li>Affichez une version sans distraction d'une page Web avec le texte lu \u00e0 voix haute et mis en \u00e9vidence dans votre police, taille et couleur pr\u00e9f\u00e9r\u00e9es.<\/li> <li>T\u00e9l\u00e9chargez une version audio de votre contenu pour pouvoir l'\u00e9couter hors ligne.<\/li> <li>Faites traduire un texte s\u00e9lectionn\u00e9 dans diff\u00e9rentes langues et faites-vous lire \u00e0 haute voix le texte traduit.<\/li> <li>Ajustez la vitesse de lecture, les couleurs de surbrillance du texte et bien plus encore en fonction de vos pr\u00e9f\u00e9rences personnelles.<\/li> <li>Utilisez la fonction Agrandir le texte pour afficher le texte que vous lisez dans une grande taille de police au bas de la page.<\/li> <li>Choisissez un mot et recherchez sa signification dans le dictionnaire.<\/li> <\/ul> <p>L'outil d'aide se trouve dans le menu. Vous y trouverez des instructions claires pour utiliser chaque fonctionnalit\u00e9 du webReader. Veuillez lire la section d'aide pour rassembler des id\u00e9es pour une utilisation optimale de webReader ! <\/p> <p><img decoding=\"async\" src=\"https:\/\/media.readspeaker.com\/images\/products\/about\/wr\/wr_toolbox_de_v2.png\" alt=\"Le menu du WebReader.\"><\/p> <h3>Contr\u00f4le du clavier<\/h3> <p>webReader peut \u00eatre activ\u00e9 avec la touche d'acc\u00e8s \u00ab K \u00bb. La touche d'acc\u00e8s \"L\" ouvre le lecteur et d\u00e9marre la lecture. De nombreuses fonctions de webReader disposent \u00e9galement d'une touche d'acc\u00e8s sp\u00e9ciale. Les touches d'acc\u00e8s sont activ\u00e9es \u00e0 l'aide de raccourcis clavier qui varient en fonction du navigateur et du syst\u00e8me d'exploitation utilis\u00e9s (voir la liste des raccourcis clavier pour diff\u00e9rents environnements ici : <a href=\"https:\/\/en.wikipedia.org\/wiki\/Access_key\" target=\"_blank\" rel=\"noopener\">https:\/\/en.wikipedia.org\/wiki\/Access_key <\/a>). <\/p> <p>Au sein du lecteur et du menu, l'utilisateur peut naviguer avec les touches Tab \/ Shift+Tab et activer une fonction ou un bouton sp\u00e9cifique avec la touche Entr\u00e9e. Selon le contexte, la touche \u00c9chap peut \u00eatre utilis\u00e9e pour annuler l'action en cours, fermer le menu ou fermer une fen\u00eatre de dialogue. <\/p> <ul> <li>Activez le bouton de lecture \u00e0 voix haute avec : Raccourci clavier + K<\/li> <li>Activer webReader : raccourci clavier + L<\/li> <li>Ouvrir\/fermer le menu : raccourci clavier + 1<\/li> <li>Ouvrir la fonction d'aide : raccourci clavier + I<\/li> <li>Autres raccourcis clavier : voir la fonction d'aide<\/li> <\/ul> <h3>Cookies<\/h3> <p>Pour une utilisation optimale du webReader, les cookies doivent \u00eatre activ\u00e9s pour enregistrer les param\u00e8tres personnels de l'utilisateur au-del\u00e0 de la fin d'une session.<\/p> <h3>Syst\u00e8mes d'exploitation et navigateurs Internet<\/h3> <p>webReader est une solution qui fonctionne ind\u00e9pendamment de l'appareil et du syst\u00e8me d'exploitation utilis\u00e9s et devrait donc pouvoir \u00eatre utilis\u00e9e sur les appareils et syst\u00e8mes d'exploitation suivants :<\/p> <ul> <li>Tous les appareils courants connect\u00e9s \u00e0 Internet : PC, ordinateurs portables, Chromebooks, tablettes, smartphones et autres.<\/li> <li>Tous les principaux syst\u00e8mes d\u2019exploitation : Windows, Chrome, Android, iOS\/iPadOS, macOS, Linux et autres.<\/li> <li>Tous les navigateurs Internet courants : <ul> <li>sur les ordinateurs portables et les PC : IE10+, Edge, Chrome (et autres navigateurs Chromium), Firefox et Safari<\/li> <li>sur les appareils mobiles : Safari et Chrome sur les appareils iOS\/iPadOS, Chrome sur les appareils Android<\/li> <\/ul> <\/li> <\/ul> <p>Pour en savoir plus sur ReadSpeaker, visitez <a href=\"https:\/\/www.readspeaker.com\/fr\/\" target=\"_blank\">www.readspeaker.com<\/a><\/p>","_links":{"self":[{"href":"https:\/\/dfkr.eu\/fr\/wp-json\/wp\/v2\/pages\/3499","targetHints":{"allow":["GET"]}}],"collection":[{"href":"https:\/\/dfkr.eu\/fr\/wp-json\/wp\/v2\/pages"}],"about":[{"href":"https:\/\/dfkr.eu\/fr\/wp-json\/wp\/v2\/types\/page"}],"author":[{"embeddable":true,"href":"https:\/\/dfkr.eu\/fr\/wp-json\/wp\/v2\/users\/1"}],"replies":[{"embeddable":true,"href":"https:\/\/dfkr.eu\/fr\/wp-json\/wp\/v2\/comments?post=3499"}],"version-history":[{"count":6,"href":"https:\/\/dfkr.eu\/fr\/wp-json\/wp\/v2\/pages\/3499\/revisions"}],"predecessor-version":[{"id":3507,"href":"https:\/\/dfkr.eu\/fr\/wp-json\/wp\/v2\/pages\/3499\/revisions\/3507"}],"wp:attachment":[{"href":"https:\/\/dfkr.eu\/fr\/wp-json\/wp\/v2\/media?parent=3499"}],"curies":[{"name":"wp","href":"https:\/\/api.w.org\/{rel}","templated":true}]}}