{"id":3494,"date":"2025-02-19T09:51:39","date_gmt":"2025-02-19T08:51:39","guid":{"rendered":"https:\/\/dfkr.eu\/accessibilite\/"},"modified":"2025-05-13T14:13:56","modified_gmt":"2025-05-13T12:13:56","slug":"accessibilite","status":"publish","type":"page","link":"https:\/\/dfkr.eu\/fr\/accessibilite\/","title":{"rendered":"Accessibilit\u00e9"},"content":{"rendered":"<!-- RS_MODULE_CODE_2.5.3-ml --><div id=\"readspeaker_button3494\" class=\"rs_skip rsbtn rs_preserve\"><a class=\"rsbtn_play\" title=\"Ecouter le texte avec ReadSpeaker\" href=\"https:\/\/app-eu.readspeaker.com\/cgi-bin\/rsent?customerid=14814&amp;lang=fr_fr&amp;readid=rspeak_read_3494&amp;url=https%3A%2F%2Fdfkr.eu%2Ffr%2Fwp-json%2Fwp%2Fv2%2Fpages%2F3494\"><span class=\"rsbtn_left rsimg rspart\"><span class=\"rsbtn_text\"><span>Ecouter<\/span><\/span><\/span><span class=\"rsbtn_right rsimg rsplay rspart\"><\/span><\/a><\/div><div id=\"rspeak_read_3494\"><!--themify_builder_content-->\n<div id=\"themify_builder_content-3494\" data-postid=\"3494\" class=\"themify_builder_content themify_builder_content-3494 themify_builder tf_clear\">\n                    <div  data-lazy=\"1\" class=\"module_row themify_builder_row tb_ssgk926 tb_first tf_w\">\n                        <div class=\"row_inner col_align_top tb_col_count_1 tf_box tf_rel\">\n                        <div  data-lazy=\"1\" class=\"module_column tb-column col-full tb_86dp927 first\">\n                    <!-- module text -->\n<div  class=\"module module-text tb_3lc9695   \" data-lazy=\"1\">\n        <div  class=\"tb_text_wrap\">\n        <p class=\"bodytext\">L\u2019acc\u00e8s sans obstacle au contenu de notre site Web est important pour nous. En adh\u00e9rant \u00e0 des normes et \u00e0 une structure claire et simple de notre site Web, nous souhaitons offrir \u00e0 tous l&rsquo;acc\u00e8s \u00e0 notre page d&rsquo;accueil.<br>La programmation et la conception de notre site Web sont bas\u00e9es sur la r\u00e9glementation relative \u00e0 la cr\u00e9ation de technologies de l&rsquo;information sans obstacle. <\/p>\n<p>Afin de rendre le contenu de ce site Web accessible au plus grand nombre possible de personnes pr\u00e9sentant diff\u00e9rents handicaps, nous avons utilis\u00e9 les \u00e9l\u00e9ments sans obstacle suivants :<\/p>\n<ul>\n<li>Nous utilisons le webReader et le docReader de ReadSpeaker, qui permettent la lecture \u00e0 haute voix du contenu textuel et des documents PDF fournis sur notre page d&rsquo;accueil (vous trouverez plus d&rsquo;informations sur son utilisation <a href=\"https:\/\/dfkr.eu\/wie-man-die-hoerfunktion-verwendet\/\" target=\"_blank\" rel=\"noopener\">ici<\/a>).<\/li>\n<li>Les contrastes de couleurs ont \u00e9t\u00e9 v\u00e9rifi\u00e9s.<\/li>\n<li>La police et la mise en page peuvent \u00eatre mises \u00e0 l&rsquo;\u00e9chelle \u00e0 l&rsquo;aide de la fonction de zoom du navigateur.<\/li>\n<li>Textseiten werden so gestaltet und gegliedert, dass sie strukturiert und gut lesbar sind.<\/li>\n<li>La conception du site Web n\u2019utilise pas de repr\u00e9sentations tabulaires.<\/li>\n<li>Les pages centrales sont bas\u00e9es sur une mise en page CSS pure. Il n\u2019y a pas de graphiques de mise en page qui pourraient restreindre gravement l\u2019accessibilit\u00e9. <\/li>\n<li>Nous pr\u00eatons attention \u00e0 la syntaxe HTML correcte et utilisons les normes HTML5 pour les zones de page individuelles.<\/li>\n<\/ul>    <\/div>\n<\/div>\n<!-- \/module text --><!-- module text -->\n<div  class=\"module module-text tb_lhov149   \" data-lazy=\"1\">\n        <div  class=\"tb_text_wrap\">\n        <h3>Publication du site Web et cr\u00e9ation de cette d\u00e9claration d&rsquo;accessibilit\u00e9<\/h3>\n<p>Ce site Web a \u00e9t\u00e9 publi\u00e9 le 24 f\u00e9vrier 2025.<br>Cette d\u00e9claration d\u2019accessibilit\u00e9 a \u00e9t\u00e9 mise \u00e0 jour le 25 f\u00e9vrier 2025.<\/p>    <\/div>\n<\/div>\n<!-- \/module text -->        <\/div>\n                        <\/div>\n        <\/div>\n        <\/div>\n<!--\/themify_builder_content-->\n<\/div>","protected":false},"excerpt":{"rendered":"<p><!-- RS_MODULE_CODE_2.5.3-ml --><\/p>\n<div id=\"readspeaker_button3494\" class=\"rs_skip rsbtn rs_preserve\"><a class=\"rsbtn_play\" title=\"Ecouter le texte avec ReadSpeaker\" href=\"https:\/\/app-eu.readspeaker.com\/cgi-bin\/rsent?customerid=14814&amp;lang=fr_fr&amp;readid=rspeak_read_3494&amp;url=https%3A%2F%2Fdfkr.eu%2Ffr%2Fwp-json%2Fwp%2Fv2%2Fpages%2F3494\"><span class=\"rsbtn_left rsimg rspart\"><span class=\"rsbtn_text\"><span>Ecouter<\/span><\/span><\/span><span class=\"rsbtn_right rsimg rsplay rspart\"><\/span><\/a><\/div>\n<div id=\"rspeak_read_3494\"> L\u2019acc\u00e8s sans obstacle au contenu de notre site Web est important pour nous. En adh\u00e9rant \u00e0 des normes et \u00e0 une structure claire et simple de notre site Web, nous souhaitons offrir \u00e0 tous l&rsquo;acc\u00e8s \u00e0 notre page d&rsquo;accueil.La programmation et la conception de notre site Web sont bas\u00e9es sur la r\u00e9glementation relative \u00e0 [&hellip;]<\/div>\n","protected":false},"author":1,"featured_media":0,"parent":0,"menu_order":0,"comment_status":"closed","ping_status":"closed","template":"","meta":{"footnotes":""},"class_list":["post-3494","page","type-page","status-publish","hentry","has-post-title","has-post-date","has-post-category","has-post-tag","has-post-comment","has-post-author",""],"builder_content":"<p>L\u2019acc\u00e8s sans obstacle au contenu de notre site Web est important pour nous. En adh\u00e9rant \u00e0 des normes et \u00e0 une structure claire et simple de notre site Web, nous souhaitons offrir \u00e0 tous l'acc\u00e8s \u00e0 notre page d'accueil.<br>La programmation et la conception de notre site Web sont bas\u00e9es sur la r\u00e9glementation relative \u00e0 la cr\u00e9ation de technologies de l'information sans obstacle. <\/p> <p>Afin de rendre le contenu de ce site Web accessible au plus grand nombre possible de personnes pr\u00e9sentant diff\u00e9rents handicaps, nous avons utilis\u00e9 les \u00e9l\u00e9ments sans obstacle suivants :<\/p> <ul> <li>Nous utilisons le webReader et le docReader de ReadSpeaker, qui permettent la lecture \u00e0 haute voix du contenu textuel et des documents PDF fournis sur notre page d'accueil (vous trouverez plus d'informations sur son utilisation <a href=\"https:\/\/dfkr.eu\/wie-man-die-hoerfunktion-verwendet\/\" target=\"_blank\" rel=\"noopener\">ici<\/a>).<\/li> <li>Les contrastes de couleurs ont \u00e9t\u00e9 v\u00e9rifi\u00e9s.<\/li> <li>La police et la mise en page peuvent \u00eatre mises \u00e0 l'\u00e9chelle \u00e0 l'aide de la fonction de zoom du navigateur.<\/li> <li>Textseiten werden so gestaltet und gegliedert, dass sie strukturiert und gut lesbar sind.<\/li> <li>La conception du site Web n\u2019utilise pas de repr\u00e9sentations tabulaires.<\/li> <li>Les pages centrales sont bas\u00e9es sur une mise en page CSS pure. Il n\u2019y a pas de graphiques de mise en page qui pourraient restreindre gravement l\u2019accessibilit\u00e9. <\/li> <li>Nous pr\u00eatons attention \u00e0 la syntaxe HTML correcte et utilisons les normes HTML5 pour les zones de page individuelles.<\/li> <\/ul>\n<h3>Publication du site Web et cr\u00e9ation de cette d\u00e9claration d'accessibilit\u00e9<\/h3> <p>Ce site Web a \u00e9t\u00e9 publi\u00e9 le 24 f\u00e9vrier 2025.<br>Cette d\u00e9claration d\u2019accessibilit\u00e9 a \u00e9t\u00e9 mise \u00e0 jour le 25 f\u00e9vrier 2025.<\/p>","_links":{"self":[{"href":"https:\/\/dfkr.eu\/fr\/wp-json\/wp\/v2\/pages\/3494","targetHints":{"allow":["GET"]}}],"collection":[{"href":"https:\/\/dfkr.eu\/fr\/wp-json\/wp\/v2\/pages"}],"about":[{"href":"https:\/\/dfkr.eu\/fr\/wp-json\/wp\/v2\/types\/page"}],"author":[{"embeddable":true,"href":"https:\/\/dfkr.eu\/fr\/wp-json\/wp\/v2\/users\/1"}],"replies":[{"embeddable":true,"href":"https:\/\/dfkr.eu\/fr\/wp-json\/wp\/v2\/comments?post=3494"}],"version-history":[{"count":4,"href":"https:\/\/dfkr.eu\/fr\/wp-json\/wp\/v2\/pages\/3494\/revisions"}],"predecessor-version":[{"id":3498,"href":"https:\/\/dfkr.eu\/fr\/wp-json\/wp\/v2\/pages\/3494\/revisions\/3498"}],"wp:attachment":[{"href":"https:\/\/dfkr.eu\/fr\/wp-json\/wp\/v2\/media?parent=3494"}],"curies":[{"name":"wp","href":"https:\/\/api.w.org\/{rel}","templated":true}]}}