{"id":3476,"date":"2025-02-06T19:54:23","date_gmt":"2025-02-06T18:54:23","guid":{"rendered":"https:\/\/dfkr.eu\/objectifs\/"},"modified":"2025-05-13T11:51:56","modified_gmt":"2025-05-13T09:51:56","slug":"objectifs","status":"publish","type":"page","link":"https:\/\/dfkr.eu\/fr\/objectifs\/","title":{"rendered":"Objectifs"},"content":{"rendered":"<!-- RS_MODULE_CODE_2.5.3-ml --><div id=\"readspeaker_button3476\" class=\"rs_skip rsbtn rs_preserve\"><a class=\"rsbtn_play\" title=\"Ecouter le texte avec ReadSpeaker\" href=\"https:\/\/app-eu.readspeaker.com\/cgi-bin\/rsent?customerid=14814&amp;lang=fr_fr&amp;readid=rspeak_read_3476&amp;url=https%3A%2F%2Fdfkr.eu%2Ffr%2Fwp-json%2Fwp%2Fv2%2Fpages%2F3476\"><span class=\"rsbtn_left rsimg rspart\"><span class=\"rsbtn_text\"><span>Ecouter<\/span><\/span><\/span><span class=\"rsbtn_right rsimg rsplay rspart\"><\/span><\/a><\/div><div id=\"rspeak_read_3476\"><!--themify_builder_content-->\n<div id=\"themify_builder_content-3476\" data-postid=\"3476\" class=\"themify_builder_content themify_builder_content-3476 themify_builder tf_clear\">\n                    <div  data-lazy=\"1\" class=\"module_row themify_builder_row tb_v9lz130 tb_first tf_w\">\n                        <div class=\"row_inner col_align_top tb_col_count_1 tf_box tf_rel\">\n                        <div  data-lazy=\"1\" class=\"module_column tb-column col-full tb_6fnj131 first\">\n                    <!-- module text -->\n<div  class=\"module module-text tb_swf3853   \" data-lazy=\"1\">\n        <div  class=\"tb_text_wrap\">\n        <h1>Les Objectifs<\/h1>    <\/div>\n<\/div>\n<!-- \/module text -->        <\/div>\n                        <\/div>\n        <\/div>\n                        <div  data-lazy=\"1\" class=\"module_row themify_builder_row tb_3fx0071 tf_w\">\n                        <div class=\"row_inner col_align_top tb_col_count_2 tf_box tf_rel\">\n                        <div  data-lazy=\"1\" class=\"module_column tb-column col4-2 tb_bv7t167 first\">\n                    <!-- module text -->\n<div  class=\"module module-text tb_1nl8001   \" data-lazy=\"1\">\n        <div  class=\"tb_text_wrap\">\n        <p>Depuis sa cr\u00e9ation, le Haut Conseil culturel franco-allemand (HCCFA) accompagne et promeut la coop\u00e9ration culturelle franco-allemande et europ\u00e9enne. Il ne s\u2019agit pas de poursuivre un agenda politico-culturel propre mais de se saisir de questions d\u2019actualit\u00e9 et de formuler des positions franco-allemandes \u00e0 ce sujet. <\/p>\n<p><span style=\"font-weight: bold\">Dans l&rsquo;\u00e9change de lettres portant cr\u00e9ation du HCCFA (22 janvier 1988), celui-ci s&rsquo;est vu assign\u00e9 trois t\u00e2ches :<\/span><\/p>\n<ol>\n<li>susciter de l&rsquo;int\u00e9r\u00eat pour les activit\u00e9s culturelles communes,<\/li>\n<li>soumettre des propositions aux deux gouvernements sur la fa\u00e7on dont ces activit\u00e9s peuvent \u00eatre promues,<\/li>\n<li>contribuer \u00e0 ce que les informations essentielles concernant la coop\u00e9ration culturelle des deux pays soient rassembl\u00e9es et rendues accessibles au public int\u00e9ress\u00e9.<\/li>\n<\/ol>\n<p>Depuis sa cr\u00e9ation, le Conseil a initi\u00e9 et soutenu de nombreux projets au cours de ses pr\u00e9c\u00e9dents mandats, gr\u00e2ce \u00e0 l&rsquo;engagement b\u00e9n\u00e9vole de ses membres allemands et fran\u00e7ais ainsi que de ses deux secr\u00e9tariats g\u00e9n\u00e9raux. Il a \u00e9galement rempli avec succ\u00e8s sa fonction de comit\u00e9 de consultation pour les gouvernements fran\u00e7ais et allemand avec, <\/p>    <\/div>\n<\/div>\n<!-- \/module text -->        <\/div>\n                    <div  data-lazy=\"1\" class=\"module_column tb-column col4-2 tb_o2um99 last\">\n                            <\/div>\n                        <\/div>\n        <\/div>\n                        <div  data-lazy=\"1\" class=\"module_row themify_builder_row tb_jzny967 tf_w\">\n                        <div class=\"row_inner col_align_top tb_col_count_2 tf_box tf_rel\">\n                        <div  data-lazy=\"1\" class=\"module_column tb-column col4-2 tb_xwot967 first\">\n                    <!-- module text -->\n<div  class=\"module module-text tb_k87k967   \" data-lazy=\"1\">\n        <div  class=\"tb_text_wrap\">\n        <p><span style=\"font-weight: bold;font-size: 1.1em\">entre autres, la mise en \u0153uvre des objectifs suivants :<\/span><\/p>\n<ul>\n<li>soutien de la langue et de la culture du voisin,<\/li>\n<li>int\u00e9gration de la soci\u00e9t\u00e9 civile,<\/li>\n<li>promotion de la coop\u00e9ration avec les pays tiers d&rsquo;Europe centrale et orientale dans le cadre du triangle de Weimar,<\/li>\n<li>harmonisation des points de vue allemands et fran\u00e7ais sur la question des droits d&rsquo;auteur sur la sc\u00e8ne europ\u00e9enne.<\/li>\n<\/ul>    <\/div>\n<\/div>\n<!-- \/module text -->        <\/div>\n                    <div  data-lazy=\"1\" class=\"module_column tb-column col4-2 tb_v3ad967 last\">\n                            <\/div>\n                        <\/div>\n        <\/div>\n                        <div  data-lazy=\"1\" class=\"module_row themify_builder_row tb_lf6v67 tf_w\">\n                        <div class=\"row_inner col_align_top tb_col_count_1 tf_box tf_rel\">\n                        <div  data-lazy=\"1\" class=\"module_column tb-column col-full tb_bp0x67 first\">\n                    <!-- module text -->\n<div  class=\"module module-text tb_0jmg98   \" data-lazy=\"1\">\n        <div  class=\"tb_text_wrap\">\n        <h5>\u00c9change de notes<\/h5>    <\/div>\n<\/div>\n<!-- \/module text --><!-- module plain text -->\n<div  class=\"module module-plain-text tb_qsk3680 \" data-lazy=\"1\">\n        <div class=\"tb_text_wrap\">\n    <a rel=\"nofollow\" href=\"https:\/\/docreader-eu.readspeaker.com\/docreader\/?cid=14814&amp;lang=de_de&amp;url=https:\/\/dfkr.eu\/wp-content\/uploads\/2025\/02\/LettreAL_Notenwechsel.pdf\" title=\"Ouvrez ce document avec ReadSpeaker docReader\" style=\"text-decoration: none;margin-left: 26px;color: #000091;font-weight: bold\"> <img decoding=\"async\" src=\"https:\/\/dfkr.eu\/wp-content\/uploads\/2025\/02\/rs-listen-icon.png\" style=\"border-style: none;margin-top: 6px;vertical-align: text-top\" alt=\"ReadSpeaker\"> Lire \u00e0 voix haute<\/a>    <\/div>\n<\/div>\n<!-- \/module plain text --><!-- module buttons -->\n<div  class=\"module module-buttons tb_jqxh565 buttons-horizontal outline   rounded\" data-lazy=\"1\">\n        <div class=\"module-buttons-item tf_in_flx\">\n                        <a href=\"https:\/\/dfkr.eu\/wp-content\/uploads\/2025\/02\/LettreAL_Notenwechsel.pdf\" class=\"ui builder_button tf_in_flx red\" target=\"_blank\" rel=\"noopener\">\n                                    <em><svg  class=\"tf_fa tf-ti-download\" xmlns:xlink=\"http:\/\/www.w3.org\/1999\/xlink\" aria-hidden=\"true\"><use href=\"#tf-ti-download\" xlink:href=\"#tf-ti-download\"><\/use><\/svg><\/em>                                        T\u00e9l\u00e9charger le document PDF                                        <\/a>\n                <\/div>\n            <\/div>\n<!-- \/module buttons -->\n        <\/div>\n                        <\/div>\n        <\/div>\n        <\/div>\n<!--\/themify_builder_content-->\n<\/div>","protected":false},"excerpt":{"rendered":"<p><!-- RS_MODULE_CODE_2.5.3-ml --><\/p>\n<div id=\"readspeaker_button3476\" class=\"rs_skip rsbtn rs_preserve\"><a class=\"rsbtn_play\" title=\"Ecouter le texte avec ReadSpeaker\" href=\"https:\/\/app-eu.readspeaker.com\/cgi-bin\/rsent?customerid=14814&amp;lang=fr_fr&amp;readid=rspeak_read_3476&amp;url=https%3A%2F%2Fdfkr.eu%2Ffr%2Fwp-json%2Fwp%2Fv2%2Fpages%2F3476\"><span class=\"rsbtn_left rsimg rspart\"><span class=\"rsbtn_text\"><span>Ecouter<\/span><\/span><\/span><span class=\"rsbtn_right rsimg rsplay rspart\"><\/span><\/a><\/div>\n<div id=\"rspeak_read_3476\"> Les Objectifs Depuis sa cr\u00e9ation, le Haut Conseil culturel franco-allemand (HCCFA) accompagne et promeut la coop\u00e9ration culturelle franco-allemande et europ\u00e9enne. Il ne s\u2019agit pas de poursuivre un agenda politico-culturel propre mais de se saisir de questions d\u2019actualit\u00e9 et de formuler des positions franco-allemandes \u00e0 ce sujet. Dans l&rsquo;\u00e9change de lettres portant cr\u00e9ation du HCCFA [&hellip;]<\/div>\n","protected":false},"author":1,"featured_media":0,"parent":0,"menu_order":0,"comment_status":"closed","ping_status":"closed","template":"","meta":{"footnotes":""},"class_list":["post-3476","page","type-page","status-publish","hentry","has-post-title","has-post-date","has-post-category","has-post-tag","has-post-comment","has-post-author",""],"builder_content":"<h1>Les Objectifs<\/h1>\n<p>Depuis sa cr\u00e9ation, le Haut Conseil culturel franco-allemand (HCCFA) accompagne et promeut la coop\u00e9ration culturelle franco-allemande et europ\u00e9enne. Il ne s\u2019agit pas de poursuivre un agenda politico-culturel propre mais de se saisir de questions d\u2019actualit\u00e9 et de formuler des positions franco-allemandes \u00e0 ce sujet. <\/p> <p>Dans l'\u00e9change de lettres portant cr\u00e9ation du HCCFA (22 janvier 1988), celui-ci s'est vu assign\u00e9 trois t\u00e2ches :<\/p> <ol> <li>susciter de l'int\u00e9r\u00eat pour les activit\u00e9s culturelles communes,<\/li> <li>soumettre des propositions aux deux gouvernements sur la fa\u00e7on dont ces activit\u00e9s peuvent \u00eatre promues,<\/li> <li>contribuer \u00e0 ce que les informations essentielles concernant la coop\u00e9ration culturelle des deux pays soient rassembl\u00e9es et rendues accessibles au public int\u00e9ress\u00e9.<\/li> <\/ol> <p>Depuis sa cr\u00e9ation, le Conseil a initi\u00e9 et soutenu de nombreux projets au cours de ses pr\u00e9c\u00e9dents mandats, gr\u00e2ce \u00e0 l'engagement b\u00e9n\u00e9vole de ses membres allemands et fran\u00e7ais ainsi que de ses deux secr\u00e9tariats g\u00e9n\u00e9raux. Il a \u00e9galement rempli avec succ\u00e8s sa fonction de comit\u00e9 de consultation pour les gouvernements fran\u00e7ais et allemand avec, <\/p>\n<p>entre autres, la mise en \u0153uvre des objectifs suivants :<\/p> <ul> <li>soutien de la langue et de la culture du voisin,<\/li> <li>int\u00e9gration de la soci\u00e9t\u00e9 civile,<\/li> <li>promotion de la coop\u00e9ration avec les pays tiers d'Europe centrale et orientale dans le cadre du triangle de Weimar,<\/li> <li>harmonisation des points de vue allemands et fran\u00e7ais sur la question des droits d'auteur sur la sc\u00e8ne europ\u00e9enne.<\/li> <\/ul>\n<h5>\u00c9change de notes<\/h5>\n<a rel=\"nofollow\" href=\"https:\/\/docreader-eu.readspeaker.com\/docreader\/?cid=14814&amp;lang=de_de&amp;url=https:\/\/dfkr.eu\/wp-content\/uploads\/2025\/02\/LettreAL_Notenwechsel.pdf\" title=\"Ouvrez ce document avec ReadSpeaker docReader\" style=\"text-decoration: none;margin-left: 26px;color: #000091;font-weight: bold\"> <img decoding=\"async\" src=\"https:\/\/dfkr.eu\/wp-content\/uploads\/2025\/02\/rs-listen-icon.png\" style=\"border-style: none;margin-top: 6px;vertical-align: text-top\" alt=\"ReadSpeaker\"> Lire \u00e0 voix haute<\/a>\n<a href=\"https:\/\/dfkr.eu\/wp-content\/uploads\/2025\/02\/LettreAL_Notenwechsel.pdf\" target=\"_blank\" rel=\"noopener\"> <em><svg xmlns:xlink=\"http:\/\/www.w3.org\/1999\/xlink\" aria-hidden=\"true\"><use href=\"#tf-ti-download\" xlink:href=\"#tf-ti-download\"><\/use><\/svg><\/em> T\u00e9l\u00e9charger le document PDF <\/a>","_links":{"self":[{"href":"https:\/\/dfkr.eu\/fr\/wp-json\/wp\/v2\/pages\/3476","targetHints":{"allow":["GET"]}}],"collection":[{"href":"https:\/\/dfkr.eu\/fr\/wp-json\/wp\/v2\/pages"}],"about":[{"href":"https:\/\/dfkr.eu\/fr\/wp-json\/wp\/v2\/types\/page"}],"author":[{"embeddable":true,"href":"https:\/\/dfkr.eu\/fr\/wp-json\/wp\/v2\/users\/1"}],"replies":[{"embeddable":true,"href":"https:\/\/dfkr.eu\/fr\/wp-json\/wp\/v2\/comments?post=3476"}],"version-history":[{"count":1,"href":"https:\/\/dfkr.eu\/fr\/wp-json\/wp\/v2\/pages\/3476\/revisions"}],"predecessor-version":[{"id":3477,"href":"https:\/\/dfkr.eu\/fr\/wp-json\/wp\/v2\/pages\/3476\/revisions\/3477"}],"wp:attachment":[{"href":"https:\/\/dfkr.eu\/fr\/wp-json\/wp\/v2\/media?parent=3476"}],"curies":[{"name":"wp","href":"https:\/\/api.w.org\/{rel}","templated":true}]}}